{"id":104,"date":"2024-03-14T18:55:31","date_gmt":"2024-03-14T17:55:31","guid":{"rendered":"https:\/\/regaloscondulcura.com\/?page_id=104"},"modified":"2024-04-04T17:16:03","modified_gmt":"2024-04-04T15:16:03","slug":"regalos-para-hombres","status":"publish","type":"page","link":"https:\/\/regaloscondulcura.com\/index.php\/regalos-para-hombres\/","title":{"rendered":"Regalos para hombres"},"content":{"rendered":"\n<p>\u00a1Descubre los regalos perfectos para \u00e9l en nuestra tienda!<\/p>\n\n\n\n<p>En Regalos para Hombre, entendemos que cada hombre es \u00fanico y especial, por lo que hemos seleccionado cuidadosamente una amplia variedad de opciones que se adaptan a todos los gustos y personalidades.<\/p>\n\n\n\n<p>Desde elegantes accesorios de moda hasta tecnolog\u00eda de vanguardia, pasando por experiencias emocionantes y herramientas \u00fatiles, nuestra colecci\u00f3n ofrece algo para cada tipo de hombre. \u00bfEst\u00e1 buscando un regalo para un aventurero al aire libre, un aficionado a la tecnolog\u00eda, un entusiasta del deporte o un amante de la buena comida? No importa cu\u00e1l sea su pasi\u00f3n, tenemos el regalo perfecto que lo sorprender\u00e1 y lo har\u00e1 sentir especial.<\/p>\n\n\n\n<div class=\"wp-block-columns is-layout-flex wp-container-core-columns-is-layout-1 wp-block-columns-is-layout-flex\">\n<div class=\"wp-block-column is-layout-flow wp-block-column-is-layout-flow\">\n<figure class=\"wp-block-image size-full\"><a href=\"https:\/\/amzn.to\/4cu92yX\"><img loading=\"lazy\" decoding=\"async\" width=\"522\" height=\"790\" src=\"https:\/\/regaloscondulcura.com\/wp-content\/uploads\/2024\/03\/51Tk9vKoxtL._AC_SX522_.jpg\" alt=\"\" class=\"wp-image-109\" srcset=\"https:\/\/regaloscondulcura.com\/wp-content\/uploads\/2024\/03\/51Tk9vKoxtL._AC_SX522_.jpg 522w, https:\/\/regaloscondulcura.com\/wp-content\/uploads\/2024\/03\/51Tk9vKoxtL._AC_SX522_-198x300.jpg 198w\" sizes=\"auto, (max-width: 522px) 100vw, 522px\" \/><\/a><\/figure>\n\n\n\n<div class=\"wp-block-buttons is-layout-flex wp-block-buttons-is-layout-flex\">\n<div class=\"wp-block-button\"><a class=\"wp-block-button__link wp-element-button\" href=\"https:\/\/amzn.to\/4cu92yX\"> primavera<\/a><\/div>\n<\/div>\n<\/div>\n\n\n\n<div class=\"wp-block-column is-layout-flow wp-block-column-is-layout-flow\">\n<figure class=\"wp-block-image size-full is-resized\"><a href=\"https:\/\/amzn.to\/499JhAJ\"><img loading=\"lazy\" decoding=\"async\" width=\"867\" height=\"473\" src=\"https:\/\/regaloscondulcura.com\/wp-content\/uploads\/2024\/03\/51EEwexs2FL._AC_SY695_.jpg\" alt=\"\" class=\"wp-image-762\" style=\"width:323px;height:auto\" srcset=\"https:\/\/regaloscondulcura.com\/wp-content\/uploads\/2024\/03\/51EEwexs2FL._AC_SY695_.jpg 867w, https:\/\/regaloscondulcura.com\/wp-content\/uploads\/2024\/03\/51EEwexs2FL._AC_SY695_-300x164.jpg 300w, https:\/\/regaloscondulcura.com\/wp-content\/uploads\/2024\/03\/51EEwexs2FL._AC_SY695_-768x419.jpg 768w\" sizes=\"auto, (max-width: 867px) 100vw, 867px\" \/><\/a><\/figure>\n\n\n\n<div class=\"wp-block-buttons is-layout-flex wp-block-buttons-is-layout-flex\">\n<div class=\"wp-block-button\"><a class=\"wp-block-button__link wp-element-button\" href=\"https:\/\/amzn.to\/499JhAJ\"> primavera<\/a><\/div>\n<\/div>\n\n\n\n<p>PUMA Smash V2 L, Zapatillas de Deporte Unisex Adulto<\/p>\n<\/div>\n\n\n\n<div class=\"wp-block-column is-layout-flow wp-block-column-is-layout-flow\">\n<figure class=\"wp-block-image size-full is-resized\"><a href=\"https:\/\/amzn.to\/4cjP1uP\"><img loading=\"lazy\" decoding=\"async\" width=\"1388\" height=\"1500\" src=\"https:\/\/regaloscondulcura.com\/wp-content\/uploads\/2024\/03\/71bsxhqU5LS._AC_SL1500_.jpg\" alt=\"\" class=\"wp-image-113\" style=\"width:462px;height:auto\" srcset=\"https:\/\/regaloscondulcura.com\/wp-content\/uploads\/2024\/03\/71bsxhqU5LS._AC_SL1500_.jpg 1388w, https:\/\/regaloscondulcura.com\/wp-content\/uploads\/2024\/03\/71bsxhqU5LS._AC_SL1500_-278x300.jpg 278w, https:\/\/regaloscondulcura.com\/wp-content\/uploads\/2024\/03\/71bsxhqU5LS._AC_SL1500_-948x1024.jpg 948w, https:\/\/regaloscondulcura.com\/wp-content\/uploads\/2024\/03\/71bsxhqU5LS._AC_SL1500_-768x830.jpg 768w\" sizes=\"auto, (max-width: 1388px) 100vw, 1388px\" \/><\/a><\/figure>\n\n\n\n<div class=\"wp-block-buttons is-layout-flex wp-block-buttons-is-layout-flex\">\n<div class=\"wp-block-button\"><a class=\"wp-block-button__link wp-element-button\" href=\"https:\/\/amzn.to\/4cjP1uP\"> primavera<\/a><\/div>\n<\/div>\n<\/div>\n<\/div>\n\n\n\n<p><br>Regalar Hombre es tu destino ideal para encontrar el regalo perfecto para ese hombre especial en tu vida. Con una cuidadosa selecci\u00f3n de productos que van desde elegantes accesorios hasta gadgets tecnol\u00f3gicos de vanguardia y experiencias emocionantes, estamos aqu\u00ed para ayudarte a sorprender y deleitar a ese hombre importante en cualquier ocasi\u00f3n. Con atenci\u00f3n al detalle y un servicio al cliente excepcional, hacemos que la b\u00fasqueda y compra del regalo ideal sea f\u00e1cil y placentera. \u00a1Haz que su d\u00eda sea a\u00fan m\u00e1s especial con un regalo que demuestre cu\u00e1nto te importa!<\/p>\n\n\n\n<p>En resumen, en Regalar Hombre nos dedicamos a hacer que la experiencia de regalar sea f\u00e1cil, emocionante y memorable. Ya sea para un cumplea\u00f1os, un aniversario, o simplemente para expresar tu aprecio, estamos aqu\u00ed para ayudarte a encontrar el regalo perfecto que har\u00e1 que ese hombre especial se sienta a\u00fan m\u00e1s valorado y querido<\/p>\n\n\n\n<div class=\"wp-block-columns is-layout-flex wp-container-core-columns-is-layout-2 wp-block-columns-is-layout-flex\">\n<div class=\"wp-block-column is-layout-flow wp-block-column-is-layout-flow\">\n<figure class=\"wp-block-image size-large\"><a href=\"https:\/\/amzn.to\/4chH9de\"><img loading=\"lazy\" decoding=\"async\" width=\"1024\" height=\"420\" src=\"https:\/\/regaloscondulcura.com\/wp-content\/uploads\/2024\/03\/0c6ed099-7edd-42e7-ac1d-fa80f2caf5ac.__CR344306745451863_PT0_SX1464_V1___-1024x420.jpg\" alt=\"\" class=\"wp-image-123\" srcset=\"https:\/\/regaloscondulcura.com\/wp-content\/uploads\/2024\/03\/0c6ed099-7edd-42e7-ac1d-fa80f2caf5ac.__CR344306745451863_PT0_SX1464_V1___-1024x420.jpg 1024w, https:\/\/regaloscondulcura.com\/wp-content\/uploads\/2024\/03\/0c6ed099-7edd-42e7-ac1d-fa80f2caf5ac.__CR344306745451863_PT0_SX1464_V1___-300x123.jpg 300w, https:\/\/regaloscondulcura.com\/wp-content\/uploads\/2024\/03\/0c6ed099-7edd-42e7-ac1d-fa80f2caf5ac.__CR344306745451863_PT0_SX1464_V1___-768x315.jpg 768w, https:\/\/regaloscondulcura.com\/wp-content\/uploads\/2024\/03\/0c6ed099-7edd-42e7-ac1d-fa80f2caf5ac.__CR344306745451863_PT0_SX1464_V1___.jpg 1464w\" sizes=\"auto, (max-width: 1024px) 100vw, 1024px\" \/><\/a><\/figure>\n\n\n\n<div class=\"wp-block-buttons is-layout-flex wp-block-buttons-is-layout-flex\">\n<div class=\"wp-block-button\"><a class=\"wp-block-button__link wp-element-button\" href=\"https:\/\/amzn.to\/4chH9de\">ver producto<\/a><\/div>\n<\/div>\n<\/div>\n\n\n\n<div class=\"wp-block-column is-layout-flow wp-block-column-is-layout-flow\">\n<figure class=\"wp-block-image size-full\"><a href=\"https:\/\/amzn.to\/3VH2ln7\"><img loading=\"lazy\" decoding=\"async\" width=\"679\" height=\"845\" src=\"https:\/\/regaloscondulcura.com\/wp-content\/uploads\/2024\/04\/61FJFTsBNL._AC_SX679_.jpg\" alt=\"\" class=\"wp-image-966\" srcset=\"https:\/\/regaloscondulcura.com\/wp-content\/uploads\/2024\/04\/61FJFTsBNL._AC_SX679_.jpg 679w, https:\/\/regaloscondulcura.com\/wp-content\/uploads\/2024\/04\/61FJFTsBNL._AC_SX679_-241x300.jpg 241w\" sizes=\"auto, (max-width: 679px) 100vw, 679px\" \/><\/a><\/figure>\n\n\n\n<div class=\"wp-block-buttons is-layout-flex wp-block-buttons-is-layout-flex\">\n<div class=\"wp-block-button\"><a class=\"wp-block-button__link wp-element-button\" href=\"https:\/\/amzn.to\/3VH2ln7\">ver producto<\/a><\/div>\n<\/div>\n<\/div>\n<\/div>\n\n\n\n<div class=\"wp-block-columns is-layout-flex wp-container-core-columns-is-layout-3 wp-block-columns-is-layout-flex\">\n<div class=\"wp-block-column is-layout-flow wp-block-column-is-layout-flow\">\n<figure class=\"wp-block-image size-full\"><a href=\"https:\/\/amzn.to\/3Pp4X4V\"><img loading=\"lazy\" decoding=\"async\" width=\"535\" height=\"348\" src=\"https:\/\/regaloscondulcura.com\/wp-content\/uploads\/2024\/03\/51jFLPxtAXL._AC_SX535_.jpg\" alt=\"\" class=\"wp-image-251\" srcset=\"https:\/\/regaloscondulcura.com\/wp-content\/uploads\/2024\/03\/51jFLPxtAXL._AC_SX535_.jpg 535w, https:\/\/regaloscondulcura.com\/wp-content\/uploads\/2024\/03\/51jFLPxtAXL._AC_SX535_-300x195.jpg 300w\" sizes=\"auto, (max-width: 535px) 100vw, 535px\" \/><\/a><\/figure>\n\n\n\n<div class=\"wp-block-buttons is-layout-flex wp-block-buttons-is-layout-flex\">\n<div class=\"wp-block-button\"><a class=\"wp-block-button__link wp-element-button\" href=\"https:\/\/amzn.to\/3Pp4X4V\">ver producto<\/a><\/div>\n<\/div>\n<\/div>\n\n\n\n<div class=\"wp-block-column is-layout-flow wp-block-column-is-layout-flow\">\n<figure class=\"wp-block-image size-full\"><a href=\"https:\/\/amzn.to\/3IDFMrD\"><img loading=\"lazy\" decoding=\"async\" width=\"903\" height=\"551\" src=\"https:\/\/regaloscondulcura.com\/wp-content\/uploads\/2024\/03\/51h4753nd4L._AC_SY625_.jpg\" alt=\"\" class=\"wp-image-252\" srcset=\"https:\/\/regaloscondulcura.com\/wp-content\/uploads\/2024\/03\/51h4753nd4L._AC_SY625_.jpg 903w, https:\/\/regaloscondulcura.com\/wp-content\/uploads\/2024\/03\/51h4753nd4L._AC_SY625_-300x183.jpg 300w, https:\/\/regaloscondulcura.com\/wp-content\/uploads\/2024\/03\/51h4753nd4L._AC_SY625_-768x469.jpg 768w\" sizes=\"auto, (max-width: 903px) 100vw, 903px\" \/><\/a><\/figure>\n\n\n\n<div class=\"wp-block-buttons is-layout-flex wp-block-buttons-is-layout-flex\">\n<div class=\"wp-block-button\"><a class=\"wp-block-button__link wp-element-button\" href=\"https:\/\/amzn.to\/3IDFMrD\">ver producto<\/a><\/div>\n<\/div>\n<\/div>\n<\/div>\n\n\n\n<div class=\"wp-block-columns is-layout-flex wp-container-core-columns-is-layout-4 wp-block-columns-is-layout-flex\">\n<div class=\"wp-block-column is-layout-flow wp-block-column-is-layout-flow\" style=\"flex-basis:33.33%\">\n<figure class=\"wp-block-image size-large\"><a href=\"https:\/\/amzn.to\/3vgaHqZ\"><img loading=\"lazy\" decoding=\"async\" width=\"458\" height=\"1024\" src=\"https:\/\/regaloscondulcura.com\/wp-content\/uploads\/2024\/03\/51MCMcLoXL._AC_SX569_-1-458x1024.jpg\" alt=\"\" class=\"wp-image-739\" srcset=\"https:\/\/regaloscondulcura.com\/wp-content\/uploads\/2024\/03\/51MCMcLoXL._AC_SX569_-1-458x1024.jpg 458w, https:\/\/regaloscondulcura.com\/wp-content\/uploads\/2024\/03\/51MCMcLoXL._AC_SX569_-1-134x300.jpg 134w, https:\/\/regaloscondulcura.com\/wp-content\/uploads\/2024\/03\/51MCMcLoXL._AC_SX569_-1.jpg 520w\" sizes=\"auto, (max-width: 458px) 100vw, 458px\" \/><\/a><\/figure>\n\n\n\n<div class=\"wp-block-buttons is-layout-flex wp-block-buttons-is-layout-flex\">\n<div class=\"wp-block-button\"><a class=\"wp-block-button__link wp-element-button\" href=\"https:\/\/amzn.to\/3vgaHqZ\">primavera<\/a><\/div>\n<\/div>\n<\/div>\n\n\n\n<div class=\"wp-block-column is-layout-flow wp-block-column-is-layout-flow\" style=\"flex-basis:66.66%\">\n<figure class=\"wp-block-image size-full\"><a href=\"https:\/\/amzn.to\/3TKhIsr\"><img loading=\"lazy\" decoding=\"async\" width=\"569\" height=\"482\" src=\"https:\/\/regaloscondulcura.com\/wp-content\/uploads\/2024\/03\/81s52BH37-L._AC_SX569_.jpg\" alt=\"\" class=\"wp-image-743\" srcset=\"https:\/\/regaloscondulcura.com\/wp-content\/uploads\/2024\/03\/81s52BH37-L._AC_SX569_.jpg 569w, https:\/\/regaloscondulcura.com\/wp-content\/uploads\/2024\/03\/81s52BH37-L._AC_SX569_-300x254.jpg 300w\" sizes=\"auto, (max-width: 569px) 100vw, 569px\" \/><\/a><\/figure>\n\n\n\n<div class=\"wp-block-buttons is-layout-flex wp-block-buttons-is-layout-flex\">\n<div class=\"wp-block-button\"><a class=\"wp-block-button__link wp-element-button\" href=\"https:\/\/amzn.to\/3TKhIsr\">primavera<\/a><\/div>\n<\/div>\n\n\n\n<p>DANISH ENDURANCE Calcetines de Running, Antideslizantes, Calcetines Antiampollas, Hombres y Mujeres, 3 Pack<\/p>\n<\/div>\n<\/div>\n\n\n\n<div class=\"wp-block-columns is-layout-flex wp-container-core-columns-is-layout-5 wp-block-columns-is-layout-flex\">\n<div class=\"wp-block-column is-layout-flow wp-block-column-is-layout-flow\" style=\"flex-basis:33.33%\">\n<figure class=\"wp-block-image size-full\"><a href=\"https:\/\/amzn.to\/4axwcCx\"><img loading=\"lazy\" decoding=\"async\" width=\"679\" height=\"679\" src=\"https:\/\/regaloscondulcura.com\/wp-content\/uploads\/2024\/03\/719qTJ8iHRL._AC_SX679_-1.jpg\" alt=\"\" class=\"wp-image-927\" srcset=\"https:\/\/regaloscondulcura.com\/wp-content\/uploads\/2024\/03\/719qTJ8iHRL._AC_SX679_-1.jpg 679w, https:\/\/regaloscondulcura.com\/wp-content\/uploads\/2024\/03\/719qTJ8iHRL._AC_SX679_-1-300x300.jpg 300w, https:\/\/regaloscondulcura.com\/wp-content\/uploads\/2024\/03\/719qTJ8iHRL._AC_SX679_-1-150x150.jpg 150w\" sizes=\"auto, (max-width: 679px) 100vw, 679px\" \/><\/a><\/figure>\n\n\n\n<div class=\"wp-block-buttons is-layout-flex wp-block-buttons-is-layout-flex\">\n<div class=\"wp-block-button\"><a class=\"wp-block-button__link wp-element-button\" href=\"https:\/\/amzn.to\/4axwcCx\">ver producto<\/a><\/div>\n<\/div>\n<\/div>\n\n\n\n<div class=\"wp-block-column is-layout-flow wp-block-column-is-layout-flow\" style=\"flex-basis:66.66%\">\n<figure class=\"wp-block-image size-large\"><a href=\"https:\/\/amzn.to\/3PNkuMd\"><img loading=\"lazy\" decoding=\"async\" width=\"490\" height=\"1024\" src=\"https:\/\/regaloscondulcura.com\/wp-content\/uploads\/2024\/04\/711h97WV2wL._AC_SX569_-490x1024.jpg\" alt=\"\" class=\"wp-image-970\" srcset=\"https:\/\/regaloscondulcura.com\/wp-content\/uploads\/2024\/04\/711h97WV2wL._AC_SX569_-490x1024.jpg 490w, https:\/\/regaloscondulcura.com\/wp-content\/uploads\/2024\/04\/711h97WV2wL._AC_SX569_-144x300.jpg 144w, https:\/\/regaloscondulcura.com\/wp-content\/uploads\/2024\/04\/711h97WV2wL._AC_SX569_.jpg 569w\" sizes=\"auto, (max-width: 490px) 100vw, 490px\" \/><\/a><\/figure>\n\n\n\n<p>Levi&#8217;s 512 Slim Taper Vaqueros Hombre<\/p>\n\n\n\n<div class=\"wp-block-buttons is-layout-flex wp-block-buttons-is-layout-flex\">\n<div class=\"wp-block-button\"><a class=\"wp-block-button__link wp-element-button\" href=\"https:\/\/amzn.to\/3PNkuMd\">comprar <\/a><\/div>\n<\/div>\n<\/div>\n<\/div>\n","protected":false},"excerpt":{"rendered":"<p>\u00a1Descubre los regalos perfectos para \u00e9l en nuestra tienda! En Regalos para Hombre, entendemos que cada hombre es \u00fanico y [&hellip;]<\/p>\n","protected":false},"author":1,"featured_media":0,"parent":0,"menu_order":0,"comment_status":"closed","ping_status":"closed","template":"","meta":{"site-sidebar-layout":"default","site-content-layout":"","ast-site-content-layout":"","site-content-style":"default","site-sidebar-style":"default","ast-global-header-display":"","ast-banner-title-visibility":"","ast-main-header-display":"","ast-hfb-above-header-display":"","ast-hfb-below-header-display":"","ast-hfb-mobile-header-display":"","site-post-title":"","ast-breadcrumbs-content":"","ast-featured-img":"","footer-sml-layout":"","theme-transparent-header-meta":"","adv-header-id-meta":"","stick-header-meta":"","header-above-stick-meta":"","header-main-stick-meta":"","header-below-stick-meta":"","astra-migrate-meta-layouts":"default","ast-page-background-enabled":"default","ast-page-background-meta":{"desktop":{"background-color":"var(--ast-global-color-4)","background-image":"","background-repeat":"repeat","background-position":"center center","background-size":"auto","background-attachment":"scroll","background-type":"","background-media":"","overlay-type":"","overlay-color":"","overlay-gradient":""},"tablet":{"background-color":"","background-image":"","background-repeat":"repeat","background-position":"center center","background-size":"auto","background-attachment":"scroll","background-type":"","background-media":"","overlay-type":"","overlay-color":"","overlay-gradient":""},"mobile":{"background-color":"","background-image":"","background-repeat":"repeat","background-position":"center center","background-size":"auto","background-attachment":"scroll","background-type":"","background-media":"","overlay-type":"","overlay-color":"","overlay-gradient":""}},"ast-content-background-meta":{"desktop":{"background-color":"var(--ast-global-color-5)","background-image":"","background-repeat":"repeat","background-position":"center center","background-size":"auto","background-attachment":"scroll","background-type":"","background-media":"","overlay-type":"","overlay-color":"","overlay-gradient":""},"tablet":{"background-color":"var(--ast-global-color-5)","background-image":"","background-repeat":"repeat","background-position":"center center","background-size":"auto","background-attachment":"scroll","background-type":"","background-media":"","overlay-type":"","overlay-color":"","overlay-gradient":""},"mobile":{"background-color":"var(--ast-global-color-5)","background-image":"","background-repeat":"repeat","background-position":"center center","background-size":"auto","background-attachment":"scroll","background-type":"","background-media":"","overlay-type":"","overlay-color":"","overlay-gradient":""}},"footnotes":""},"class_list":["post-104","page","type-page","status-publish","hentry"],"yoast_head":"<!-- This site is optimized with the Yoast SEO plugin v24.5 - https:\/\/yoast.com\/wordpress\/plugins\/seo\/ -->\n<title>Regalos para hombres - regaloscondulcura.com<\/title>\n<meta name=\"description\" content=\"regalos para hombre, entendemos que cada hombre es \u00fanico y especial, por lo que hemos seleccionado cuidadosamente una amplia variedad\" \/>\n<meta name=\"robots\" content=\"index, follow, max-snippet:-1, max-image-preview:large, max-video-preview:-1\" \/>\n<link rel=\"canonical\" href=\"https:\/\/regaloscondulcura.com\/index.php\/regalos-para-hombres\/\" \/>\n<meta property=\"og:locale\" content=\"es_ES\" \/>\n<meta property=\"og:type\" content=\"article\" \/>\n<meta property=\"og:title\" content=\"Regalos para hombres - regaloscondulcura.com\" \/>\n<meta property=\"og:description\" content=\"regalos para hombre, entendemos que cada hombre es \u00fanico y especial, por lo que hemos seleccionado cuidadosamente una amplia variedad\" \/>\n<meta property=\"og:url\" content=\"https:\/\/regaloscondulcura.com\/index.php\/regalos-para-hombres\/\" \/>\n<meta property=\"og:site_name\" content=\"regaloscondulcura.com\" \/>\n<meta property=\"article:modified_time\" content=\"2024-04-04T15:16:03+00:00\" \/>\n<meta property=\"og:image\" content=\"https:\/\/regaloscondulcura.com\/wp-content\/uploads\/2024\/03\/51Tk9vKoxtL._AC_SX522_.jpg\" \/>\n<meta name=\"twitter:card\" content=\"summary_large_image\" \/>\n<meta name=\"twitter:label1\" content=\"Tiempo de lectura\" \/>\n\t<meta name=\"twitter:data1\" content=\"4 minutos\" \/>\n<script type=\"application\/ld+json\" class=\"yoast-schema-graph\">{\"@context\":\"https:\/\/schema.org\",\"@graph\":[{\"@type\":\"WebPage\",\"@id\":\"https:\/\/regaloscondulcura.com\/index.php\/regalos-para-hombres\/\",\"url\":\"https:\/\/regaloscondulcura.com\/index.php\/regalos-para-hombres\/\",\"name\":\"Regalos para hombres - regaloscondulcura.com\",\"isPartOf\":{\"@id\":\"https:\/\/regaloscondulcura.com\/#website\"},\"primaryImageOfPage\":{\"@id\":\"https:\/\/regaloscondulcura.com\/index.php\/regalos-para-hombres\/#primaryimage\"},\"image\":{\"@id\":\"https:\/\/regaloscondulcura.com\/index.php\/regalos-para-hombres\/#primaryimage\"},\"thumbnailUrl\":\"https:\/\/regaloscondulcura.com\/wp-content\/uploads\/2024\/03\/51Tk9vKoxtL._AC_SX522_.jpg\",\"datePublished\":\"2024-03-14T17:55:31+00:00\",\"dateModified\":\"2024-04-04T15:16:03+00:00\",\"description\":\"regalos para hombre, entendemos que cada hombre es \u00fanico y especial, por lo que hemos seleccionado cuidadosamente una amplia variedad\",\"breadcrumb\":{\"@id\":\"https:\/\/regaloscondulcura.com\/index.php\/regalos-para-hombres\/#breadcrumb\"},\"inLanguage\":\"es\",\"potentialAction\":[{\"@type\":\"ReadAction\",\"target\":[\"https:\/\/regaloscondulcura.com\/index.php\/regalos-para-hombres\/\"]}]},{\"@type\":\"ImageObject\",\"inLanguage\":\"es\",\"@id\":\"https:\/\/regaloscondulcura.com\/index.php\/regalos-para-hombres\/#primaryimage\",\"url\":\"https:\/\/regaloscondulcura.com\/wp-content\/uploads\/2024\/03\/51Tk9vKoxtL._AC_SX522_.jpg\",\"contentUrl\":\"https:\/\/regaloscondulcura.com\/wp-content\/uploads\/2024\/03\/51Tk9vKoxtL._AC_SX522_.jpg\",\"width\":522,\"height\":790},{\"@type\":\"BreadcrumbList\",\"@id\":\"https:\/\/regaloscondulcura.com\/index.php\/regalos-para-hombres\/#breadcrumb\",\"itemListElement\":[{\"@type\":\"ListItem\",\"position\":1,\"name\":\"Portada\",\"item\":\"https:\/\/regaloscondulcura.com\/\"},{\"@type\":\"ListItem\",\"position\":2,\"name\":\"Regalos para hombres\"}]},{\"@type\":\"WebSite\",\"@id\":\"https:\/\/regaloscondulcura.com\/#website\",\"url\":\"https:\/\/regaloscondulcura.com\/\",\"name\":\"regaloscondulcura.com\",\"description\":\"Tienda online\",\"publisher\":{\"@id\":\"https:\/\/regaloscondulcura.com\/#organization\"},\"potentialAction\":[{\"@type\":\"SearchAction\",\"target\":{\"@type\":\"EntryPoint\",\"urlTemplate\":\"https:\/\/regaloscondulcura.com\/?s={search_term_string}\"},\"query-input\":{\"@type\":\"PropertyValueSpecification\",\"valueRequired\":true,\"valueName\":\"search_term_string\"}}],\"inLanguage\":\"es\"},{\"@type\":\"Organization\",\"@id\":\"https:\/\/regaloscondulcura.com\/#organization\",\"name\":\"regaloscondulcura.com\",\"url\":\"https:\/\/regaloscondulcura.com\/\",\"logo\":{\"@type\":\"ImageObject\",\"inLanguage\":\"es\",\"@id\":\"https:\/\/regaloscondulcura.com\/#\/schema\/logo\/image\/\",\"url\":\"https:\/\/regaloscondulcura.com\/wp-content\/uploads\/2024\/03\/cropped-4X8EJr-LogoMakr-1.png\",\"contentUrl\":\"https:\/\/regaloscondulcura.com\/wp-content\/uploads\/2024\/03\/cropped-4X8EJr-LogoMakr-1.png\",\"width\":512,\"height\":512,\"caption\":\"regaloscondulcura.com\"},\"image\":{\"@id\":\"https:\/\/regaloscondulcura.com\/#\/schema\/logo\/image\/\"}}]}<\/script>\n<!-- \/ Yoast SEO plugin. -->","yoast_head_json":{"title":"Regalos para hombres - regaloscondulcura.com","description":"regalos para hombre, entendemos que cada hombre es \u00fanico y especial, por lo que hemos seleccionado cuidadosamente una amplia variedad","robots":{"index":"index","follow":"follow","max-snippet":"max-snippet:-1","max-image-preview":"max-image-preview:large","max-video-preview":"max-video-preview:-1"},"canonical":"https:\/\/regaloscondulcura.com\/index.php\/regalos-para-hombres\/","og_locale":"es_ES","og_type":"article","og_title":"Regalos para hombres - regaloscondulcura.com","og_description":"regalos para hombre, entendemos que cada hombre es \u00fanico y especial, por lo que hemos seleccionado cuidadosamente una amplia variedad","og_url":"https:\/\/regaloscondulcura.com\/index.php\/regalos-para-hombres\/","og_site_name":"regaloscondulcura.com","article_modified_time":"2024-04-04T15:16:03+00:00","og_image":[{"url":"https:\/\/regaloscondulcura.com\/wp-content\/uploads\/2024\/03\/51Tk9vKoxtL._AC_SX522_.jpg","type":"","width":"","height":""}],"twitter_card":"summary_large_image","twitter_misc":{"Tiempo de lectura":"4 minutos"},"schema":{"@context":"https:\/\/schema.org","@graph":[{"@type":"WebPage","@id":"https:\/\/regaloscondulcura.com\/index.php\/regalos-para-hombres\/","url":"https:\/\/regaloscondulcura.com\/index.php\/regalos-para-hombres\/","name":"Regalos para hombres - regaloscondulcura.com","isPartOf":{"@id":"https:\/\/regaloscondulcura.com\/#website"},"primaryImageOfPage":{"@id":"https:\/\/regaloscondulcura.com\/index.php\/regalos-para-hombres\/#primaryimage"},"image":{"@id":"https:\/\/regaloscondulcura.com\/index.php\/regalos-para-hombres\/#primaryimage"},"thumbnailUrl":"https:\/\/regaloscondulcura.com\/wp-content\/uploads\/2024\/03\/51Tk9vKoxtL._AC_SX522_.jpg","datePublished":"2024-03-14T17:55:31+00:00","dateModified":"2024-04-04T15:16:03+00:00","description":"regalos para hombre, entendemos que cada hombre es \u00fanico y especial, por lo que hemos seleccionado cuidadosamente una amplia variedad","breadcrumb":{"@id":"https:\/\/regaloscondulcura.com\/index.php\/regalos-para-hombres\/#breadcrumb"},"inLanguage":"es","potentialAction":[{"@type":"ReadAction","target":["https:\/\/regaloscondulcura.com\/index.php\/regalos-para-hombres\/"]}]},{"@type":"ImageObject","inLanguage":"es","@id":"https:\/\/regaloscondulcura.com\/index.php\/regalos-para-hombres\/#primaryimage","url":"https:\/\/regaloscondulcura.com\/wp-content\/uploads\/2024\/03\/51Tk9vKoxtL._AC_SX522_.jpg","contentUrl":"https:\/\/regaloscondulcura.com\/wp-content\/uploads\/2024\/03\/51Tk9vKoxtL._AC_SX522_.jpg","width":522,"height":790},{"@type":"BreadcrumbList","@id":"https:\/\/regaloscondulcura.com\/index.php\/regalos-para-hombres\/#breadcrumb","itemListElement":[{"@type":"ListItem","position":1,"name":"Portada","item":"https:\/\/regaloscondulcura.com\/"},{"@type":"ListItem","position":2,"name":"Regalos para hombres"}]},{"@type":"WebSite","@id":"https:\/\/regaloscondulcura.com\/#website","url":"https:\/\/regaloscondulcura.com\/","name":"regaloscondulcura.com","description":"Tienda online","publisher":{"@id":"https:\/\/regaloscondulcura.com\/#organization"},"potentialAction":[{"@type":"SearchAction","target":{"@type":"EntryPoint","urlTemplate":"https:\/\/regaloscondulcura.com\/?s={search_term_string}"},"query-input":{"@type":"PropertyValueSpecification","valueRequired":true,"valueName":"search_term_string"}}],"inLanguage":"es"},{"@type":"Organization","@id":"https:\/\/regaloscondulcura.com\/#organization","name":"regaloscondulcura.com","url":"https:\/\/regaloscondulcura.com\/","logo":{"@type":"ImageObject","inLanguage":"es","@id":"https:\/\/regaloscondulcura.com\/#\/schema\/logo\/image\/","url":"https:\/\/regaloscondulcura.com\/wp-content\/uploads\/2024\/03\/cropped-4X8EJr-LogoMakr-1.png","contentUrl":"https:\/\/regaloscondulcura.com\/wp-content\/uploads\/2024\/03\/cropped-4X8EJr-LogoMakr-1.png","width":512,"height":512,"caption":"regaloscondulcura.com"},"image":{"@id":"https:\/\/regaloscondulcura.com\/#\/schema\/logo\/image\/"}}]}},"_links":{"self":[{"href":"https:\/\/regaloscondulcura.com\/index.php\/wp-json\/wp\/v2\/pages\/104","targetHints":{"allow":["GET"]}}],"collection":[{"href":"https:\/\/regaloscondulcura.com\/index.php\/wp-json\/wp\/v2\/pages"}],"about":[{"href":"https:\/\/regaloscondulcura.com\/index.php\/wp-json\/wp\/v2\/types\/page"}],"author":[{"embeddable":true,"href":"https:\/\/regaloscondulcura.com\/index.php\/wp-json\/wp\/v2\/users\/1"}],"replies":[{"embeddable":true,"href":"https:\/\/regaloscondulcura.com\/index.php\/wp-json\/wp\/v2\/comments?post=104"}],"version-history":[{"count":21,"href":"https:\/\/regaloscondulcura.com\/index.php\/wp-json\/wp\/v2\/pages\/104\/revisions"}],"predecessor-version":[{"id":971,"href":"https:\/\/regaloscondulcura.com\/index.php\/wp-json\/wp\/v2\/pages\/104\/revisions\/971"}],"wp:attachment":[{"href":"https:\/\/regaloscondulcura.com\/index.php\/wp-json\/wp\/v2\/media?parent=104"}],"curies":[{"name":"wp","href":"https:\/\/api.w.org\/{rel}","templated":true}]}}