{"id":256,"date":"2024-03-15T13:49:42","date_gmt":"2024-03-15T12:49:42","guid":{"rendered":"https:\/\/regaloscondulcura.com\/?page_id=256"},"modified":"2024-03-17T20:55:16","modified_gmt":"2024-03-17T19:55:16","slug":"regalos-para-novios","status":"publish","type":"page","link":"https:\/\/regaloscondulcura.com\/index.php\/regalos-para-novios\/","title":{"rendered":"Regalos para novios"},"content":{"rendered":"\n<p>En nuestra tienda tenenos regalos personalizados  para novios donde podras elegir el regalo perfecto para la el acontesimiento perfecto. Cada uno de estos regalos, imbuidos de sentimientos profundos y simbolismo, reflejan el compromiso, la complicidad y el amor incondicional que caracteriza a una relaci\u00f3n de pareja aut\u00e9ntica y duradera<\/p>\n\n\n\n<p>Y aunque el tiempo pueda traer cambios y desaf\u00edos, esta relaci\u00f3n especial perdura como un faro en la oscuridad, iluminando el camino hacia un futuro lleno de esperanza y promesas. Porque en el coraz\u00f3n de esta relaci\u00f3n especial late un amor inquebrantable, un lazo sagrado que une sus almas para siempre.<\/p>\n\n\n\n<div class=\"wp-block-columns is-layout-flex wp-container-core-columns-is-layout-1 wp-block-columns-is-layout-flex\">\n<div class=\"wp-block-column is-layout-flow wp-block-column-is-layout-flow\">\n<figure class=\"wp-block-image size-full\"><a href=\"https:\/\/amzn.to\/4cdonDP\"><img loading=\"lazy\" decoding=\"async\" width=\"425\" height=\"420\" src=\"https:\/\/regaloscondulcura.com\/wp-content\/uploads\/2024\/03\/71bnkM5q8CL._AC_SX425_.jpg\" alt=\"\" class=\"wp-image-646\" srcset=\"https:\/\/regaloscondulcura.com\/wp-content\/uploads\/2024\/03\/71bnkM5q8CL._AC_SX425_.jpg 425w, https:\/\/regaloscondulcura.com\/wp-content\/uploads\/2024\/03\/71bnkM5q8CL._AC_SX425_-300x296.jpg 300w\" sizes=\"auto, (max-width: 425px) 100vw, 425px\" \/><\/a><\/figure>\n\n\n\n<div class=\"wp-block-buttons is-layout-flex wp-block-buttons-is-layout-flex\">\n<div class=\"wp-block-button\"><a class=\"wp-block-button__link wp-element-button\" href=\"https:\/\/amzn.to\/4cdonDP\">ver producto<\/a><\/div>\n<\/div>\n<\/div>\n\n\n\n<div class=\"wp-block-column is-layout-flow wp-block-column-is-layout-flow\">\n<figure class=\"wp-block-image size-full\"><a href=\"https:\/\/amzn.to\/3Vnxf3M\"><img loading=\"lazy\" decoding=\"async\" width=\"300\" height=\"294\" src=\"https:\/\/regaloscondulcura.com\/wp-content\/uploads\/2024\/03\/71BBe0ep1qL._AC_SY300_SX300_.jpg\" alt=\"\" class=\"wp-image-647\"\/><\/a><\/figure>\n\n\n\n<div class=\"wp-block-buttons is-layout-flex wp-block-buttons-is-layout-flex\">\n<div class=\"wp-block-button\"><a class=\"wp-block-button__link wp-element-button\" href=\"https:\/\/amzn.to\/3Vnxf3M\">ver producto<\/a><\/div>\n<\/div>\n<\/div>\n\n\n\n<div class=\"wp-block-column is-layout-flow wp-block-column-is-layout-flow\">\n<figure class=\"wp-block-image size-full\"><a href=\"https:\/\/amzn.to\/3IGg45P\"><img loading=\"lazy\" decoding=\"async\" width=\"374\" height=\"606\" src=\"https:\/\/regaloscondulcura.com\/wp-content\/uploads\/2024\/03\/91K4IJ2ZL._AC_SY606_.jpg\" alt=\"\" class=\"wp-image-649\" srcset=\"https:\/\/regaloscondulcura.com\/wp-content\/uploads\/2024\/03\/91K4IJ2ZL._AC_SY606_.jpg 374w, https:\/\/regaloscondulcura.com\/wp-content\/uploads\/2024\/03\/91K4IJ2ZL._AC_SY606_-185x300.jpg 185w\" sizes=\"auto, (max-width: 374px) 100vw, 374px\" \/><\/a><\/figure>\n\n\n\n<div class=\"wp-block-buttons is-layout-flex wp-block-buttons-is-layout-flex\">\n<div class=\"wp-block-button\"><a class=\"wp-block-button__link wp-element-button\" href=\"https:\/\/amzn.to\/3IGg45P\">ver pructo<\/a><\/div>\n<\/div>\n<\/div>\n<\/div>\n\n\n\n<div class=\"wp-block-columns is-layout-flex wp-container-core-columns-is-layout-2 wp-block-columns-is-layout-flex\">\n<div class=\"wp-block-column is-layout-flow wp-block-column-is-layout-flow\">\n<figure class=\"wp-block-image size-large\"><a href=\"https:\/\/amzn.to\/3Vfz2YB\"><img loading=\"lazy\" decoding=\"async\" width=\"849\" height=\"1024\" src=\"https:\/\/regaloscondulcura.com\/wp-content\/uploads\/2024\/03\/71Hx8b6HGbL._AC_SL1500_-849x1024.jpg\" alt=\"\" class=\"wp-image-259\" srcset=\"https:\/\/regaloscondulcura.com\/wp-content\/uploads\/2024\/03\/71Hx8b6HGbL._AC_SL1500_-849x1024.jpg 849w, https:\/\/regaloscondulcura.com\/wp-content\/uploads\/2024\/03\/71Hx8b6HGbL._AC_SL1500_-249x300.jpg 249w, https:\/\/regaloscondulcura.com\/wp-content\/uploads\/2024\/03\/71Hx8b6HGbL._AC_SL1500_-768x926.jpg 768w, https:\/\/regaloscondulcura.com\/wp-content\/uploads\/2024\/03\/71Hx8b6HGbL._AC_SL1500_.jpg 1244w\" sizes=\"auto, (max-width: 849px) 100vw, 849px\" \/><\/a><\/figure>\n\n\n\n<div class=\"wp-block-buttons is-layout-flex wp-block-buttons-is-layout-flex\">\n<div class=\"wp-block-button\"><a class=\"wp-block-button__link wp-element-button\" href=\"https:\/\/amzn.to\/3Vfz2YB\">ver producto<\/a><\/div>\n<\/div>\n<\/div>\n\n\n\n<div class=\"wp-block-column is-layout-flow wp-block-column-is-layout-flow\">\n<figure class=\"wp-block-image size-full\"><a href=\"https:\/\/amzn.to\/3IFPYje\"><img loading=\"lazy\" decoding=\"async\" width=\"830\" height=\"894\" src=\"https:\/\/regaloscondulcura.com\/wp-content\/uploads\/2024\/03\/61PX5eV6STL._AC_SL1000_.jpg\" alt=\"\" class=\"wp-image-262\" srcset=\"https:\/\/regaloscondulcura.com\/wp-content\/uploads\/2024\/03\/61PX5eV6STL._AC_SL1000_.jpg 830w, https:\/\/regaloscondulcura.com\/wp-content\/uploads\/2024\/03\/61PX5eV6STL._AC_SL1000_-279x300.jpg 279w, https:\/\/regaloscondulcura.com\/wp-content\/uploads\/2024\/03\/61PX5eV6STL._AC_SL1000_-768x827.jpg 768w\" sizes=\"auto, (max-width: 830px) 100vw, 830px\" \/><\/a><\/figure>\n\n\n\n<div class=\"wp-block-buttons is-layout-flex wp-block-buttons-is-layout-flex\">\n<div class=\"wp-block-button\"><a class=\"wp-block-button__link wp-element-button\" href=\"https:\/\/amzn.to\/3IFPYje\">ver producto<\/a><\/div>\n<\/div>\n<\/div>\n\n\n\n<div class=\"wp-block-column is-layout-flow wp-block-column-is-layout-flow\">\n<figure class=\"wp-block-image size-full\"><a href=\"https:\/\/amzn.to\/3IK1Ctn\"><img loading=\"lazy\" decoding=\"async\" width=\"522\" height=\"522\" src=\"https:\/\/regaloscondulcura.com\/wp-content\/uploads\/2024\/03\/71qoQVetqhL._AC_SX522_.jpg\" alt=\"\" class=\"wp-image-263\" srcset=\"https:\/\/regaloscondulcura.com\/wp-content\/uploads\/2024\/03\/71qoQVetqhL._AC_SX522_.jpg 522w, https:\/\/regaloscondulcura.com\/wp-content\/uploads\/2024\/03\/71qoQVetqhL._AC_SX522_-300x300.jpg 300w, https:\/\/regaloscondulcura.com\/wp-content\/uploads\/2024\/03\/71qoQVetqhL._AC_SX522_-150x150.jpg 150w\" sizes=\"auto, (max-width: 522px) 100vw, 522px\" \/><\/a><\/figure>\n\n\n\n<div class=\"wp-block-buttons is-layout-flex wp-block-buttons-is-layout-flex\">\n<div class=\"wp-block-button\"><a class=\"wp-block-button__link wp-element-button\" href=\"https:\/\/amzn.to\/3IK1Ctn\">ver producto<\/a><\/div>\n<\/div>\n<\/div>\n<\/div>\n\n\n\n<p>personalizados: Los accesorios personalizados le permiten expresar su estilo \u00fanico. Considera regalarle un reloj elegante con un grabado especial en la parte posterior, una pulsera con un mensaje significativo o un collar con un dise\u00f1o que refleje sus gustos y personalidad.<\/p>\n\n\n\n<p>Tecnolog\u00eda: Si a tu novio le encanta la tecnolog\u00eda, un regalo relacionado con este \u00e1mbito siempre ser\u00e1 bien recibido. Puedes optar por unos auriculares inal\u00e1mbricos de alta calidad para que disfrute de su m\u00fasica favorita en cualquier momento, una nueva consola de videojuegos para ampliar su colecci\u00f3n de juegos o un dispositivo inteligente para el hogar que haga su vida m\u00e1s c\u00f3moda y conectada.<\/p>\n\n\n\n<div class=\"wp-block-columns is-layout-flex wp-container-core-columns-is-layout-3 wp-block-columns-is-layout-flex\">\n<div class=\"wp-block-column is-layout-flow wp-block-column-is-layout-flow\">\n<figure class=\"wp-block-image size-full\"><a href=\"https:\/\/amzn.to\/3Vf3MsH\"><img loading=\"lazy\" decoding=\"async\" width=\"679\" height=\"987\" src=\"https:\/\/regaloscondulcura.com\/wp-content\/uploads\/2024\/03\/71YSGxsSKRL._AC_SX679_.jpg\" alt=\"\" class=\"wp-image-266\" srcset=\"https:\/\/regaloscondulcura.com\/wp-content\/uploads\/2024\/03\/71YSGxsSKRL._AC_SX679_.jpg 679w, https:\/\/regaloscondulcura.com\/wp-content\/uploads\/2024\/03\/71YSGxsSKRL._AC_SX679_-206x300.jpg 206w\" sizes=\"auto, (max-width: 679px) 100vw, 679px\" \/><\/a><\/figure>\n\n\n\n<div class=\"wp-block-buttons is-layout-flex wp-block-buttons-is-layout-flex\">\n<div class=\"wp-block-button\"><a class=\"wp-block-button__link wp-element-button\">ver producto<\/a><\/div>\n<\/div>\n<\/div>\n\n\n\n<div class=\"wp-block-column is-layout-flow wp-block-column-is-layout-flow\">\n<figure class=\"wp-block-image size-full\"><a href=\"https:\/\/amzn.to\/48RBnvL\"><img loading=\"lazy\" decoding=\"async\" width=\"794\" height=\"794\" src=\"https:\/\/regaloscondulcura.com\/wp-content\/uploads\/2024\/03\/61REHKzk7L._AC_.jpg\" alt=\"\" class=\"wp-image-267\" srcset=\"https:\/\/regaloscondulcura.com\/wp-content\/uploads\/2024\/03\/61REHKzk7L._AC_.jpg 794w, https:\/\/regaloscondulcura.com\/wp-content\/uploads\/2024\/03\/61REHKzk7L._AC_-300x300.jpg 300w, https:\/\/regaloscondulcura.com\/wp-content\/uploads\/2024\/03\/61REHKzk7L._AC_-150x150.jpg 150w, https:\/\/regaloscondulcura.com\/wp-content\/uploads\/2024\/03\/61REHKzk7L._AC_-768x768.jpg 768w\" sizes=\"auto, (max-width: 794px) 100vw, 794px\" \/><\/a><\/figure>\n\n\n\n<div class=\"wp-block-buttons is-layout-flex wp-block-buttons-is-layout-flex\">\n<div class=\"wp-block-button\"><a class=\"wp-block-button__link wp-element-button\" href=\"https:\/\/amzn.to\/48RBnvL\">ver producto<\/a><\/div>\n<\/div>\n<\/div>\n<\/div>\n\n\n\n<p>cuidado personal es un regalo pr\u00e1ctico que le permitir\u00e1 mimarse y sentirse bien consigo mismo. Puedes armar un set con productos de cuidado facial, lociones para despu\u00e9s del afeitado, un buen perfume o incluso una maquinilla de afeitar de alta gama para que se sienta como en un spa en casa.<\/p>\n\n\n\n<div class=\"wp-block-columns is-layout-flex wp-container-core-columns-is-layout-4 wp-block-columns-is-layout-flex\">\n<div class=\"wp-block-column is-layout-flow wp-block-column-is-layout-flow\">\n<figure class=\"wp-block-image size-full\"><a href=\"https:\/\/amzn.to\/3VmvTWO\"><img loading=\"lazy\" decoding=\"async\" width=\"135\" height=\"355\" src=\"https:\/\/regaloscondulcura.com\/wp-content\/uploads\/2024\/03\/51VdvTTCPzL._AC_SY355_-1.jpg\" alt=\"\" class=\"wp-image-271\" srcset=\"https:\/\/regaloscondulcura.com\/wp-content\/uploads\/2024\/03\/51VdvTTCPzL._AC_SY355_-1.jpg 135w, https:\/\/regaloscondulcura.com\/wp-content\/uploads\/2024\/03\/51VdvTTCPzL._AC_SY355_-1-114x300.jpg 114w\" sizes=\"auto, (max-width: 135px) 100vw, 135px\" \/><\/a><\/figure>\n\n\n\n<div class=\"wp-block-buttons is-layout-flex wp-block-buttons-is-layout-flex\">\n<div class=\"wp-block-button\"><a class=\"wp-block-button__link wp-element-button\">ver producto<\/a><\/div>\n<\/div>\n<\/div>\n\n\n\n<div class=\"wp-block-column is-layout-flow wp-block-column-is-layout-flow\">\n<figure class=\"wp-block-image size-large\"><a href=\"https:\/\/amzn.to\/3vcz7BD\"><img loading=\"lazy\" decoding=\"async\" width=\"1014\" height=\"1024\" src=\"https:\/\/regaloscondulcura.com\/wp-content\/uploads\/2024\/03\/71LvM6z9djS._AC_SL1500_-1014x1024.jpg\" alt=\"\" class=\"wp-image-272\" srcset=\"https:\/\/regaloscondulcura.com\/wp-content\/uploads\/2024\/03\/71LvM6z9djS._AC_SL1500_-1014x1024.jpg 1014w, https:\/\/regaloscondulcura.com\/wp-content\/uploads\/2024\/03\/71LvM6z9djS._AC_SL1500_-297x300.jpg 297w, https:\/\/regaloscondulcura.com\/wp-content\/uploads\/2024\/03\/71LvM6z9djS._AC_SL1500_-150x150.jpg 150w, https:\/\/regaloscondulcura.com\/wp-content\/uploads\/2024\/03\/71LvM6z9djS._AC_SL1500_-768x776.jpg 768w, https:\/\/regaloscondulcura.com\/wp-content\/uploads\/2024\/03\/71LvM6z9djS._AC_SL1500_.jpg 1462w\" sizes=\"auto, (max-width: 1014px) 100vw, 1014px\" \/><\/a><\/figure>\n\n\n\n<div class=\"wp-block-buttons is-layout-flex wp-block-buttons-is-layout-flex\">\n<div class=\"wp-block-button\"><a class=\"wp-block-button__link wp-element-button\" href=\"https:\/\/amzn.to\/3vcz7BD\">ver producto<\/a><\/div>\n<\/div>\n<\/div>\n<\/div>\n","protected":false},"excerpt":{"rendered":"<p>En nuestra tienda tenenos regalos personalizados para novios donde podras elegir el regalo perfecto para la el acontesimiento perfecto. Cada [&hellip;]<\/p>\n","protected":false},"author":1,"featured_media":0,"parent":0,"menu_order":0,"comment_status":"closed","ping_status":"closed","template":"","meta":{"site-sidebar-layout":"default","site-content-layout":"","ast-site-content-layout":"","site-content-style":"default","site-sidebar-style":"default","ast-global-header-display":"","ast-banner-title-visibility":"","ast-main-header-display":"","ast-hfb-above-header-display":"","ast-hfb-below-header-display":"","ast-hfb-mobile-header-display":"","site-post-title":"","ast-breadcrumbs-content":"","ast-featured-img":"","footer-sml-layout":"","theme-transparent-header-meta":"","adv-header-id-meta":"","stick-header-meta":"","header-above-stick-meta":"","header-main-stick-meta":"","header-below-stick-meta":"","astra-migrate-meta-layouts":"default","ast-page-background-enabled":"default","ast-page-background-meta":{"desktop":{"background-color":"var(--ast-global-color-4)","background-image":"","background-repeat":"repeat","background-position":"center center","background-size":"auto","background-attachment":"scroll","background-type":"","background-media":"","overlay-type":"","overlay-color":"","overlay-gradient":""},"tablet":{"background-color":"","background-image":"","background-repeat":"repeat","background-position":"center center","background-size":"auto","background-attachment":"scroll","background-type":"","background-media":"","overlay-type":"","overlay-color":"","overlay-gradient":""},"mobile":{"background-color":"","background-image":"","background-repeat":"repeat","background-position":"center center","background-size":"auto","background-attachment":"scroll","background-type":"","background-media":"","overlay-type":"","overlay-color":"","overlay-gradient":""}},"ast-content-background-meta":{"desktop":{"background-color":"var(--ast-global-color-5)","background-image":"","background-repeat":"repeat","background-position":"center center","background-size":"auto","background-attachment":"scroll","background-type":"","background-media":"","overlay-type":"","overlay-color":"","overlay-gradient":""},"tablet":{"background-color":"var(--ast-global-color-5)","background-image":"","background-repeat":"repeat","background-position":"center center","background-size":"auto","background-attachment":"scroll","background-type":"","background-media":"","overlay-type":"","overlay-color":"","overlay-gradient":""},"mobile":{"background-color":"var(--ast-global-color-5)","background-image":"","background-repeat":"repeat","background-position":"center center","background-size":"auto","background-attachment":"scroll","background-type":"","background-media":"","overlay-type":"","overlay-color":"","overlay-gradient":""}},"footnotes":""},"class_list":["post-256","page","type-page","status-publish","hentry"],"yoast_head":"<!-- This site is optimized with the Yoast SEO plugin v24.5 - https:\/\/yoast.com\/wordpress\/plugins\/seo\/ -->\n<title>Regalos para novios - regaloscondulcura.com<\/title>\n<meta name=\"robots\" content=\"index, follow, max-snippet:-1, max-image-preview:large, max-video-preview:-1\" \/>\n<link rel=\"canonical\" href=\"https:\/\/regaloscondulcura.com\/index.php\/regalos-para-novios\/\" \/>\n<meta property=\"og:locale\" content=\"es_ES\" \/>\n<meta property=\"og:type\" content=\"article\" \/>\n<meta property=\"og:title\" content=\"Regalos para novios - regaloscondulcura.com\" \/>\n<meta property=\"og:description\" content=\"En nuestra tienda tenenos regalos personalizados para novios donde podras elegir el regalo perfecto para la el acontesimiento perfecto. Cada [&hellip;]\" \/>\n<meta property=\"og:url\" content=\"https:\/\/regaloscondulcura.com\/index.php\/regalos-para-novios\/\" \/>\n<meta property=\"og:site_name\" content=\"regaloscondulcura.com\" \/>\n<meta property=\"article:modified_time\" content=\"2024-03-17T19:55:16+00:00\" \/>\n<meta property=\"og:image\" content=\"https:\/\/regaloscondulcura.com\/wp-content\/uploads\/2024\/03\/71bnkM5q8CL._AC_SX425_.jpg\" \/>\n<meta name=\"twitter:card\" content=\"summary_large_image\" \/>\n<meta name=\"twitter:label1\" content=\"Tiempo de lectura\" \/>\n\t<meta name=\"twitter:data1\" content=\"4 minutos\" \/>\n<script type=\"application\/ld+json\" class=\"yoast-schema-graph\">{\"@context\":\"https:\/\/schema.org\",\"@graph\":[{\"@type\":\"WebPage\",\"@id\":\"https:\/\/regaloscondulcura.com\/index.php\/regalos-para-novios\/\",\"url\":\"https:\/\/regaloscondulcura.com\/index.php\/regalos-para-novios\/\",\"name\":\"Regalos para novios - regaloscondulcura.com\",\"isPartOf\":{\"@id\":\"https:\/\/regaloscondulcura.com\/#website\"},\"primaryImageOfPage\":{\"@id\":\"https:\/\/regaloscondulcura.com\/index.php\/regalos-para-novios\/#primaryimage\"},\"image\":{\"@id\":\"https:\/\/regaloscondulcura.com\/index.php\/regalos-para-novios\/#primaryimage\"},\"thumbnailUrl\":\"https:\/\/regaloscondulcura.com\/wp-content\/uploads\/2024\/03\/71bnkM5q8CL._AC_SX425_.jpg\",\"datePublished\":\"2024-03-15T12:49:42+00:00\",\"dateModified\":\"2024-03-17T19:55:16+00:00\",\"breadcrumb\":{\"@id\":\"https:\/\/regaloscondulcura.com\/index.php\/regalos-para-novios\/#breadcrumb\"},\"inLanguage\":\"es\",\"potentialAction\":[{\"@type\":\"ReadAction\",\"target\":[\"https:\/\/regaloscondulcura.com\/index.php\/regalos-para-novios\/\"]}]},{\"@type\":\"ImageObject\",\"inLanguage\":\"es\",\"@id\":\"https:\/\/regaloscondulcura.com\/index.php\/regalos-para-novios\/#primaryimage\",\"url\":\"https:\/\/regaloscondulcura.com\/wp-content\/uploads\/2024\/03\/71bnkM5q8CL._AC_SX425_.jpg\",\"contentUrl\":\"https:\/\/regaloscondulcura.com\/wp-content\/uploads\/2024\/03\/71bnkM5q8CL._AC_SX425_.jpg\",\"width\":425,\"height\":420},{\"@type\":\"BreadcrumbList\",\"@id\":\"https:\/\/regaloscondulcura.com\/index.php\/regalos-para-novios\/#breadcrumb\",\"itemListElement\":[{\"@type\":\"ListItem\",\"position\":1,\"name\":\"Portada\",\"item\":\"https:\/\/regaloscondulcura.com\/\"},{\"@type\":\"ListItem\",\"position\":2,\"name\":\"Regalos para novios\"}]},{\"@type\":\"WebSite\",\"@id\":\"https:\/\/regaloscondulcura.com\/#website\",\"url\":\"https:\/\/regaloscondulcura.com\/\",\"name\":\"regaloscondulcura.com\",\"description\":\"Tienda online\",\"publisher\":{\"@id\":\"https:\/\/regaloscondulcura.com\/#organization\"},\"potentialAction\":[{\"@type\":\"SearchAction\",\"target\":{\"@type\":\"EntryPoint\",\"urlTemplate\":\"https:\/\/regaloscondulcura.com\/?s={search_term_string}\"},\"query-input\":{\"@type\":\"PropertyValueSpecification\",\"valueRequired\":true,\"valueName\":\"search_term_string\"}}],\"inLanguage\":\"es\"},{\"@type\":\"Organization\",\"@id\":\"https:\/\/regaloscondulcura.com\/#organization\",\"name\":\"regaloscondulcura.com\",\"url\":\"https:\/\/regaloscondulcura.com\/\",\"logo\":{\"@type\":\"ImageObject\",\"inLanguage\":\"es\",\"@id\":\"https:\/\/regaloscondulcura.com\/#\/schema\/logo\/image\/\",\"url\":\"https:\/\/regaloscondulcura.com\/wp-content\/uploads\/2024\/03\/cropped-4X8EJr-LogoMakr-1.png\",\"contentUrl\":\"https:\/\/regaloscondulcura.com\/wp-content\/uploads\/2024\/03\/cropped-4X8EJr-LogoMakr-1.png\",\"width\":512,\"height\":512,\"caption\":\"regaloscondulcura.com\"},\"image\":{\"@id\":\"https:\/\/regaloscondulcura.com\/#\/schema\/logo\/image\/\"}}]}<\/script>\n<!-- \/ Yoast SEO plugin. -->","yoast_head_json":{"title":"Regalos para novios - regaloscondulcura.com","robots":{"index":"index","follow":"follow","max-snippet":"max-snippet:-1","max-image-preview":"max-image-preview:large","max-video-preview":"max-video-preview:-1"},"canonical":"https:\/\/regaloscondulcura.com\/index.php\/regalos-para-novios\/","og_locale":"es_ES","og_type":"article","og_title":"Regalos para novios - regaloscondulcura.com","og_description":"En nuestra tienda tenenos regalos personalizados para novios donde podras elegir el regalo perfecto para la el acontesimiento perfecto. Cada [&hellip;]","og_url":"https:\/\/regaloscondulcura.com\/index.php\/regalos-para-novios\/","og_site_name":"regaloscondulcura.com","article_modified_time":"2024-03-17T19:55:16+00:00","og_image":[{"url":"https:\/\/regaloscondulcura.com\/wp-content\/uploads\/2024\/03\/71bnkM5q8CL._AC_SX425_.jpg","type":"","width":"","height":""}],"twitter_card":"summary_large_image","twitter_misc":{"Tiempo de lectura":"4 minutos"},"schema":{"@context":"https:\/\/schema.org","@graph":[{"@type":"WebPage","@id":"https:\/\/regaloscondulcura.com\/index.php\/regalos-para-novios\/","url":"https:\/\/regaloscondulcura.com\/index.php\/regalos-para-novios\/","name":"Regalos para novios - regaloscondulcura.com","isPartOf":{"@id":"https:\/\/regaloscondulcura.com\/#website"},"primaryImageOfPage":{"@id":"https:\/\/regaloscondulcura.com\/index.php\/regalos-para-novios\/#primaryimage"},"image":{"@id":"https:\/\/regaloscondulcura.com\/index.php\/regalos-para-novios\/#primaryimage"},"thumbnailUrl":"https:\/\/regaloscondulcura.com\/wp-content\/uploads\/2024\/03\/71bnkM5q8CL._AC_SX425_.jpg","datePublished":"2024-03-15T12:49:42+00:00","dateModified":"2024-03-17T19:55:16+00:00","breadcrumb":{"@id":"https:\/\/regaloscondulcura.com\/index.php\/regalos-para-novios\/#breadcrumb"},"inLanguage":"es","potentialAction":[{"@type":"ReadAction","target":["https:\/\/regaloscondulcura.com\/index.php\/regalos-para-novios\/"]}]},{"@type":"ImageObject","inLanguage":"es","@id":"https:\/\/regaloscondulcura.com\/index.php\/regalos-para-novios\/#primaryimage","url":"https:\/\/regaloscondulcura.com\/wp-content\/uploads\/2024\/03\/71bnkM5q8CL._AC_SX425_.jpg","contentUrl":"https:\/\/regaloscondulcura.com\/wp-content\/uploads\/2024\/03\/71bnkM5q8CL._AC_SX425_.jpg","width":425,"height":420},{"@type":"BreadcrumbList","@id":"https:\/\/regaloscondulcura.com\/index.php\/regalos-para-novios\/#breadcrumb","itemListElement":[{"@type":"ListItem","position":1,"name":"Portada","item":"https:\/\/regaloscondulcura.com\/"},{"@type":"ListItem","position":2,"name":"Regalos para novios"}]},{"@type":"WebSite","@id":"https:\/\/regaloscondulcura.com\/#website","url":"https:\/\/regaloscondulcura.com\/","name":"regaloscondulcura.com","description":"Tienda online","publisher":{"@id":"https:\/\/regaloscondulcura.com\/#organization"},"potentialAction":[{"@type":"SearchAction","target":{"@type":"EntryPoint","urlTemplate":"https:\/\/regaloscondulcura.com\/?s={search_term_string}"},"query-input":{"@type":"PropertyValueSpecification","valueRequired":true,"valueName":"search_term_string"}}],"inLanguage":"es"},{"@type":"Organization","@id":"https:\/\/regaloscondulcura.com\/#organization","name":"regaloscondulcura.com","url":"https:\/\/regaloscondulcura.com\/","logo":{"@type":"ImageObject","inLanguage":"es","@id":"https:\/\/regaloscondulcura.com\/#\/schema\/logo\/image\/","url":"https:\/\/regaloscondulcura.com\/wp-content\/uploads\/2024\/03\/cropped-4X8EJr-LogoMakr-1.png","contentUrl":"https:\/\/regaloscondulcura.com\/wp-content\/uploads\/2024\/03\/cropped-4X8EJr-LogoMakr-1.png","width":512,"height":512,"caption":"regaloscondulcura.com"},"image":{"@id":"https:\/\/regaloscondulcura.com\/#\/schema\/logo\/image\/"}}]}},"_links":{"self":[{"href":"https:\/\/regaloscondulcura.com\/index.php\/wp-json\/wp\/v2\/pages\/256","targetHints":{"allow":["GET"]}}],"collection":[{"href":"https:\/\/regaloscondulcura.com\/index.php\/wp-json\/wp\/v2\/pages"}],"about":[{"href":"https:\/\/regaloscondulcura.com\/index.php\/wp-json\/wp\/v2\/types\/page"}],"author":[{"embeddable":true,"href":"https:\/\/regaloscondulcura.com\/index.php\/wp-json\/wp\/v2\/users\/1"}],"replies":[{"embeddable":true,"href":"https:\/\/regaloscondulcura.com\/index.php\/wp-json\/wp\/v2\/comments?post=256"}],"version-history":[{"count":8,"href":"https:\/\/regaloscondulcura.com\/index.php\/wp-json\/wp\/v2\/pages\/256\/revisions"}],"predecessor-version":[{"id":653,"href":"https:\/\/regaloscondulcura.com\/index.php\/wp-json\/wp\/v2\/pages\/256\/revisions\/653"}],"wp:attachment":[{"href":"https:\/\/regaloscondulcura.com\/index.php\/wp-json\/wp\/v2\/media?parent=256"}],"curies":[{"name":"wp","href":"https:\/\/api.w.org\/{rel}","templated":true}]}}