{"id":283,"date":"2024-03-15T15:07:19","date_gmt":"2024-03-15T14:07:19","guid":{"rendered":"https:\/\/regaloscondulcura.com\/?page_id=283"},"modified":"2024-03-22T09:24:12","modified_gmt":"2024-03-22T08:24:12","slug":"regalos-para-amigas","status":"publish","type":"page","link":"https:\/\/regaloscondulcura.com\/index.php\/regalos-para-amigas\/","title":{"rendered":"regalos para amigas"},"content":{"rendered":"\n<p>Para tus amigas, considera regalos que reflejen su individualidad y amistad. Opciones incluyen joyer\u00eda personalizada, libros de autoras inspiradoras, kits de cuidado personal con productos de spa, o una experiencia compartida como una cena tem\u00e1tica. Aseg\u00farate de que el regalo sea significativo y refleje tu aprecio por su amistad.<\/p>\n\n\n\n<p>La amistad entre dos amigas es como un lazo que se fortalece con risas compartidas, secretos guardados y abrazos reconfortantes en los momentos dif\u00edciles.<\/p>\n\n\n\n<div class=\"wp-block-columns is-layout-flex wp-container-core-columns-is-layout-1 wp-block-columns-is-layout-flex\">\n<div class=\"wp-block-column is-layout-flow wp-block-column-is-layout-flow\">\n<figure class=\"wp-block-image size-full\"><a href=\"https:\/\/amzn.to\/3TlChLi\"><img loading=\"lazy\" decoding=\"async\" width=\"104\" height=\"355\" src=\"https:\/\/regaloscondulcura.com\/wp-content\/uploads\/2024\/03\/61swsCPrGOL._AC_SY355_.jpg\" alt=\"\" class=\"wp-image-288\" srcset=\"https:\/\/regaloscondulcura.com\/wp-content\/uploads\/2024\/03\/61swsCPrGOL._AC_SY355_.jpg 104w, https:\/\/regaloscondulcura.com\/wp-content\/uploads\/2024\/03\/61swsCPrGOL._AC_SY355_-88x300.jpg 88w\" sizes=\"auto, (max-width: 104px) 100vw, 104px\" \/><\/a><\/figure>\n\n\n\n<div class=\"wp-block-buttons is-layout-flex wp-block-buttons-is-layout-flex\">\n<div class=\"wp-block-button\"><a class=\"wp-block-button__link wp-element-button\" href=\"https:\/\/amzn.to\/3TlChLi\">ver producto<\/a><\/div>\n<\/div>\n<\/div>\n\n\n\n<div class=\"wp-block-column is-layout-flow wp-block-column-is-layout-flow\">\n<figure class=\"wp-block-image size-large\"><a href=\"https:\/\/amzn.to\/4chux5B\"><img loading=\"lazy\" decoding=\"async\" width=\"1024\" height=\"1024\" src=\"https:\/\/regaloscondulcura.com\/wp-content\/uploads\/2024\/03\/51gPi7go3dL._SL1200_-1024x1024.jpg\" alt=\"\" class=\"wp-image-289\" srcset=\"https:\/\/regaloscondulcura.com\/wp-content\/uploads\/2024\/03\/51gPi7go3dL._SL1200_-1024x1024.jpg 1024w, https:\/\/regaloscondulcura.com\/wp-content\/uploads\/2024\/03\/51gPi7go3dL._SL1200_-300x300.jpg 300w, https:\/\/regaloscondulcura.com\/wp-content\/uploads\/2024\/03\/51gPi7go3dL._SL1200_-150x150.jpg 150w, https:\/\/regaloscondulcura.com\/wp-content\/uploads\/2024\/03\/51gPi7go3dL._SL1200_-768x768.jpg 768w, https:\/\/regaloscondulcura.com\/wp-content\/uploads\/2024\/03\/51gPi7go3dL._SL1200_.jpg 1200w\" sizes=\"auto, (max-width: 1024px) 100vw, 1024px\" \/><\/a><\/figure>\n\n\n\n<div class=\"wp-block-buttons is-layout-flex wp-block-buttons-is-layout-flex\">\n<div class=\"wp-block-button\"><a class=\"wp-block-button__link wp-element-button\" href=\"https:\/\/amzn.to\/4chux5B\">ver producto<\/a><\/div>\n<\/div>\n<\/div>\n\n\n\n<div class=\"wp-block-column is-layout-flow wp-block-column-is-layout-flow\">\n<figure class=\"wp-block-image size-full\"><a href=\"https:\/\/amzn.to\/43i4HdM\"><img loading=\"lazy\" decoding=\"async\" width=\"522\" height=\"522\" src=\"https:\/\/regaloscondulcura.com\/wp-content\/uploads\/2024\/03\/51M7Gdv2gL._SX522_.jpg\" alt=\"\" class=\"wp-image-290\" srcset=\"https:\/\/regaloscondulcura.com\/wp-content\/uploads\/2024\/03\/51M7Gdv2gL._SX522_.jpg 522w, https:\/\/regaloscondulcura.com\/wp-content\/uploads\/2024\/03\/51M7Gdv2gL._SX522_-300x300.jpg 300w, https:\/\/regaloscondulcura.com\/wp-content\/uploads\/2024\/03\/51M7Gdv2gL._SX522_-150x150.jpg 150w\" sizes=\"auto, (max-width: 522px) 100vw, 522px\" \/><\/a><\/figure>\n\n\n\n<div class=\"wp-block-buttons is-layout-flex wp-block-buttons-is-layout-flex\">\n<div class=\"wp-block-button\"><a class=\"wp-block-button__link wp-element-button\" href=\"https:\/\/amzn.to\/43i4HdM\">ver producto<\/a><\/div>\n<\/div>\n<\/div>\n<\/div>\n\n\n\n<p>La amistad es un lazo valioso que une a las personas en un v\u00ednculo de confianza, apoyo y afecto mutuo. Es un refugio donde podemos ser nosotros mismos sin temor al juicio, donde encontramos comprensi\u00f3n y consuelo en momentos dif\u00edciles. La amistad se nutre de risas compartidas, aventuras inolvidables y momentos de complicidad.<\/p>\n\n\n\n<p>La verdadera amistad trasciende las diferencias y perdura a trav\u00e9s del tiempo, siendo un tesoro invaluable en la vida de cada uno.En esta relaci\u00f3n especial, cada amiga es como un espejo que refleja la verdadera esencia de la otra, acept\u00e1ndose mutuamente con todos sus defectos y virtudes. Juntas comparten sue\u00f1os, aspiraciones y experiencias que enriquecen sus vidas y las hacen crecer como individuos.<\/p>\n\n\n\n<div class=\"wp-block-columns is-layout-flex wp-container-core-columns-is-layout-2 wp-block-columns-is-layout-flex\">\n<div class=\"wp-block-column is-layout-flow wp-block-column-is-layout-flow\">\n<figure class=\"wp-block-image size-large is-resized\"><a href=\"https:\/\/amzn.to\/4ac6LX5\"><img loading=\"lazy\" decoding=\"async\" width=\"509\" height=\"1024\" src=\"https:\/\/regaloscondulcura.com\/wp-content\/uploads\/2024\/03\/71w2h46FbcL._AC_SX679_-509x1024.jpg\" alt=\"\" class=\"wp-image-297\" style=\"aspect-ratio:0.8108108108108109;width:289px\" srcset=\"https:\/\/regaloscondulcura.com\/wp-content\/uploads\/2024\/03\/71w2h46FbcL._AC_SX679_-509x1024.jpg 509w, https:\/\/regaloscondulcura.com\/wp-content\/uploads\/2024\/03\/71w2h46FbcL._AC_SX679_-149x300.jpg 149w, https:\/\/regaloscondulcura.com\/wp-content\/uploads\/2024\/03\/71w2h46FbcL._AC_SX679_.jpg 679w\" sizes=\"auto, (max-width: 509px) 100vw, 509px\" \/><\/a><\/figure>\n\n\n\n<div class=\"wp-block-buttons is-layout-flex wp-block-buttons-is-layout-flex\">\n<div class=\"wp-block-button\"><a class=\"wp-block-button__link wp-element-button\" href=\"https:\/\/amzn.to\/4ac6LX5\">ver producto<\/a><\/div>\n<\/div>\n<\/div>\n\n\n\n<div class=\"wp-block-column is-layout-flow wp-block-column-is-layout-flow\">\n<figure class=\"wp-block-image size-full is-resized\"><a href=\"https:\/\/amzn.to\/3PpkQs5\"><img loading=\"lazy\" decoding=\"async\" width=\"522\" height=\"557\" src=\"https:\/\/regaloscondulcura.com\/wp-content\/uploads\/2024\/03\/61B1nPtVkhL._AC_SX522_.jpg\" alt=\"\" class=\"wp-image-298\" style=\"object-fit:cover;width:336px;height:340px\" srcset=\"https:\/\/regaloscondulcura.com\/wp-content\/uploads\/2024\/03\/61B1nPtVkhL._AC_SX522_.jpg 522w, https:\/\/regaloscondulcura.com\/wp-content\/uploads\/2024\/03\/61B1nPtVkhL._AC_SX522_-281x300.jpg 281w\" sizes=\"auto, (max-width: 522px) 100vw, 522px\" \/><\/a><\/figure>\n\n\n\n<div class=\"wp-block-buttons is-layout-flex wp-block-buttons-is-layout-flex\">\n<div class=\"wp-block-button\"><a class=\"wp-block-button__link wp-element-button\">ver producto<\/a><\/div>\n<\/div>\n<\/div>\n\n\n\n<div class=\"wp-block-column is-layout-flow wp-block-column-is-layout-flow\">\n<figure class=\"wp-block-image size-large is-resized\"><a href=\"https:\/\/amzn.to\/49S1FQ5\"><img loading=\"lazy\" decoding=\"async\" width=\"1024\" height=\"616\" src=\"https:\/\/regaloscondulcura.com\/wp-content\/uploads\/2024\/03\/71bBFNLeJJL._AC_SL1500_-1024x616.jpg\" alt=\"\" class=\"wp-image-299\" style=\"aspect-ratio:1.0277777777777777;object-fit:cover;width:338px;height:auto\" srcset=\"https:\/\/regaloscondulcura.com\/wp-content\/uploads\/2024\/03\/71bBFNLeJJL._AC_SL1500_-1024x616.jpg 1024w, https:\/\/regaloscondulcura.com\/wp-content\/uploads\/2024\/03\/71bBFNLeJJL._AC_SL1500_-300x181.jpg 300w, https:\/\/regaloscondulcura.com\/wp-content\/uploads\/2024\/03\/71bBFNLeJJL._AC_SL1500_-768x462.jpg 768w, https:\/\/regaloscondulcura.com\/wp-content\/uploads\/2024\/03\/71bBFNLeJJL._AC_SL1500_.jpg 1499w\" sizes=\"auto, (max-width: 1024px) 100vw, 1024px\" \/><\/a><\/figure>\n\n\n\n<div class=\"wp-block-buttons is-layout-flex wp-block-buttons-is-layout-flex\">\n<div class=\"wp-block-button\"><a class=\"wp-block-button__link wp-element-button\">ver producto<\/a><\/div>\n<\/div>\n<\/div>\n<\/div>\n\n\n\n<div class=\"wp-block-columns is-layout-flex wp-container-core-columns-is-layout-3 wp-block-columns-is-layout-flex\">\n<div class=\"wp-block-column is-layout-flow wp-block-column-is-layout-flow\" style=\"flex-basis:33.33%\">\n<figure class=\"wp-block-image size-full\"><a href=\"https:\/\/amzn.to\/3TM1EHv\"><img loading=\"lazy\" decoding=\"async\" width=\"522\" height=\"530\" src=\"https:\/\/regaloscondulcura.com\/wp-content\/uploads\/2024\/03\/71D-0Dx10cL._AC_SX522_.jpg\" alt=\"\" class=\"wp-image-797\" srcset=\"https:\/\/regaloscondulcura.com\/wp-content\/uploads\/2024\/03\/71D-0Dx10cL._AC_SX522_.jpg 522w, https:\/\/regaloscondulcura.com\/wp-content\/uploads\/2024\/03\/71D-0Dx10cL._AC_SX522_-295x300.jpg 295w\" sizes=\"auto, (max-width: 522px) 100vw, 522px\" \/><\/a><\/figure>\n\n\n\n<p>SHORAN Lima Electrica Pies Durezas, Pedicura Profesional<\/p>\n\n\n\n<div class=\"wp-block-buttons is-layout-flex wp-block-buttons-is-layout-flex\">\n<div class=\"wp-block-button\"><a class=\"wp-block-button__link wp-element-button\" href=\"https:\/\/amzn.to\/3TM1EHv\">ver producto<\/a><\/div>\n<\/div>\n<\/div>\n\n\n\n<div class=\"wp-block-column is-layout-flow wp-block-column-is-layout-flow\" style=\"flex-basis:66.66%\">\n<figure class=\"wp-block-image size-full\"><a href=\"https:\/\/amzn.to\/3x6APoO\"><img loading=\"lazy\" decoding=\"async\" width=\"378\" height=\"355\" src=\"https:\/\/regaloscondulcura.com\/wp-content\/uploads\/2024\/03\/6160ZT5lL1L._AC_SY355_.jpg\" alt=\"\" class=\"wp-image-801\" srcset=\"https:\/\/regaloscondulcura.com\/wp-content\/uploads\/2024\/03\/6160ZT5lL1L._AC_SY355_.jpg 378w, https:\/\/regaloscondulcura.com\/wp-content\/uploads\/2024\/03\/6160ZT5lL1L._AC_SY355_-300x282.jpg 300w\" sizes=\"auto, (max-width: 378px) 100vw, 378px\" \/><\/a><\/figure>\n\n\n\n<p>Torno de U\u00f1as Profesional 35000RPM,NAILGIRLS<\/p>\n\n\n\n<div class=\"wp-block-buttons is-layout-flex wp-block-buttons-is-layout-flex\">\n<div class=\"wp-block-button\"><a class=\"wp-block-button__link wp-element-button\" href=\"https:\/\/amzn.to\/3x6APoO\">ver producto<\/a><\/div>\n<\/div>\n<\/div>\n<\/div>\n","protected":false},"excerpt":{"rendered":"<p>Para tus amigas, considera regalos que reflejen su individualidad y amistad. Opciones incluyen joyer\u00eda personalizada, libros de autoras inspiradoras, kits [&hellip;]<\/p>\n","protected":false},"author":1,"featured_media":0,"parent":0,"menu_order":0,"comment_status":"closed","ping_status":"closed","template":"","meta":{"site-sidebar-layout":"default","site-content-layout":"","ast-site-content-layout":"","site-content-style":"default","site-sidebar-style":"default","ast-global-header-display":"","ast-banner-title-visibility":"","ast-main-header-display":"","ast-hfb-above-header-display":"","ast-hfb-below-header-display":"","ast-hfb-mobile-header-display":"","site-post-title":"","ast-breadcrumbs-content":"","ast-featured-img":"","footer-sml-layout":"","theme-transparent-header-meta":"","adv-header-id-meta":"","stick-header-meta":"","header-above-stick-meta":"","header-main-stick-meta":"","header-below-stick-meta":"","astra-migrate-meta-layouts":"default","ast-page-background-enabled":"default","ast-page-background-meta":{"desktop":{"background-color":"var(--ast-global-color-4)","background-image":"","background-repeat":"repeat","background-position":"center center","background-size":"auto","background-attachment":"scroll","background-type":"","background-media":"","overlay-type":"","overlay-color":"","overlay-gradient":""},"tablet":{"background-color":"","background-image":"","background-repeat":"repeat","background-position":"center center","background-size":"auto","background-attachment":"scroll","background-type":"","background-media":"","overlay-type":"","overlay-color":"","overlay-gradient":""},"mobile":{"background-color":"","background-image":"","background-repeat":"repeat","background-position":"center center","background-size":"auto","background-attachment":"scroll","background-type":"","background-media":"","overlay-type":"","overlay-color":"","overlay-gradient":""}},"ast-content-background-meta":{"desktop":{"background-color":"var(--ast-global-color-5)","background-image":"","background-repeat":"repeat","background-position":"center center","background-size":"auto","background-attachment":"scroll","background-type":"","background-media":"","overlay-type":"","overlay-color":"","overlay-gradient":""},"tablet":{"background-color":"var(--ast-global-color-5)","background-image":"","background-repeat":"repeat","background-position":"center center","background-size":"auto","background-attachment":"scroll","background-type":"","background-media":"","overlay-type":"","overlay-color":"","overlay-gradient":""},"mobile":{"background-color":"var(--ast-global-color-5)","background-image":"","background-repeat":"repeat","background-position":"center center","background-size":"auto","background-attachment":"scroll","background-type":"","background-media":"","overlay-type":"","overlay-color":"","overlay-gradient":""}},"footnotes":""},"class_list":["post-283","page","type-page","status-publish","hentry"],"yoast_head":"<!-- This site is optimized with the Yoast SEO plugin v24.5 - https:\/\/yoast.com\/wordpress\/plugins\/seo\/ -->\n<title>regalos para amigas - regaloscondulcura.com<\/title>\n<meta name=\"description\" content=\"Para tus amigas, considera regalos que reflejen su individualidad y amistad. Opciones incluyen joyer\u00eda personalizada y mucho mas .\" \/>\n<meta name=\"robots\" content=\"index, follow, max-snippet:-1, max-image-preview:large, max-video-preview:-1\" \/>\n<link rel=\"canonical\" href=\"https:\/\/regaloscondulcura.com\/index.php\/regalos-para-amigas\/\" \/>\n<meta property=\"og:locale\" content=\"es_ES\" \/>\n<meta property=\"og:type\" content=\"article\" \/>\n<meta property=\"og:title\" content=\"regalos para amigas - regaloscondulcura.com\" \/>\n<meta property=\"og:description\" content=\"Para tus amigas, considera regalos que reflejen su individualidad y amistad. Opciones incluyen joyer\u00eda personalizada y mucho mas .\" \/>\n<meta property=\"og:url\" content=\"https:\/\/regaloscondulcura.com\/index.php\/regalos-para-amigas\/\" \/>\n<meta property=\"og:site_name\" content=\"regaloscondulcura.com\" \/>\n<meta property=\"article:modified_time\" content=\"2024-03-22T08:24:12+00:00\" \/>\n<meta property=\"og:image\" content=\"https:\/\/regaloscondulcura.com\/wp-content\/uploads\/2024\/03\/61swsCPrGOL._AC_SY355_.jpg\" \/>\n<meta name=\"twitter:card\" content=\"summary_large_image\" \/>\n<meta name=\"twitter:label1\" content=\"Tiempo de lectura\" \/>\n\t<meta name=\"twitter:data1\" content=\"3 minutos\" \/>\n<script type=\"application\/ld+json\" class=\"yoast-schema-graph\">{\"@context\":\"https:\/\/schema.org\",\"@graph\":[{\"@type\":\"WebPage\",\"@id\":\"https:\/\/regaloscondulcura.com\/index.php\/regalos-para-amigas\/\",\"url\":\"https:\/\/regaloscondulcura.com\/index.php\/regalos-para-amigas\/\",\"name\":\"regalos para amigas - regaloscondulcura.com\",\"isPartOf\":{\"@id\":\"https:\/\/regaloscondulcura.com\/#website\"},\"primaryImageOfPage\":{\"@id\":\"https:\/\/regaloscondulcura.com\/index.php\/regalos-para-amigas\/#primaryimage\"},\"image\":{\"@id\":\"https:\/\/regaloscondulcura.com\/index.php\/regalos-para-amigas\/#primaryimage\"},\"thumbnailUrl\":\"https:\/\/regaloscondulcura.com\/wp-content\/uploads\/2024\/03\/61swsCPrGOL._AC_SY355_.jpg\",\"datePublished\":\"2024-03-15T14:07:19+00:00\",\"dateModified\":\"2024-03-22T08:24:12+00:00\",\"description\":\"Para tus amigas, considera regalos que reflejen su individualidad y amistad. Opciones incluyen joyer\u00eda personalizada y mucho mas .\",\"breadcrumb\":{\"@id\":\"https:\/\/regaloscondulcura.com\/index.php\/regalos-para-amigas\/#breadcrumb\"},\"inLanguage\":\"es\",\"potentialAction\":[{\"@type\":\"ReadAction\",\"target\":[\"https:\/\/regaloscondulcura.com\/index.php\/regalos-para-amigas\/\"]}]},{\"@type\":\"ImageObject\",\"inLanguage\":\"es\",\"@id\":\"https:\/\/regaloscondulcura.com\/index.php\/regalos-para-amigas\/#primaryimage\",\"url\":\"https:\/\/regaloscondulcura.com\/wp-content\/uploads\/2024\/03\/61swsCPrGOL._AC_SY355_.jpg\",\"contentUrl\":\"https:\/\/regaloscondulcura.com\/wp-content\/uploads\/2024\/03\/61swsCPrGOL._AC_SY355_.jpg\",\"width\":104,\"height\":355},{\"@type\":\"BreadcrumbList\",\"@id\":\"https:\/\/regaloscondulcura.com\/index.php\/regalos-para-amigas\/#breadcrumb\",\"itemListElement\":[{\"@type\":\"ListItem\",\"position\":1,\"name\":\"Portada\",\"item\":\"https:\/\/regaloscondulcura.com\/\"},{\"@type\":\"ListItem\",\"position\":2,\"name\":\"regalos para amigas\"}]},{\"@type\":\"WebSite\",\"@id\":\"https:\/\/regaloscondulcura.com\/#website\",\"url\":\"https:\/\/regaloscondulcura.com\/\",\"name\":\"regaloscondulcura.com\",\"description\":\"Tienda online\",\"publisher\":{\"@id\":\"https:\/\/regaloscondulcura.com\/#organization\"},\"potentialAction\":[{\"@type\":\"SearchAction\",\"target\":{\"@type\":\"EntryPoint\",\"urlTemplate\":\"https:\/\/regaloscondulcura.com\/?s={search_term_string}\"},\"query-input\":{\"@type\":\"PropertyValueSpecification\",\"valueRequired\":true,\"valueName\":\"search_term_string\"}}],\"inLanguage\":\"es\"},{\"@type\":\"Organization\",\"@id\":\"https:\/\/regaloscondulcura.com\/#organization\",\"name\":\"regaloscondulcura.com\",\"url\":\"https:\/\/regaloscondulcura.com\/\",\"logo\":{\"@type\":\"ImageObject\",\"inLanguage\":\"es\",\"@id\":\"https:\/\/regaloscondulcura.com\/#\/schema\/logo\/image\/\",\"url\":\"https:\/\/regaloscondulcura.com\/wp-content\/uploads\/2024\/03\/cropped-4X8EJr-LogoMakr-1.png\",\"contentUrl\":\"https:\/\/regaloscondulcura.com\/wp-content\/uploads\/2024\/03\/cropped-4X8EJr-LogoMakr-1.png\",\"width\":512,\"height\":512,\"caption\":\"regaloscondulcura.com\"},\"image\":{\"@id\":\"https:\/\/regaloscondulcura.com\/#\/schema\/logo\/image\/\"}}]}<\/script>\n<!-- \/ Yoast SEO plugin. -->","yoast_head_json":{"title":"regalos para amigas - regaloscondulcura.com","description":"Para tus amigas, considera regalos que reflejen su individualidad y amistad. Opciones incluyen joyer\u00eda personalizada y mucho mas .","robots":{"index":"index","follow":"follow","max-snippet":"max-snippet:-1","max-image-preview":"max-image-preview:large","max-video-preview":"max-video-preview:-1"},"canonical":"https:\/\/regaloscondulcura.com\/index.php\/regalos-para-amigas\/","og_locale":"es_ES","og_type":"article","og_title":"regalos para amigas - regaloscondulcura.com","og_description":"Para tus amigas, considera regalos que reflejen su individualidad y amistad. Opciones incluyen joyer\u00eda personalizada y mucho mas .","og_url":"https:\/\/regaloscondulcura.com\/index.php\/regalos-para-amigas\/","og_site_name":"regaloscondulcura.com","article_modified_time":"2024-03-22T08:24:12+00:00","og_image":[{"url":"https:\/\/regaloscondulcura.com\/wp-content\/uploads\/2024\/03\/61swsCPrGOL._AC_SY355_.jpg","type":"","width":"","height":""}],"twitter_card":"summary_large_image","twitter_misc":{"Tiempo de lectura":"3 minutos"},"schema":{"@context":"https:\/\/schema.org","@graph":[{"@type":"WebPage","@id":"https:\/\/regaloscondulcura.com\/index.php\/regalos-para-amigas\/","url":"https:\/\/regaloscondulcura.com\/index.php\/regalos-para-amigas\/","name":"regalos para amigas - regaloscondulcura.com","isPartOf":{"@id":"https:\/\/regaloscondulcura.com\/#website"},"primaryImageOfPage":{"@id":"https:\/\/regaloscondulcura.com\/index.php\/regalos-para-amigas\/#primaryimage"},"image":{"@id":"https:\/\/regaloscondulcura.com\/index.php\/regalos-para-amigas\/#primaryimage"},"thumbnailUrl":"https:\/\/regaloscondulcura.com\/wp-content\/uploads\/2024\/03\/61swsCPrGOL._AC_SY355_.jpg","datePublished":"2024-03-15T14:07:19+00:00","dateModified":"2024-03-22T08:24:12+00:00","description":"Para tus amigas, considera regalos que reflejen su individualidad y amistad. Opciones incluyen joyer\u00eda personalizada y mucho mas .","breadcrumb":{"@id":"https:\/\/regaloscondulcura.com\/index.php\/regalos-para-amigas\/#breadcrumb"},"inLanguage":"es","potentialAction":[{"@type":"ReadAction","target":["https:\/\/regaloscondulcura.com\/index.php\/regalos-para-amigas\/"]}]},{"@type":"ImageObject","inLanguage":"es","@id":"https:\/\/regaloscondulcura.com\/index.php\/regalos-para-amigas\/#primaryimage","url":"https:\/\/regaloscondulcura.com\/wp-content\/uploads\/2024\/03\/61swsCPrGOL._AC_SY355_.jpg","contentUrl":"https:\/\/regaloscondulcura.com\/wp-content\/uploads\/2024\/03\/61swsCPrGOL._AC_SY355_.jpg","width":104,"height":355},{"@type":"BreadcrumbList","@id":"https:\/\/regaloscondulcura.com\/index.php\/regalos-para-amigas\/#breadcrumb","itemListElement":[{"@type":"ListItem","position":1,"name":"Portada","item":"https:\/\/regaloscondulcura.com\/"},{"@type":"ListItem","position":2,"name":"regalos para amigas"}]},{"@type":"WebSite","@id":"https:\/\/regaloscondulcura.com\/#website","url":"https:\/\/regaloscondulcura.com\/","name":"regaloscondulcura.com","description":"Tienda online","publisher":{"@id":"https:\/\/regaloscondulcura.com\/#organization"},"potentialAction":[{"@type":"SearchAction","target":{"@type":"EntryPoint","urlTemplate":"https:\/\/regaloscondulcura.com\/?s={search_term_string}"},"query-input":{"@type":"PropertyValueSpecification","valueRequired":true,"valueName":"search_term_string"}}],"inLanguage":"es"},{"@type":"Organization","@id":"https:\/\/regaloscondulcura.com\/#organization","name":"regaloscondulcura.com","url":"https:\/\/regaloscondulcura.com\/","logo":{"@type":"ImageObject","inLanguage":"es","@id":"https:\/\/regaloscondulcura.com\/#\/schema\/logo\/image\/","url":"https:\/\/regaloscondulcura.com\/wp-content\/uploads\/2024\/03\/cropped-4X8EJr-LogoMakr-1.png","contentUrl":"https:\/\/regaloscondulcura.com\/wp-content\/uploads\/2024\/03\/cropped-4X8EJr-LogoMakr-1.png","width":512,"height":512,"caption":"regaloscondulcura.com"},"image":{"@id":"https:\/\/regaloscondulcura.com\/#\/schema\/logo\/image\/"}}]}},"_links":{"self":[{"href":"https:\/\/regaloscondulcura.com\/index.php\/wp-json\/wp\/v2\/pages\/283","targetHints":{"allow":["GET"]}}],"collection":[{"href":"https:\/\/regaloscondulcura.com\/index.php\/wp-json\/wp\/v2\/pages"}],"about":[{"href":"https:\/\/regaloscondulcura.com\/index.php\/wp-json\/wp\/v2\/types\/page"}],"author":[{"embeddable":true,"href":"https:\/\/regaloscondulcura.com\/index.php\/wp-json\/wp\/v2\/users\/1"}],"replies":[{"embeddable":true,"href":"https:\/\/regaloscondulcura.com\/index.php\/wp-json\/wp\/v2\/comments?post=283"}],"version-history":[{"count":7,"href":"https:\/\/regaloscondulcura.com\/index.php\/wp-json\/wp\/v2\/pages\/283\/revisions"}],"predecessor-version":[{"id":802,"href":"https:\/\/regaloscondulcura.com\/index.php\/wp-json\/wp\/v2\/pages\/283\/revisions\/802"}],"wp:attachment":[{"href":"https:\/\/regaloscondulcura.com\/index.php\/wp-json\/wp\/v2\/media?parent=283"}],"curies":[{"name":"wp","href":"https:\/\/api.w.org\/{rel}","templated":true}]}}