{"id":332,"date":"2024-03-15T17:53:48","date_gmt":"2024-03-15T16:53:48","guid":{"rendered":"https:\/\/regaloscondulcura.com\/?page_id=332"},"modified":"2024-03-28T10:57:48","modified_gmt":"2024-03-28T09:57:48","slug":"regalos-de-aniversario","status":"publish","type":"page","link":"https:\/\/regaloscondulcura.com\/index.php\/regalos-de-aniversario\/","title":{"rendered":"Regalos de aniversario"},"content":{"rendered":"\n<p>En nuestra tienda  online estamos para ayudarte a poder elegir el regalo de aniversario son una manera especial de celebrar y conmemorar el amor y la conexi\u00f3n compartida a lo largo del tiempo. Estos regalos suelen tener un significado emocional profundo y pueden variar dependiendo del tiempo que lleven juntos y de sus intereses mutuos. Lo m\u00e1s importante es que el regalo refleje el amor, la complicidad y la gratitud que ambos comparten en este d\u00eda tan especial.<\/p>\n\n\n\n<p>En esta relaci\u00f3n, cada peque\u00f1o gesto es un recordatorio del amor que los sustenta: desde una sonrisa c\u00e1lida hasta un abrazo reconfortante, desde una palabra de aliento hasta un gesto de ternura. Cada momento juntos es un regalo preciado, una oportunidad para cultivar el amor<\/p>\n\n\n\n<div class=\"wp-block-columns is-layout-flex wp-container-core-columns-is-layout-1 wp-block-columns-is-layout-flex\">\n<div class=\"wp-block-column is-layout-flow wp-block-column-is-layout-flow\">\n<figure class=\"wp-block-image size-full is-resized\"><a href=\"https:\/\/amzn.to\/48YJNSj\"><img loading=\"lazy\" decoding=\"async\" width=\"991\" height=\"500\" src=\"https:\/\/regaloscondulcura.com\/wp-content\/uploads\/2024\/03\/61RK7cWgY4L._AC_SY500_.jpg\" alt=\"\" class=\"wp-image-337\" style=\"width:323px;height:auto\" srcset=\"https:\/\/regaloscondulcura.com\/wp-content\/uploads\/2024\/03\/61RK7cWgY4L._AC_SY500_.jpg 991w, https:\/\/regaloscondulcura.com\/wp-content\/uploads\/2024\/03\/61RK7cWgY4L._AC_SY500_-300x151.jpg 300w, https:\/\/regaloscondulcura.com\/wp-content\/uploads\/2024\/03\/61RK7cWgY4L._AC_SY500_-768x387.jpg 768w\" sizes=\"auto, (max-width: 991px) 100vw, 991px\" \/><\/a><\/figure>\n\n\n\n<div class=\"wp-block-buttons is-layout-flex wp-block-buttons-is-layout-flex\">\n<div class=\"wp-block-button\"><a class=\"wp-block-button__link wp-element-button\" href=\"https:\/\/amzn.to\/48YJNSj\">ver producto<\/a><\/div>\n<\/div>\n<\/div>\n\n\n\n<div class=\"wp-block-column is-layout-flow wp-block-column-is-layout-flow\">\n<figure class=\"wp-block-image size-full is-resized\"><a href=\"https:\/\/amzn.to\/3wYbkGb\"><img loading=\"lazy\" decoding=\"async\" width=\"615\" height=\"535\" src=\"https:\/\/regaloscondulcura.com\/wp-content\/uploads\/2024\/03\/71ZsT6UHJmL._AC_SY535_.jpg\" alt=\"\" class=\"wp-image-339\" style=\"object-fit:cover;width:310px;height:210px\" srcset=\"https:\/\/regaloscondulcura.com\/wp-content\/uploads\/2024\/03\/71ZsT6UHJmL._AC_SY535_.jpg 615w, https:\/\/regaloscondulcura.com\/wp-content\/uploads\/2024\/03\/71ZsT6UHJmL._AC_SY535_-300x261.jpg 300w\" sizes=\"auto, (max-width: 615px) 100vw, 615px\" \/><\/a><\/figure>\n\n\n\n<div class=\"wp-block-buttons is-layout-flex wp-block-buttons-is-layout-flex\">\n<div class=\"wp-block-button\"><a class=\"wp-block-button__link wp-element-button\" href=\"https:\/\/amzn.to\/3wYbkGb\">ver producto<\/a><\/div>\n<\/div>\n<\/div>\n\n\n\n<div class=\"wp-block-column is-layout-flow wp-block-column-is-layout-flow\">\n<figure class=\"wp-block-image size-full is-resized\"><a href=\"https:\/\/amzn.to\/3VlAgSa\"><img loading=\"lazy\" decoding=\"async\" width=\"679\" height=\"363\" src=\"https:\/\/regaloscondulcura.com\/wp-content\/uploads\/2024\/03\/61nUbt0VLuL._AC_SX679_.jpg\" alt=\"\" class=\"wp-image-341\" style=\"width:352px;height:auto\" srcset=\"https:\/\/regaloscondulcura.com\/wp-content\/uploads\/2024\/03\/61nUbt0VLuL._AC_SX679_.jpg 679w, https:\/\/regaloscondulcura.com\/wp-content\/uploads\/2024\/03\/61nUbt0VLuL._AC_SX679_-300x160.jpg 300w\" sizes=\"auto, (max-width: 679px) 100vw, 679px\" \/><\/a><\/figure>\n\n\n\n<div class=\"wp-block-buttons is-layout-flex wp-block-buttons-is-layout-flex\">\n<div class=\"wp-block-button\"><a class=\"wp-block-button__link wp-element-button\" href=\"https:\/\/amzn.to\/3VlAgSa\">ver producto<\/a><\/div>\n<\/div>\n<\/div>\n<\/div>\n\n\n\n<p>Los regalos de aniversario son una oportunidad \u00fanica para celebrar y fortalecer el v\u00ednculo especial que compartes con tu pareja. M\u00e1s all\u00e1 de la materialidad, representan un s\u00edmbolo tangible del amor, la complicidad y el compromiso mutuo que han construido juntos a lo largo del tiempo.<\/p>\n\n\n\n<p>Cuando se trata de elegir el regalo perfecto para un aniversario, es importante considerar el significado emocional detr\u00e1s del gesto. Puedes optar por regalos personalizados que reflejen momentos importantes de su relaci\u00f3n, como un \u00e1lbum de fotos lleno de recuerdos compartidos o un objeto conmemorativo grabado con la fecha de vuestro aniversario.<\/p>\n\n\n\n<p>Lo m\u00e1s importante es que el regalo refleje tu amor, dedicaci\u00f3n y admiraci\u00f3n hacia tu pareja, y que sea una expresi\u00f3n genuina de tu deseo de hacerla feliz en este d\u00eda tan especial.<\/p>\n\n\n\n<div class=\"wp-block-columns is-layout-flex wp-container-core-columns-is-layout-2 wp-block-columns-is-layout-flex\">\n<div class=\"wp-block-column is-layout-flow wp-block-column-is-layout-flow\">\n<figure class=\"wp-block-image size-full\"><a href=\"https:\/\/amzn.to\/49Rtzvj\"><img loading=\"lazy\" decoding=\"async\" width=\"679\" height=\"783\" src=\"https:\/\/regaloscondulcura.com\/wp-content\/uploads\/2024\/03\/71biBfsk7OL._AC_SX679_.jpg\" alt=\"\" class=\"wp-image-351\" srcset=\"https:\/\/regaloscondulcura.com\/wp-content\/uploads\/2024\/03\/71biBfsk7OL._AC_SX679_.jpg 679w, https:\/\/regaloscondulcura.com\/wp-content\/uploads\/2024\/03\/71biBfsk7OL._AC_SX679_-260x300.jpg 260w\" sizes=\"auto, (max-width: 679px) 100vw, 679px\" \/><\/a><\/figure>\n\n\n\n<div class=\"wp-block-buttons is-layout-flex wp-block-buttons-is-layout-flex\">\n<div class=\"wp-block-button\"><a class=\"wp-block-button__link wp-element-button\" href=\"https:\/\/amzn.to\/49Rtzvj\">ver producto<\/a><\/div>\n<\/div>\n<\/div>\n\n\n\n<div class=\"wp-block-column is-layout-flow wp-block-column-is-layout-flow\">\n<figure class=\"wp-block-image size-full\"><a href=\"https:\/\/amzn.to\/3wTbP4m\"><img loading=\"lazy\" decoding=\"async\" width=\"617\" height=\"936\" src=\"https:\/\/regaloscondulcura.com\/wp-content\/uploads\/2024\/03\/61znCR1JTL._AC_SX679_.jpg\" alt=\"\" class=\"wp-image-353\" srcset=\"https:\/\/regaloscondulcura.com\/wp-content\/uploads\/2024\/03\/61znCR1JTL._AC_SX679_.jpg 617w, https:\/\/regaloscondulcura.com\/wp-content\/uploads\/2024\/03\/61znCR1JTL._AC_SX679_-198x300.jpg 198w\" sizes=\"auto, (max-width: 617px) 100vw, 617px\" \/><\/a><\/figure>\n\n\n\n<div class=\"wp-block-buttons is-layout-flex wp-block-buttons-is-layout-flex\">\n<div class=\"wp-block-button\"><a class=\"wp-block-button__link wp-element-button\" href=\"https:\/\/amzn.to\/3wTbP4m\">ver producto<\/a><\/div>\n<\/div>\n<\/div>\n<\/div>\n","protected":false},"excerpt":{"rendered":"<p>En nuestra tienda online estamos para ayudarte a poder elegir el regalo de aniversario son una manera especial de celebrar [&hellip;]<\/p>\n","protected":false},"author":1,"featured_media":0,"parent":0,"menu_order":0,"comment_status":"closed","ping_status":"closed","template":"","meta":{"site-sidebar-layout":"default","site-content-layout":"","ast-site-content-layout":"","site-content-style":"default","site-sidebar-style":"default","ast-global-header-display":"","ast-banner-title-visibility":"","ast-main-header-display":"","ast-hfb-above-header-display":"","ast-hfb-below-header-display":"","ast-hfb-mobile-header-display":"","site-post-title":"","ast-breadcrumbs-content":"","ast-featured-img":"","footer-sml-layout":"","theme-transparent-header-meta":"","adv-header-id-meta":"","stick-header-meta":"","header-above-stick-meta":"","header-main-stick-meta":"","header-below-stick-meta":"","astra-migrate-meta-layouts":"default","ast-page-background-enabled":"default","ast-page-background-meta":{"desktop":{"background-color":"var(--ast-global-color-4)","background-image":"","background-repeat":"repeat","background-position":"center center","background-size":"auto","background-attachment":"scroll","background-type":"","background-media":"","overlay-type":"","overlay-color":"","overlay-gradient":""},"tablet":{"background-color":"","background-image":"","background-repeat":"repeat","background-position":"center center","background-size":"auto","background-attachment":"scroll","background-type":"","background-media":"","overlay-type":"","overlay-color":"","overlay-gradient":""},"mobile":{"background-color":"","background-image":"","background-repeat":"repeat","background-position":"center center","background-size":"auto","background-attachment":"scroll","background-type":"","background-media":"","overlay-type":"","overlay-color":"","overlay-gradient":""}},"ast-content-background-meta":{"desktop":{"background-color":"var(--ast-global-color-5)","background-image":"","background-repeat":"repeat","background-position":"center center","background-size":"auto","background-attachment":"scroll","background-type":"","background-media":"","overlay-type":"","overlay-color":"","overlay-gradient":""},"tablet":{"background-color":"var(--ast-global-color-5)","background-image":"","background-repeat":"repeat","background-position":"center center","background-size":"auto","background-attachment":"scroll","background-type":"","background-media":"","overlay-type":"","overlay-color":"","overlay-gradient":""},"mobile":{"background-color":"var(--ast-global-color-5)","background-image":"","background-repeat":"repeat","background-position":"center center","background-size":"auto","background-attachment":"scroll","background-type":"","background-media":"","overlay-type":"","overlay-color":"","overlay-gradient":""}},"footnotes":""},"class_list":["post-332","page","type-page","status-publish","hentry"],"yoast_head":"<!-- This site is optimized with the Yoast SEO plugin v24.5 - https:\/\/yoast.com\/wordpress\/plugins\/seo\/ -->\n<title>Regalos de aniversario - regaloscondulcura.com<\/title>\n<meta name=\"description\" content=\"Los regalos de aniversario son una oportunidad \u00fanica para celebrar y fortalecer el v\u00ednculo especial que compartes con tu pareja\" \/>\n<meta name=\"robots\" content=\"index, follow, max-snippet:-1, max-image-preview:large, max-video-preview:-1\" \/>\n<link rel=\"canonical\" href=\"https:\/\/regaloscondulcura.com\/index.php\/regalos-de-aniversario\/\" \/>\n<meta property=\"og:locale\" content=\"es_ES\" \/>\n<meta property=\"og:type\" content=\"article\" \/>\n<meta property=\"og:title\" content=\"Regalos de aniversario - regaloscondulcura.com\" \/>\n<meta property=\"og:description\" content=\"Los regalos de aniversario son una oportunidad \u00fanica para celebrar y fortalecer el v\u00ednculo especial que compartes con tu pareja\" \/>\n<meta property=\"og:url\" content=\"https:\/\/regaloscondulcura.com\/index.php\/regalos-de-aniversario\/\" \/>\n<meta property=\"og:site_name\" content=\"regaloscondulcura.com\" \/>\n<meta property=\"article:modified_time\" content=\"2024-03-28T09:57:48+00:00\" \/>\n<meta property=\"og:image\" content=\"https:\/\/regaloscondulcura.com\/wp-content\/uploads\/2024\/03\/61RK7cWgY4L._AC_SY500_.jpg\" \/>\n<meta name=\"twitter:card\" content=\"summary_large_image\" \/>\n<meta name=\"twitter:label1\" content=\"Tiempo de lectura\" \/>\n\t<meta name=\"twitter:data1\" content=\"3 minutos\" \/>\n<script type=\"application\/ld+json\" class=\"yoast-schema-graph\">{\"@context\":\"https:\/\/schema.org\",\"@graph\":[{\"@type\":\"WebPage\",\"@id\":\"https:\/\/regaloscondulcura.com\/index.php\/regalos-de-aniversario\/\",\"url\":\"https:\/\/regaloscondulcura.com\/index.php\/regalos-de-aniversario\/\",\"name\":\"Regalos de aniversario - regaloscondulcura.com\",\"isPartOf\":{\"@id\":\"https:\/\/regaloscondulcura.com\/#website\"},\"primaryImageOfPage\":{\"@id\":\"https:\/\/regaloscondulcura.com\/index.php\/regalos-de-aniversario\/#primaryimage\"},\"image\":{\"@id\":\"https:\/\/regaloscondulcura.com\/index.php\/regalos-de-aniversario\/#primaryimage\"},\"thumbnailUrl\":\"https:\/\/regaloscondulcura.com\/wp-content\/uploads\/2024\/03\/61RK7cWgY4L._AC_SY500_.jpg\",\"datePublished\":\"2024-03-15T16:53:48+00:00\",\"dateModified\":\"2024-03-28T09:57:48+00:00\",\"description\":\"Los regalos de aniversario son una oportunidad \u00fanica para celebrar y fortalecer el v\u00ednculo especial que compartes con tu pareja\",\"breadcrumb\":{\"@id\":\"https:\/\/regaloscondulcura.com\/index.php\/regalos-de-aniversario\/#breadcrumb\"},\"inLanguage\":\"es\",\"potentialAction\":[{\"@type\":\"ReadAction\",\"target\":[\"https:\/\/regaloscondulcura.com\/index.php\/regalos-de-aniversario\/\"]}]},{\"@type\":\"ImageObject\",\"inLanguage\":\"es\",\"@id\":\"https:\/\/regaloscondulcura.com\/index.php\/regalos-de-aniversario\/#primaryimage\",\"url\":\"https:\/\/regaloscondulcura.com\/wp-content\/uploads\/2024\/03\/61RK7cWgY4L._AC_SY500_.jpg\",\"contentUrl\":\"https:\/\/regaloscondulcura.com\/wp-content\/uploads\/2024\/03\/61RK7cWgY4L._AC_SY500_.jpg\",\"width\":991,\"height\":500},{\"@type\":\"BreadcrumbList\",\"@id\":\"https:\/\/regaloscondulcura.com\/index.php\/regalos-de-aniversario\/#breadcrumb\",\"itemListElement\":[{\"@type\":\"ListItem\",\"position\":1,\"name\":\"Portada\",\"item\":\"https:\/\/regaloscondulcura.com\/\"},{\"@type\":\"ListItem\",\"position\":2,\"name\":\"Regalos de aniversario\"}]},{\"@type\":\"WebSite\",\"@id\":\"https:\/\/regaloscondulcura.com\/#website\",\"url\":\"https:\/\/regaloscondulcura.com\/\",\"name\":\"regaloscondulcura.com\",\"description\":\"Tienda online\",\"publisher\":{\"@id\":\"https:\/\/regaloscondulcura.com\/#organization\"},\"potentialAction\":[{\"@type\":\"SearchAction\",\"target\":{\"@type\":\"EntryPoint\",\"urlTemplate\":\"https:\/\/regaloscondulcura.com\/?s={search_term_string}\"},\"query-input\":{\"@type\":\"PropertyValueSpecification\",\"valueRequired\":true,\"valueName\":\"search_term_string\"}}],\"inLanguage\":\"es\"},{\"@type\":\"Organization\",\"@id\":\"https:\/\/regaloscondulcura.com\/#organization\",\"name\":\"regaloscondulcura.com\",\"url\":\"https:\/\/regaloscondulcura.com\/\",\"logo\":{\"@type\":\"ImageObject\",\"inLanguage\":\"es\",\"@id\":\"https:\/\/regaloscondulcura.com\/#\/schema\/logo\/image\/\",\"url\":\"https:\/\/regaloscondulcura.com\/wp-content\/uploads\/2024\/03\/cropped-4X8EJr-LogoMakr-1.png\",\"contentUrl\":\"https:\/\/regaloscondulcura.com\/wp-content\/uploads\/2024\/03\/cropped-4X8EJr-LogoMakr-1.png\",\"width\":512,\"height\":512,\"caption\":\"regaloscondulcura.com\"},\"image\":{\"@id\":\"https:\/\/regaloscondulcura.com\/#\/schema\/logo\/image\/\"}}]}<\/script>\n<!-- \/ Yoast SEO plugin. -->","yoast_head_json":{"title":"Regalos de aniversario - regaloscondulcura.com","description":"Los regalos de aniversario son una oportunidad \u00fanica para celebrar y fortalecer el v\u00ednculo especial que compartes con tu pareja","robots":{"index":"index","follow":"follow","max-snippet":"max-snippet:-1","max-image-preview":"max-image-preview:large","max-video-preview":"max-video-preview:-1"},"canonical":"https:\/\/regaloscondulcura.com\/index.php\/regalos-de-aniversario\/","og_locale":"es_ES","og_type":"article","og_title":"Regalos de aniversario - regaloscondulcura.com","og_description":"Los regalos de aniversario son una oportunidad \u00fanica para celebrar y fortalecer el v\u00ednculo especial que compartes con tu pareja","og_url":"https:\/\/regaloscondulcura.com\/index.php\/regalos-de-aniversario\/","og_site_name":"regaloscondulcura.com","article_modified_time":"2024-03-28T09:57:48+00:00","og_image":[{"url":"https:\/\/regaloscondulcura.com\/wp-content\/uploads\/2024\/03\/61RK7cWgY4L._AC_SY500_.jpg","type":"","width":"","height":""}],"twitter_card":"summary_large_image","twitter_misc":{"Tiempo de lectura":"3 minutos"},"schema":{"@context":"https:\/\/schema.org","@graph":[{"@type":"WebPage","@id":"https:\/\/regaloscondulcura.com\/index.php\/regalos-de-aniversario\/","url":"https:\/\/regaloscondulcura.com\/index.php\/regalos-de-aniversario\/","name":"Regalos de aniversario - regaloscondulcura.com","isPartOf":{"@id":"https:\/\/regaloscondulcura.com\/#website"},"primaryImageOfPage":{"@id":"https:\/\/regaloscondulcura.com\/index.php\/regalos-de-aniversario\/#primaryimage"},"image":{"@id":"https:\/\/regaloscondulcura.com\/index.php\/regalos-de-aniversario\/#primaryimage"},"thumbnailUrl":"https:\/\/regaloscondulcura.com\/wp-content\/uploads\/2024\/03\/61RK7cWgY4L._AC_SY500_.jpg","datePublished":"2024-03-15T16:53:48+00:00","dateModified":"2024-03-28T09:57:48+00:00","description":"Los regalos de aniversario son una oportunidad \u00fanica para celebrar y fortalecer el v\u00ednculo especial que compartes con tu pareja","breadcrumb":{"@id":"https:\/\/regaloscondulcura.com\/index.php\/regalos-de-aniversario\/#breadcrumb"},"inLanguage":"es","potentialAction":[{"@type":"ReadAction","target":["https:\/\/regaloscondulcura.com\/index.php\/regalos-de-aniversario\/"]}]},{"@type":"ImageObject","inLanguage":"es","@id":"https:\/\/regaloscondulcura.com\/index.php\/regalos-de-aniversario\/#primaryimage","url":"https:\/\/regaloscondulcura.com\/wp-content\/uploads\/2024\/03\/61RK7cWgY4L._AC_SY500_.jpg","contentUrl":"https:\/\/regaloscondulcura.com\/wp-content\/uploads\/2024\/03\/61RK7cWgY4L._AC_SY500_.jpg","width":991,"height":500},{"@type":"BreadcrumbList","@id":"https:\/\/regaloscondulcura.com\/index.php\/regalos-de-aniversario\/#breadcrumb","itemListElement":[{"@type":"ListItem","position":1,"name":"Portada","item":"https:\/\/regaloscondulcura.com\/"},{"@type":"ListItem","position":2,"name":"Regalos de aniversario"}]},{"@type":"WebSite","@id":"https:\/\/regaloscondulcura.com\/#website","url":"https:\/\/regaloscondulcura.com\/","name":"regaloscondulcura.com","description":"Tienda online","publisher":{"@id":"https:\/\/regaloscondulcura.com\/#organization"},"potentialAction":[{"@type":"SearchAction","target":{"@type":"EntryPoint","urlTemplate":"https:\/\/regaloscondulcura.com\/?s={search_term_string}"},"query-input":{"@type":"PropertyValueSpecification","valueRequired":true,"valueName":"search_term_string"}}],"inLanguage":"es"},{"@type":"Organization","@id":"https:\/\/regaloscondulcura.com\/#organization","name":"regaloscondulcura.com","url":"https:\/\/regaloscondulcura.com\/","logo":{"@type":"ImageObject","inLanguage":"es","@id":"https:\/\/regaloscondulcura.com\/#\/schema\/logo\/image\/","url":"https:\/\/regaloscondulcura.com\/wp-content\/uploads\/2024\/03\/cropped-4X8EJr-LogoMakr-1.png","contentUrl":"https:\/\/regaloscondulcura.com\/wp-content\/uploads\/2024\/03\/cropped-4X8EJr-LogoMakr-1.png","width":512,"height":512,"caption":"regaloscondulcura.com"},"image":{"@id":"https:\/\/regaloscondulcura.com\/#\/schema\/logo\/image\/"}}]}},"_links":{"self":[{"href":"https:\/\/regaloscondulcura.com\/index.php\/wp-json\/wp\/v2\/pages\/332","targetHints":{"allow":["GET"]}}],"collection":[{"href":"https:\/\/regaloscondulcura.com\/index.php\/wp-json\/wp\/v2\/pages"}],"about":[{"href":"https:\/\/regaloscondulcura.com\/index.php\/wp-json\/wp\/v2\/types\/page"}],"author":[{"embeddable":true,"href":"https:\/\/regaloscondulcura.com\/index.php\/wp-json\/wp\/v2\/users\/1"}],"replies":[{"embeddable":true,"href":"https:\/\/regaloscondulcura.com\/index.php\/wp-json\/wp\/v2\/comments?post=332"}],"version-history":[{"count":11,"href":"https:\/\/regaloscondulcura.com\/index.php\/wp-json\/wp\/v2\/pages\/332\/revisions"}],"predecessor-version":[{"id":933,"href":"https:\/\/regaloscondulcura.com\/index.php\/wp-json\/wp\/v2\/pages\/332\/revisions\/933"}],"wp:attachment":[{"href":"https:\/\/regaloscondulcura.com\/index.php\/wp-json\/wp\/v2\/media?parent=332"}],"curies":[{"name":"wp","href":"https:\/\/api.w.org\/{rel}","templated":true}]}}