{"id":402,"date":"2024-03-16T11:47:54","date_gmt":"2024-03-16T10:47:54","guid":{"rendered":"https:\/\/regaloscondulcura.com\/?page_id=402"},"modified":"2024-03-19T03:21:07","modified_gmt":"2024-03-19T10:21:07","slug":"regalo-del-dia-padre","status":"publish","type":"page","link":"https:\/\/regaloscondulcura.com\/index.php\/regalo-del-dia-padre\/","title":{"rendered":"Regalo del dia Padre"},"content":{"rendered":"\n<p><br>Regalo del d\u00eda del padre es una celebraci\u00f3n es una oportunidad para celebrar y honrar la figura paterna en nuestras vidas, as\u00ed como para reflexionar sobre la importancia de su influencia y su amor incondicional. Es un d\u00eda para expresar gratitud, crear recuerdos felices y fortalecer los v\u00ednculos familiares.<\/p>\n\n\n\n<p>Esta jornada especial es una oportunidad para reconocer y agradecer el amor, la dedicaci\u00f3n, el sacrificio y el apoyo que los padres brindan a sus hijos y a sus familias.<\/p>\n\n\n\n<p>Adem\u00e1s de ser una jornada de celebraci\u00f3n, el D\u00eda del Padre tambi\u00e9n puede ser un momento de reflexi\u00f3n sobre la importancia del rol paterno en la crianza y el desarrollo de los hijos. Es una ocasi\u00f3n para reconocer y valorar el impacto positivo que los padres tienen en la vida de sus hijos, as\u00ed como para expresarles el amor y el agradecimiento por todo lo que hacen.<\/p>\n\n\n\n<div class=\"wp-block-columns is-layout-flex wp-container-core-columns-is-layout-1 wp-block-columns-is-layout-flex\">\n<div class=\"wp-block-column is-layout-flow wp-block-column-is-layout-flow\">\n<figure class=\"wp-block-image size-full\"><a href=\"https:\/\/amzn.to\/492FBAS\"><img loading=\"lazy\" decoding=\"async\" width=\"363\" height=\"355\" src=\"https:\/\/regaloscondulcura.com\/wp-content\/uploads\/2024\/03\/71gGDW4NlvL._AC_SY355_-1.jpg\" alt=\"\" class=\"wp-image-406\" srcset=\"https:\/\/regaloscondulcura.com\/wp-content\/uploads\/2024\/03\/71gGDW4NlvL._AC_SY355_-1.jpg 363w, https:\/\/regaloscondulcura.com\/wp-content\/uploads\/2024\/03\/71gGDW4NlvL._AC_SY355_-1-300x293.jpg 300w\" sizes=\"auto, (max-width: 363px) 100vw, 363px\" \/><\/a><\/figure>\n\n\n\n<div class=\"wp-block-buttons is-layout-flex wp-block-buttons-is-layout-flex\">\n<div class=\"wp-block-button\"><a class=\"wp-block-button__link wp-element-button\" href=\"https:\/\/amzn.to\/492FBAS\">ver producto<\/a><\/div>\n<\/div>\n<\/div>\n\n\n\n<div class=\"wp-block-column is-layout-flow wp-block-column-is-layout-flow\">\n<figure class=\"wp-block-image size-full\"><a href=\"https:\/\/amzn.to\/43ofXWe\"><img loading=\"lazy\" decoding=\"async\" width=\"522\" height=\"522\" src=\"https:\/\/regaloscondulcura.com\/wp-content\/uploads\/2024\/03\/71JuflZQsmL._AC_SX522_.jpg\" alt=\"\" class=\"wp-image-411\" srcset=\"https:\/\/regaloscondulcura.com\/wp-content\/uploads\/2024\/03\/71JuflZQsmL._AC_SX522_.jpg 522w, https:\/\/regaloscondulcura.com\/wp-content\/uploads\/2024\/03\/71JuflZQsmL._AC_SX522_-300x300.jpg 300w, https:\/\/regaloscondulcura.com\/wp-content\/uploads\/2024\/03\/71JuflZQsmL._AC_SX522_-150x150.jpg 150w\" sizes=\"auto, (max-width: 522px) 100vw, 522px\" \/><\/a><\/figure>\n\n\n\n<div class=\"wp-block-buttons is-layout-flex wp-block-buttons-is-layout-flex\">\n<div class=\"wp-block-button\"><a class=\"wp-block-button__link wp-element-button\" href=\"https:\/\/amzn.to\/43ofXWe\">ver producto<\/a><\/div>\n<\/div>\n<\/div>\n\n\n\n<div class=\"wp-block-column is-layout-flow wp-block-column-is-layout-flow\">\n<figure class=\"wp-block-image size-large\"><a href=\"https:\/\/amzn.to\/3vfYWAO\"><img loading=\"lazy\" decoding=\"async\" width=\"1024\" height=\"1024\" src=\"https:\/\/regaloscondulcura.com\/wp-content\/uploads\/2024\/03\/81nppK93ULL._SL1500_-1024x1024.jpg\" alt=\"\" class=\"wp-image-414\" srcset=\"https:\/\/regaloscondulcura.com\/wp-content\/uploads\/2024\/03\/81nppK93ULL._SL1500_-1024x1024.jpg 1024w, https:\/\/regaloscondulcura.com\/wp-content\/uploads\/2024\/03\/81nppK93ULL._SL1500_-300x300.jpg 300w, https:\/\/regaloscondulcura.com\/wp-content\/uploads\/2024\/03\/81nppK93ULL._SL1500_-150x150.jpg 150w, https:\/\/regaloscondulcura.com\/wp-content\/uploads\/2024\/03\/81nppK93ULL._SL1500_-768x768.jpg 768w, https:\/\/regaloscondulcura.com\/wp-content\/uploads\/2024\/03\/81nppK93ULL._SL1500_.jpg 1500w\" sizes=\"auto, (max-width: 1024px) 100vw, 1024px\" \/><\/a><\/figure>\n\n\n\n<div class=\"wp-block-buttons is-layout-flex wp-block-buttons-is-layout-flex\">\n<div class=\"wp-block-button\"><a class=\"wp-block-button__link wp-element-button\" href=\"https:\/\/amzn.to\/3vfYWAO\">ver producto<\/a><\/div>\n<\/div>\n<\/div>\n<\/div>\n\n\n\n<p>El D\u00eda del Padre es una celebraci\u00f3n que tiene sus ra\u00edces en la idea de reconocer y honrar la paternidad y la influencia positiva de los padres en la sociedad y en la vida de sus hijos. Aunque no tiene una historia tan larga como el D\u00eda de la Madre, ha ido ganando popularidad y reconocimiento en muchos pa\u00edses a lo largo del tiempo.<\/p>\n\n\n\n<p>El D\u00eda del Padre tambi\u00e9n es un momento para reflexionar sobre la importancia del papel del padre en la crianza y el desarrollo de los hijos. Los padres desempe\u00f1an un papel fundamental en la vida de sus hijos, brind\u00e1ndoles amor, apoyo, orientaci\u00f3n y modelando valores y comportamientos positivos.<\/p>\n\n\n\n<div class=\"wp-block-columns is-layout-flex wp-container-core-columns-is-layout-2 wp-block-columns-is-layout-flex\">\n<div class=\"wp-block-column is-layout-flow wp-block-column-is-layout-flow\">\n<figure class=\"wp-block-image size-full\"><a href=\"https:\/\/amzn.to\/3TBMuoq\"><img loading=\"lazy\" decoding=\"async\" width=\"679\" height=\"795\" src=\"https:\/\/regaloscondulcura.com\/wp-content\/uploads\/2024\/03\/71XqEEQLFAL._AC_SX679_-1.jpg\" alt=\"\" class=\"wp-image-419\" srcset=\"https:\/\/regaloscondulcura.com\/wp-content\/uploads\/2024\/03\/71XqEEQLFAL._AC_SX679_-1.jpg 679w, https:\/\/regaloscondulcura.com\/wp-content\/uploads\/2024\/03\/71XqEEQLFAL._AC_SX679_-1-256x300.jpg 256w\" sizes=\"auto, (max-width: 679px) 100vw, 679px\" \/><\/a><\/figure>\n\n\n\n<div class=\"wp-block-buttons is-layout-flex wp-block-buttons-is-layout-flex\">\n<div class=\"wp-block-button\"><a class=\"wp-block-button__link wp-element-button\" href=\"https:\/\/amzn.to\/3TBMuoq\">ver producto<\/a><\/div>\n<\/div>\n<\/div>\n\n\n\n<div class=\"wp-block-column is-layout-flow wp-block-column-is-layout-flow\">\n<figure class=\"wp-block-image size-full\"><a href=\"https:\/\/amzn.to\/4afu3vb\"><img loading=\"lazy\" decoding=\"async\" width=\"432\" height=\"577\" src=\"https:\/\/regaloscondulcura.com\/wp-content\/uploads\/2024\/03\/31gsFjqzR5L.jpg\" alt=\"\" class=\"wp-image-422\" srcset=\"https:\/\/regaloscondulcura.com\/wp-content\/uploads\/2024\/03\/31gsFjqzR5L.jpg 432w, https:\/\/regaloscondulcura.com\/wp-content\/uploads\/2024\/03\/31gsFjqzR5L-225x300.jpg 225w\" sizes=\"auto, (max-width: 432px) 100vw, 432px\" \/><\/a><\/figure>\n\n\n\n<div class=\"wp-block-buttons is-layout-flex wp-block-buttons-is-layout-flex\">\n<div class=\"wp-block-button\"><a class=\"wp-block-button__link wp-element-button\" href=\"https:\/\/amzn.to\/4afu3vb\">ver producto<\/a><\/div>\n<\/div>\n<\/div>\n<\/div>\n\n\n\n<div class=\"wp-block-columns is-layout-flex wp-container-core-columns-is-layout-3 wp-block-columns-is-layout-flex\">\n<div class=\"wp-block-column is-layout-flow wp-block-column-is-layout-flow\">\n<figure class=\"wp-block-image size-large\"><a href=\"https:\/\/amzn.to\/4aiNH9D\"><img loading=\"lazy\" decoding=\"async\" width=\"621\" height=\"1024\" src=\"https:\/\/regaloscondulcura.com\/wp-content\/uploads\/2024\/03\/81b3yTQhagL._AC_SL1500_-1-621x1024.jpg\" alt=\"\" class=\"wp-image-719\" srcset=\"https:\/\/regaloscondulcura.com\/wp-content\/uploads\/2024\/03\/81b3yTQhagL._AC_SL1500_-1-621x1024.jpg 621w, https:\/\/regaloscondulcura.com\/wp-content\/uploads\/2024\/03\/81b3yTQhagL._AC_SL1500_-1-182x300.jpg 182w, https:\/\/regaloscondulcura.com\/wp-content\/uploads\/2024\/03\/81b3yTQhagL._AC_SL1500_-1-768x1266.jpg 768w, https:\/\/regaloscondulcura.com\/wp-content\/uploads\/2024\/03\/81b3yTQhagL._AC_SL1500_-1.jpg 910w\" sizes=\"auto, (max-width: 621px) 100vw, 621px\" \/><\/a><\/figure>\n\n\n\n<div class=\"wp-block-buttons is-layout-flex wp-block-buttons-is-layout-flex\">\n<div class=\"wp-block-button\"><a class=\"wp-block-button__link wp-element-button\" href=\"https:\/\/amzn.to\/4aiNH9D\">ver producto<\/a><\/div>\n<\/div>\n<\/div>\n\n\n\n<div class=\"wp-block-column is-layout-flow wp-block-column-is-layout-flow\">\n<figure class=\"wp-block-image size-full\"><a href=\"https:\/\/amzn.to\/3TRdnVD\"><img loading=\"lazy\" decoding=\"async\" width=\"522\" height=\"522\" src=\"https:\/\/regaloscondulcura.com\/wp-content\/uploads\/2024\/03\/71WERDwspL._AC_SX522_.jpg\" alt=\"\" class=\"wp-image-721\" srcset=\"https:\/\/regaloscondulcura.com\/wp-content\/uploads\/2024\/03\/71WERDwspL._AC_SX522_.jpg 522w, https:\/\/regaloscondulcura.com\/wp-content\/uploads\/2024\/03\/71WERDwspL._AC_SX522_-300x300.jpg 300w, https:\/\/regaloscondulcura.com\/wp-content\/uploads\/2024\/03\/71WERDwspL._AC_SX522_-150x150.jpg 150w\" sizes=\"auto, (max-width: 522px) 100vw, 522px\" \/><\/a><\/figure>\n\n\n\n<div class=\"wp-block-buttons is-layout-flex wp-block-buttons-is-layout-flex\">\n<div class=\"wp-block-button\"><a class=\"wp-block-button__link wp-element-button\" href=\"https:\/\/amzn.to\/3TRdnVD\">ver producto<\/a><\/div>\n<\/div>\n<\/div>\n\n\n\n<div class=\"wp-block-column is-layout-flow wp-block-column-is-layout-flow\">\n<figure class=\"wp-block-image size-full\"><a href=\"https:\/\/amzn.to\/3TEtEgn\"><img loading=\"lazy\" decoding=\"async\" width=\"569\" height=\"569\" src=\"https:\/\/regaloscondulcura.com\/wp-content\/uploads\/2024\/03\/71-8HtYceEL._AC_SX569_.jpg\" alt=\"\" class=\"wp-image-724\" srcset=\"https:\/\/regaloscondulcura.com\/wp-content\/uploads\/2024\/03\/71-8HtYceEL._AC_SX569_.jpg 569w, https:\/\/regaloscondulcura.com\/wp-content\/uploads\/2024\/03\/71-8HtYceEL._AC_SX569_-300x300.jpg 300w, https:\/\/regaloscondulcura.com\/wp-content\/uploads\/2024\/03\/71-8HtYceEL._AC_SX569_-150x150.jpg 150w\" sizes=\"auto, (max-width: 569px) 100vw, 569px\" \/><\/a><\/figure>\n\n\n\n<div class=\"wp-block-buttons is-layout-flex wp-block-buttons-is-layout-flex\">\n<div class=\"wp-block-button\"><a class=\"wp-block-button__link wp-element-button\" href=\"https:\/\/amzn.to\/3TEtEgn\">ver producto<\/a><\/div>\n<\/div>\n<\/div>\n<\/div>\n","protected":false},"excerpt":{"rendered":"<p>Regalo del d\u00eda del padre es una celebraci\u00f3n es una oportunidad para celebrar y honrar la figura paterna en nuestras [&hellip;]<\/p>\n","protected":false},"author":1,"featured_media":0,"parent":0,"menu_order":0,"comment_status":"closed","ping_status":"closed","template":"","meta":{"site-sidebar-layout":"default","site-content-layout":"","ast-site-content-layout":"","site-content-style":"default","site-sidebar-style":"default","ast-global-header-display":"","ast-banner-title-visibility":"","ast-main-header-display":"","ast-hfb-above-header-display":"","ast-hfb-below-header-display":"","ast-hfb-mobile-header-display":"","site-post-title":"","ast-breadcrumbs-content":"","ast-featured-img":"","footer-sml-layout":"","theme-transparent-header-meta":"","adv-header-id-meta":"","stick-header-meta":"","header-above-stick-meta":"","header-main-stick-meta":"","header-below-stick-meta":"","astra-migrate-meta-layouts":"default","ast-page-background-enabled":"default","ast-page-background-meta":{"desktop":{"background-color":"var(--ast-global-color-4)","background-image":"","background-repeat":"repeat","background-position":"center center","background-size":"auto","background-attachment":"scroll","background-type":"","background-media":"","overlay-type":"","overlay-color":"","overlay-gradient":""},"tablet":{"background-color":"","background-image":"","background-repeat":"repeat","background-position":"center center","background-size":"auto","background-attachment":"scroll","background-type":"","background-media":"","overlay-type":"","overlay-color":"","overlay-gradient":""},"mobile":{"background-color":"","background-image":"","background-repeat":"repeat","background-position":"center center","background-size":"auto","background-attachment":"scroll","background-type":"","background-media":"","overlay-type":"","overlay-color":"","overlay-gradient":""}},"ast-content-background-meta":{"desktop":{"background-color":"var(--ast-global-color-5)","background-image":"","background-repeat":"repeat","background-position":"center center","background-size":"auto","background-attachment":"scroll","background-type":"","background-media":"","overlay-type":"","overlay-color":"","overlay-gradient":""},"tablet":{"background-color":"var(--ast-global-color-5)","background-image":"","background-repeat":"repeat","background-position":"center center","background-size":"auto","background-attachment":"scroll","background-type":"","background-media":"","overlay-type":"","overlay-color":"","overlay-gradient":""},"mobile":{"background-color":"var(--ast-global-color-5)","background-image":"","background-repeat":"repeat","background-position":"center center","background-size":"auto","background-attachment":"scroll","background-type":"","background-media":"","overlay-type":"","overlay-color":"","overlay-gradient":""}},"footnotes":""},"class_list":["post-402","page","type-page","status-publish","hentry"],"yoast_head":"<!-- This site is optimized with the Yoast SEO plugin v24.5 - https:\/\/yoast.com\/wordpress\/plugins\/seo\/ -->\n<title>Regalo del dia Padre - regaloscondulcura.com<\/title>\n<meta name=\"description\" content=\"Regalo del d\u00eda del padre es una celebraci\u00f3n dedicada a honrar la figura paterna en la vida de las personas.\" \/>\n<meta name=\"robots\" content=\"index, follow, max-snippet:-1, max-image-preview:large, max-video-preview:-1\" \/>\n<link rel=\"canonical\" href=\"https:\/\/regaloscondulcura.com\/index.php\/regalo-del-dia-padre\/\" \/>\n<meta property=\"og:locale\" content=\"es_ES\" \/>\n<meta property=\"og:type\" content=\"article\" \/>\n<meta property=\"og:title\" content=\"Regalo del dia Padre - regaloscondulcura.com\" \/>\n<meta property=\"og:description\" content=\"Regalo del d\u00eda del padre es una celebraci\u00f3n dedicada a honrar la figura paterna en la vida de las personas.\" \/>\n<meta property=\"og:url\" content=\"https:\/\/regaloscondulcura.com\/index.php\/regalo-del-dia-padre\/\" \/>\n<meta property=\"og:site_name\" content=\"regaloscondulcura.com\" \/>\n<meta property=\"article:modified_time\" content=\"2024-03-19T10:21:07+00:00\" \/>\n<meta property=\"og:image\" content=\"https:\/\/regaloscondulcura.com\/wp-content\/uploads\/2024\/03\/71gGDW4NlvL._AC_SY355_-1.jpg\" \/>\n<meta name=\"twitter:card\" content=\"summary_large_image\" \/>\n<meta name=\"twitter:label1\" content=\"Tiempo de lectura\" \/>\n\t<meta name=\"twitter:data1\" content=\"3 minutos\" \/>\n<script type=\"application\/ld+json\" class=\"yoast-schema-graph\">{\"@context\":\"https:\/\/schema.org\",\"@graph\":[{\"@type\":\"WebPage\",\"@id\":\"https:\/\/regaloscondulcura.com\/index.php\/regalo-del-dia-padre\/\",\"url\":\"https:\/\/regaloscondulcura.com\/index.php\/regalo-del-dia-padre\/\",\"name\":\"Regalo del dia Padre - regaloscondulcura.com\",\"isPartOf\":{\"@id\":\"https:\/\/regaloscondulcura.com\/#website\"},\"primaryImageOfPage\":{\"@id\":\"https:\/\/regaloscondulcura.com\/index.php\/regalo-del-dia-padre\/#primaryimage\"},\"image\":{\"@id\":\"https:\/\/regaloscondulcura.com\/index.php\/regalo-del-dia-padre\/#primaryimage\"},\"thumbnailUrl\":\"https:\/\/regaloscondulcura.com\/wp-content\/uploads\/2024\/03\/71gGDW4NlvL._AC_SY355_-1.jpg\",\"datePublished\":\"2024-03-16T10:47:54+00:00\",\"dateModified\":\"2024-03-19T10:21:07+00:00\",\"description\":\"Regalo del d\u00eda del padre es una celebraci\u00f3n dedicada a honrar la figura paterna en la vida de las personas.\",\"breadcrumb\":{\"@id\":\"https:\/\/regaloscondulcura.com\/index.php\/regalo-del-dia-padre\/#breadcrumb\"},\"inLanguage\":\"es\",\"potentialAction\":[{\"@type\":\"ReadAction\",\"target\":[\"https:\/\/regaloscondulcura.com\/index.php\/regalo-del-dia-padre\/\"]}]},{\"@type\":\"ImageObject\",\"inLanguage\":\"es\",\"@id\":\"https:\/\/regaloscondulcura.com\/index.php\/regalo-del-dia-padre\/#primaryimage\",\"url\":\"https:\/\/regaloscondulcura.com\/wp-content\/uploads\/2024\/03\/71gGDW4NlvL._AC_SY355_-1.jpg\",\"contentUrl\":\"https:\/\/regaloscondulcura.com\/wp-content\/uploads\/2024\/03\/71gGDW4NlvL._AC_SY355_-1.jpg\",\"width\":363,\"height\":355},{\"@type\":\"BreadcrumbList\",\"@id\":\"https:\/\/regaloscondulcura.com\/index.php\/regalo-del-dia-padre\/#breadcrumb\",\"itemListElement\":[{\"@type\":\"ListItem\",\"position\":1,\"name\":\"Portada\",\"item\":\"https:\/\/regaloscondulcura.com\/\"},{\"@type\":\"ListItem\",\"position\":2,\"name\":\"Regalo del dia Padre\"}]},{\"@type\":\"WebSite\",\"@id\":\"https:\/\/regaloscondulcura.com\/#website\",\"url\":\"https:\/\/regaloscondulcura.com\/\",\"name\":\"regaloscondulcura.com\",\"description\":\"Tienda online\",\"publisher\":{\"@id\":\"https:\/\/regaloscondulcura.com\/#organization\"},\"potentialAction\":[{\"@type\":\"SearchAction\",\"target\":{\"@type\":\"EntryPoint\",\"urlTemplate\":\"https:\/\/regaloscondulcura.com\/?s={search_term_string}\"},\"query-input\":{\"@type\":\"PropertyValueSpecification\",\"valueRequired\":true,\"valueName\":\"search_term_string\"}}],\"inLanguage\":\"es\"},{\"@type\":\"Organization\",\"@id\":\"https:\/\/regaloscondulcura.com\/#organization\",\"name\":\"regaloscondulcura.com\",\"url\":\"https:\/\/regaloscondulcura.com\/\",\"logo\":{\"@type\":\"ImageObject\",\"inLanguage\":\"es\",\"@id\":\"https:\/\/regaloscondulcura.com\/#\/schema\/logo\/image\/\",\"url\":\"https:\/\/regaloscondulcura.com\/wp-content\/uploads\/2024\/03\/cropped-4X8EJr-LogoMakr-1.png\",\"contentUrl\":\"https:\/\/regaloscondulcura.com\/wp-content\/uploads\/2024\/03\/cropped-4X8EJr-LogoMakr-1.png\",\"width\":512,\"height\":512,\"caption\":\"regaloscondulcura.com\"},\"image\":{\"@id\":\"https:\/\/regaloscondulcura.com\/#\/schema\/logo\/image\/\"}}]}<\/script>\n<!-- \/ Yoast SEO plugin. -->","yoast_head_json":{"title":"Regalo del dia Padre - regaloscondulcura.com","description":"Regalo del d\u00eda del padre es una celebraci\u00f3n dedicada a honrar la figura paterna en la vida de las personas.","robots":{"index":"index","follow":"follow","max-snippet":"max-snippet:-1","max-image-preview":"max-image-preview:large","max-video-preview":"max-video-preview:-1"},"canonical":"https:\/\/regaloscondulcura.com\/index.php\/regalo-del-dia-padre\/","og_locale":"es_ES","og_type":"article","og_title":"Regalo del dia Padre - regaloscondulcura.com","og_description":"Regalo del d\u00eda del padre es una celebraci\u00f3n dedicada a honrar la figura paterna en la vida de las personas.","og_url":"https:\/\/regaloscondulcura.com\/index.php\/regalo-del-dia-padre\/","og_site_name":"regaloscondulcura.com","article_modified_time":"2024-03-19T10:21:07+00:00","og_image":[{"url":"https:\/\/regaloscondulcura.com\/wp-content\/uploads\/2024\/03\/71gGDW4NlvL._AC_SY355_-1.jpg","type":"","width":"","height":""}],"twitter_card":"summary_large_image","twitter_misc":{"Tiempo de lectura":"3 minutos"},"schema":{"@context":"https:\/\/schema.org","@graph":[{"@type":"WebPage","@id":"https:\/\/regaloscondulcura.com\/index.php\/regalo-del-dia-padre\/","url":"https:\/\/regaloscondulcura.com\/index.php\/regalo-del-dia-padre\/","name":"Regalo del dia Padre - regaloscondulcura.com","isPartOf":{"@id":"https:\/\/regaloscondulcura.com\/#website"},"primaryImageOfPage":{"@id":"https:\/\/regaloscondulcura.com\/index.php\/regalo-del-dia-padre\/#primaryimage"},"image":{"@id":"https:\/\/regaloscondulcura.com\/index.php\/regalo-del-dia-padre\/#primaryimage"},"thumbnailUrl":"https:\/\/regaloscondulcura.com\/wp-content\/uploads\/2024\/03\/71gGDW4NlvL._AC_SY355_-1.jpg","datePublished":"2024-03-16T10:47:54+00:00","dateModified":"2024-03-19T10:21:07+00:00","description":"Regalo del d\u00eda del padre es una celebraci\u00f3n dedicada a honrar la figura paterna en la vida de las personas.","breadcrumb":{"@id":"https:\/\/regaloscondulcura.com\/index.php\/regalo-del-dia-padre\/#breadcrumb"},"inLanguage":"es","potentialAction":[{"@type":"ReadAction","target":["https:\/\/regaloscondulcura.com\/index.php\/regalo-del-dia-padre\/"]}]},{"@type":"ImageObject","inLanguage":"es","@id":"https:\/\/regaloscondulcura.com\/index.php\/regalo-del-dia-padre\/#primaryimage","url":"https:\/\/regaloscondulcura.com\/wp-content\/uploads\/2024\/03\/71gGDW4NlvL._AC_SY355_-1.jpg","contentUrl":"https:\/\/regaloscondulcura.com\/wp-content\/uploads\/2024\/03\/71gGDW4NlvL._AC_SY355_-1.jpg","width":363,"height":355},{"@type":"BreadcrumbList","@id":"https:\/\/regaloscondulcura.com\/index.php\/regalo-del-dia-padre\/#breadcrumb","itemListElement":[{"@type":"ListItem","position":1,"name":"Portada","item":"https:\/\/regaloscondulcura.com\/"},{"@type":"ListItem","position":2,"name":"Regalo del dia Padre"}]},{"@type":"WebSite","@id":"https:\/\/regaloscondulcura.com\/#website","url":"https:\/\/regaloscondulcura.com\/","name":"regaloscondulcura.com","description":"Tienda online","publisher":{"@id":"https:\/\/regaloscondulcura.com\/#organization"},"potentialAction":[{"@type":"SearchAction","target":{"@type":"EntryPoint","urlTemplate":"https:\/\/regaloscondulcura.com\/?s={search_term_string}"},"query-input":{"@type":"PropertyValueSpecification","valueRequired":true,"valueName":"search_term_string"}}],"inLanguage":"es"},{"@type":"Organization","@id":"https:\/\/regaloscondulcura.com\/#organization","name":"regaloscondulcura.com","url":"https:\/\/regaloscondulcura.com\/","logo":{"@type":"ImageObject","inLanguage":"es","@id":"https:\/\/regaloscondulcura.com\/#\/schema\/logo\/image\/","url":"https:\/\/regaloscondulcura.com\/wp-content\/uploads\/2024\/03\/cropped-4X8EJr-LogoMakr-1.png","contentUrl":"https:\/\/regaloscondulcura.com\/wp-content\/uploads\/2024\/03\/cropped-4X8EJr-LogoMakr-1.png","width":512,"height":512,"caption":"regaloscondulcura.com"},"image":{"@id":"https:\/\/regaloscondulcura.com\/#\/schema\/logo\/image\/"}}]}},"_links":{"self":[{"href":"https:\/\/regaloscondulcura.com\/index.php\/wp-json\/wp\/v2\/pages\/402","targetHints":{"allow":["GET"]}}],"collection":[{"href":"https:\/\/regaloscondulcura.com\/index.php\/wp-json\/wp\/v2\/pages"}],"about":[{"href":"https:\/\/regaloscondulcura.com\/index.php\/wp-json\/wp\/v2\/types\/page"}],"author":[{"embeddable":true,"href":"https:\/\/regaloscondulcura.com\/index.php\/wp-json\/wp\/v2\/users\/1"}],"replies":[{"embeddable":true,"href":"https:\/\/regaloscondulcura.com\/index.php\/wp-json\/wp\/v2\/comments?post=402"}],"version-history":[{"count":17,"href":"https:\/\/regaloscondulcura.com\/index.php\/wp-json\/wp\/v2\/pages\/402\/revisions"}],"predecessor-version":[{"id":1012,"href":"https:\/\/regaloscondulcura.com\/index.php\/wp-json\/wp\/v2\/pages\/402\/revisions\/1012"}],"wp:attachment":[{"href":"https:\/\/regaloscondulcura.com\/index.php\/wp-json\/wp\/v2\/media?parent=402"}],"curies":[{"name":"wp","href":"https:\/\/api.w.org\/{rel}","templated":true}]}}