{"id":424,"date":"2024-03-16T12:22:58","date_gmt":"2024-03-16T11:22:58","guid":{"rendered":"https:\/\/regaloscondulcura.com\/?page_id=424"},"modified":"2024-03-17T20:56:15","modified_gmt":"2024-03-17T19:56:15","slug":"regalo-del-dia-de-la-madre","status":"publish","type":"page","link":"https:\/\/regaloscondulcura.com\/index.php\/regalo-del-dia-de-la-madre\/","title":{"rendered":"Regalo del D\u00eda de la Madre"},"content":{"rendered":"\n<p>El D\u00eda de la Madre es una celebraci\u00f3n muy especial en honor a todas las madres alrededor del mundo. Es un d\u00eda para reconocer y homenajear el amor incondicional, la dedicaci\u00f3n, el sacrificio y la influencia positiva que las madres tienen en nuestras vidas.<\/p>\n\n\n\n<p>El D\u00eda de la Madre es una oportunidad para expresar amor, gratitud y aprecio hacia nuestras madres. Muchas personas aprovechan este d\u00eda para hacerles regalos especiales, como flores, tarjetas, joyas, libros, o para pasar tiempo de calidad juntos. Tambi\u00e9n es com\u00fan que las familias se re\u00fanan para disfrutar de comidas especiales o realizar actividades que celebren el amor y el v\u00ednculo familiar.<\/p>\n\n\n\n<div class=\"wp-block-columns is-layout-flex wp-container-core-columns-is-layout-1 wp-block-columns-is-layout-flex\">\n<div class=\"wp-block-column is-layout-flow wp-block-column-is-layout-flow\">\n<figure class=\"wp-block-image size-full\"><a href=\"https:\/\/amzn.to\/4a7t6Fm\"><img loading=\"lazy\" decoding=\"async\" width=\"385\" height=\"543\" src=\"https:\/\/regaloscondulcura.com\/wp-content\/uploads\/2024\/03\/71RFh5pNztL._AC_SX385_.jpg\" alt=\"\" class=\"wp-image-430\" srcset=\"https:\/\/regaloscondulcura.com\/wp-content\/uploads\/2024\/03\/71RFh5pNztL._AC_SX385_.jpg 385w, https:\/\/regaloscondulcura.com\/wp-content\/uploads\/2024\/03\/71RFh5pNztL._AC_SX385_-213x300.jpg 213w\" sizes=\"auto, (max-width: 385px) 100vw, 385px\" \/><\/a><\/figure>\n\n\n\n<div class=\"wp-block-buttons is-layout-flex wp-block-buttons-is-layout-flex\">\n<div class=\"wp-block-button\"><a class=\"wp-block-button__link wp-element-button\">ver producto<\/a><\/div>\n<\/div>\n<\/div>\n\n\n\n<div class=\"wp-block-column is-layout-flow wp-block-column-is-layout-flow\">\n<figure class=\"wp-block-image size-full\"><a href=\"https:\/\/amzn.to\/3IExZK5\"><img loading=\"lazy\" decoding=\"async\" width=\"522\" height=\"380\" src=\"https:\/\/regaloscondulcura.com\/wp-content\/uploads\/2024\/03\/71kAhqsAt9L._AC_SX522_.jpg\" alt=\"\" class=\"wp-image-433\" srcset=\"https:\/\/regaloscondulcura.com\/wp-content\/uploads\/2024\/03\/71kAhqsAt9L._AC_SX522_.jpg 522w, https:\/\/regaloscondulcura.com\/wp-content\/uploads\/2024\/03\/71kAhqsAt9L._AC_SX522_-300x218.jpg 300w\" sizes=\"auto, (max-width: 522px) 100vw, 522px\" \/><\/a><\/figure>\n\n\n\n<div class=\"wp-block-buttons is-layout-flex wp-block-buttons-is-layout-flex\">\n<div class=\"wp-block-button\"><a class=\"wp-block-button__link wp-element-button\" href=\"https:\/\/amzn.to\/3IExZK5\">ver producto<\/a><\/div>\n<\/div>\n<\/div>\n\n\n\n<div class=\"wp-block-column is-layout-flow wp-block-column-is-layout-flow\">\n<figure class=\"wp-block-image size-full\"><a href=\"https:\/\/amzn.to\/3TEC9bl\"><img loading=\"lazy\" decoding=\"async\" width=\"191\" height=\"445\" src=\"https:\/\/regaloscondulcura.com\/wp-content\/uploads\/2024\/03\/613DVARUEuL._AC_SY445_.jpg\" alt=\"\" class=\"wp-image-435\" srcset=\"https:\/\/regaloscondulcura.com\/wp-content\/uploads\/2024\/03\/613DVARUEuL._AC_SY445_.jpg 191w, https:\/\/regaloscondulcura.com\/wp-content\/uploads\/2024\/03\/613DVARUEuL._AC_SY445_-129x300.jpg 129w\" sizes=\"auto, (max-width: 191px) 100vw, 191px\" \/><\/a><\/figure>\n\n\n\n<div class=\"wp-block-buttons is-layout-flex wp-block-buttons-is-layout-flex\">\n<div class=\"wp-block-button\"><a class=\"wp-block-button__link wp-element-button\" href=\"https:\/\/amzn.to\/3TEC9bl\">ver producto<\/a><\/div>\n<\/div>\n<\/div>\n<\/div>\n\n\n\n<p>Adem\u00e1s de ser una jornada de celebraci\u00f3n, el D\u00eda de la Madre tambi\u00e9n puede ser un momento para reflexionar sobre el papel fundamental que las madres desempe\u00f1an en nuestras vidas. Las madres son el pilar de la familia, ofreciendo amor incondicional, apoyo, orientaci\u00f3n y sacrificio para el bienestar de sus hijos.<\/p>\n\n\n\n<div class=\"wp-block-buttons is-layout-flex wp-block-buttons-is-layout-flex\"><\/div>\n\n\n\n<div class=\"wp-block-columns is-layout-flex wp-container-core-columns-is-layout-2 wp-block-columns-is-layout-flex\">\n<div class=\"wp-block-column is-layout-flow wp-block-column-is-layout-flow\">\n<figure class=\"wp-block-image size-full\"><a href=\"https:\/\/amzn.to\/3PmYpE1\"><img loading=\"lazy\" decoding=\"async\" width=\"569\" height=\"596\" src=\"https:\/\/regaloscondulcura.com\/wp-content\/uploads\/2024\/03\/71U8VgkSlgL._AC_SX569_-1.jpg\" alt=\"\" class=\"wp-image-441\" srcset=\"https:\/\/regaloscondulcura.com\/wp-content\/uploads\/2024\/03\/71U8VgkSlgL._AC_SX569_-1.jpg 569w, https:\/\/regaloscondulcura.com\/wp-content\/uploads\/2024\/03\/71U8VgkSlgL._AC_SX569_-1-286x300.jpg 286w\" sizes=\"auto, (max-width: 569px) 100vw, 569px\" \/><\/a><\/figure>\n\n\n\n<div class=\"wp-block-buttons is-layout-flex wp-block-buttons-is-layout-flex\">\n<div class=\"wp-block-button\"><a class=\"wp-block-button__link wp-element-button\" href=\"https:\/\/amzn.to\/3PmYpE1\">ver producto<\/a><\/div>\n<\/div>\n<\/div>\n\n\n\n<div class=\"wp-block-column is-layout-flow wp-block-column-is-layout-flow\">\n<figure class=\"wp-block-image size-full\"><a href=\"https:\/\/amzn.to\/49Rk0fW\"><img loading=\"lazy\" decoding=\"async\" width=\"696\" height=\"500\" src=\"https:\/\/regaloscondulcura.com\/wp-content\/uploads\/2024\/03\/61Nwi1O6o5L._AC_SY500_.jpg\" alt=\"\" class=\"wp-image-445\" srcset=\"https:\/\/regaloscondulcura.com\/wp-content\/uploads\/2024\/03\/61Nwi1O6o5L._AC_SY500_.jpg 696w, https:\/\/regaloscondulcura.com\/wp-content\/uploads\/2024\/03\/61Nwi1O6o5L._AC_SY500_-300x216.jpg 300w\" sizes=\"auto, (max-width: 696px) 100vw, 696px\" \/><\/a><\/figure>\n\n\n\n<div class=\"wp-block-buttons is-layout-flex wp-block-buttons-is-layout-flex\">\n<div class=\"wp-block-button\"><a class=\"wp-block-button__link wp-element-button\" href=\"https:\/\/amzn.to\/49Rk0fW\">ver producto<\/a><\/div>\n<\/div>\n<\/div>\n<\/div>\n","protected":false},"excerpt":{"rendered":"<p>El D\u00eda de la Madre es una celebraci\u00f3n muy especial en honor a todas las madres alrededor del mundo. Es [&hellip;]<\/p>\n","protected":false},"author":1,"featured_media":0,"parent":0,"menu_order":0,"comment_status":"closed","ping_status":"closed","template":"","meta":{"site-sidebar-layout":"default","site-content-layout":"","ast-site-content-layout":"","site-content-style":"default","site-sidebar-style":"default","ast-global-header-display":"","ast-banner-title-visibility":"","ast-main-header-display":"","ast-hfb-above-header-display":"","ast-hfb-below-header-display":"","ast-hfb-mobile-header-display":"","site-post-title":"","ast-breadcrumbs-content":"","ast-featured-img":"","footer-sml-layout":"","theme-transparent-header-meta":"","adv-header-id-meta":"","stick-header-meta":"","header-above-stick-meta":"","header-main-stick-meta":"","header-below-stick-meta":"","astra-migrate-meta-layouts":"default","ast-page-background-enabled":"default","ast-page-background-meta":{"desktop":{"background-color":"var(--ast-global-color-4)","background-image":"","background-repeat":"repeat","background-position":"center center","background-size":"auto","background-attachment":"scroll","background-type":"","background-media":"","overlay-type":"","overlay-color":"","overlay-gradient":""},"tablet":{"background-color":"","background-image":"","background-repeat":"repeat","background-position":"center center","background-size":"auto","background-attachment":"scroll","background-type":"","background-media":"","overlay-type":"","overlay-color":"","overlay-gradient":""},"mobile":{"background-color":"","background-image":"","background-repeat":"repeat","background-position":"center center","background-size":"auto","background-attachment":"scroll","background-type":"","background-media":"","overlay-type":"","overlay-color":"","overlay-gradient":""}},"ast-content-background-meta":{"desktop":{"background-color":"var(--ast-global-color-5)","background-image":"","background-repeat":"repeat","background-position":"center center","background-size":"auto","background-attachment":"scroll","background-type":"","background-media":"","overlay-type":"","overlay-color":"","overlay-gradient":""},"tablet":{"background-color":"var(--ast-global-color-5)","background-image":"","background-repeat":"repeat","background-position":"center center","background-size":"auto","background-attachment":"scroll","background-type":"","background-media":"","overlay-type":"","overlay-color":"","overlay-gradient":""},"mobile":{"background-color":"var(--ast-global-color-5)","background-image":"","background-repeat":"repeat","background-position":"center center","background-size":"auto","background-attachment":"scroll","background-type":"","background-media":"","overlay-type":"","overlay-color":"","overlay-gradient":""}},"footnotes":""},"class_list":["post-424","page","type-page","status-publish","hentry"],"yoast_head":"<!-- This site is optimized with the Yoast SEO plugin v24.5 - https:\/\/yoast.com\/wordpress\/plugins\/seo\/ -->\n<title>Regalo del D\u00eda de la Madre - regaloscondulcura.com<\/title>\n<meta name=\"description\" content=\"El D\u00eda de la Madre es una celebraci\u00f3n muy especial en honor a todas las madres alrededor del mundo. te ayudamos elegirlo .\" \/>\n<meta name=\"robots\" content=\"index, follow, max-snippet:-1, max-image-preview:large, max-video-preview:-1\" \/>\n<link rel=\"canonical\" href=\"https:\/\/regaloscondulcura.com\/index.php\/regalo-del-dia-de-la-madre\/\" \/>\n<meta property=\"og:locale\" content=\"es_ES\" \/>\n<meta property=\"og:type\" content=\"article\" \/>\n<meta property=\"og:title\" content=\"Regalo del D\u00eda de la Madre - regaloscondulcura.com\" \/>\n<meta property=\"og:description\" content=\"El D\u00eda de la Madre es una celebraci\u00f3n muy especial en honor a todas las madres alrededor del mundo. te ayudamos elegirlo .\" \/>\n<meta property=\"og:url\" content=\"https:\/\/regaloscondulcura.com\/index.php\/regalo-del-dia-de-la-madre\/\" \/>\n<meta property=\"og:site_name\" content=\"regaloscondulcura.com\" \/>\n<meta property=\"article:modified_time\" content=\"2024-03-17T19:56:15+00:00\" \/>\n<meta property=\"og:image\" content=\"https:\/\/regaloscondulcura.com\/wp-content\/uploads\/2024\/03\/71RFh5pNztL._AC_SX385_.jpg\" \/>\n<meta name=\"twitter:card\" content=\"summary_large_image\" \/>\n<meta name=\"twitter:label1\" content=\"Tiempo de lectura\" \/>\n\t<meta name=\"twitter:data1\" content=\"2 minutos\" \/>\n<script type=\"application\/ld+json\" class=\"yoast-schema-graph\">{\"@context\":\"https:\/\/schema.org\",\"@graph\":[{\"@type\":\"WebPage\",\"@id\":\"https:\/\/regaloscondulcura.com\/index.php\/regalo-del-dia-de-la-madre\/\",\"url\":\"https:\/\/regaloscondulcura.com\/index.php\/regalo-del-dia-de-la-madre\/\",\"name\":\"Regalo del D\u00eda de la Madre - regaloscondulcura.com\",\"isPartOf\":{\"@id\":\"https:\/\/regaloscondulcura.com\/#website\"},\"primaryImageOfPage\":{\"@id\":\"https:\/\/regaloscondulcura.com\/index.php\/regalo-del-dia-de-la-madre\/#primaryimage\"},\"image\":{\"@id\":\"https:\/\/regaloscondulcura.com\/index.php\/regalo-del-dia-de-la-madre\/#primaryimage\"},\"thumbnailUrl\":\"https:\/\/regaloscondulcura.com\/wp-content\/uploads\/2024\/03\/71RFh5pNztL._AC_SX385_.jpg\",\"datePublished\":\"2024-03-16T11:22:58+00:00\",\"dateModified\":\"2024-03-17T19:56:15+00:00\",\"description\":\"El D\u00eda de la Madre es una celebraci\u00f3n muy especial en honor a todas las madres alrededor del mundo. te ayudamos elegirlo .\",\"breadcrumb\":{\"@id\":\"https:\/\/regaloscondulcura.com\/index.php\/regalo-del-dia-de-la-madre\/#breadcrumb\"},\"inLanguage\":\"es\",\"potentialAction\":[{\"@type\":\"ReadAction\",\"target\":[\"https:\/\/regaloscondulcura.com\/index.php\/regalo-del-dia-de-la-madre\/\"]}]},{\"@type\":\"ImageObject\",\"inLanguage\":\"es\",\"@id\":\"https:\/\/regaloscondulcura.com\/index.php\/regalo-del-dia-de-la-madre\/#primaryimage\",\"url\":\"https:\/\/regaloscondulcura.com\/wp-content\/uploads\/2024\/03\/71RFh5pNztL._AC_SX385_.jpg\",\"contentUrl\":\"https:\/\/regaloscondulcura.com\/wp-content\/uploads\/2024\/03\/71RFh5pNztL._AC_SX385_.jpg\",\"width\":385,\"height\":543},{\"@type\":\"BreadcrumbList\",\"@id\":\"https:\/\/regaloscondulcura.com\/index.php\/regalo-del-dia-de-la-madre\/#breadcrumb\",\"itemListElement\":[{\"@type\":\"ListItem\",\"position\":1,\"name\":\"Portada\",\"item\":\"https:\/\/regaloscondulcura.com\/\"},{\"@type\":\"ListItem\",\"position\":2,\"name\":\"Regalo del D\u00eda de la Madre\"}]},{\"@type\":\"WebSite\",\"@id\":\"https:\/\/regaloscondulcura.com\/#website\",\"url\":\"https:\/\/regaloscondulcura.com\/\",\"name\":\"regaloscondulcura.com\",\"description\":\"Tienda online\",\"publisher\":{\"@id\":\"https:\/\/regaloscondulcura.com\/#organization\"},\"potentialAction\":[{\"@type\":\"SearchAction\",\"target\":{\"@type\":\"EntryPoint\",\"urlTemplate\":\"https:\/\/regaloscondulcura.com\/?s={search_term_string}\"},\"query-input\":{\"@type\":\"PropertyValueSpecification\",\"valueRequired\":true,\"valueName\":\"search_term_string\"}}],\"inLanguage\":\"es\"},{\"@type\":\"Organization\",\"@id\":\"https:\/\/regaloscondulcura.com\/#organization\",\"name\":\"regaloscondulcura.com\",\"url\":\"https:\/\/regaloscondulcura.com\/\",\"logo\":{\"@type\":\"ImageObject\",\"inLanguage\":\"es\",\"@id\":\"https:\/\/regaloscondulcura.com\/#\/schema\/logo\/image\/\",\"url\":\"https:\/\/regaloscondulcura.com\/wp-content\/uploads\/2024\/03\/cropped-4X8EJr-LogoMakr-1.png\",\"contentUrl\":\"https:\/\/regaloscondulcura.com\/wp-content\/uploads\/2024\/03\/cropped-4X8EJr-LogoMakr-1.png\",\"width\":512,\"height\":512,\"caption\":\"regaloscondulcura.com\"},\"image\":{\"@id\":\"https:\/\/regaloscondulcura.com\/#\/schema\/logo\/image\/\"}}]}<\/script>\n<!-- \/ Yoast SEO plugin. -->","yoast_head_json":{"title":"Regalo del D\u00eda de la Madre - regaloscondulcura.com","description":"El D\u00eda de la Madre es una celebraci\u00f3n muy especial en honor a todas las madres alrededor del mundo. te ayudamos elegirlo .","robots":{"index":"index","follow":"follow","max-snippet":"max-snippet:-1","max-image-preview":"max-image-preview:large","max-video-preview":"max-video-preview:-1"},"canonical":"https:\/\/regaloscondulcura.com\/index.php\/regalo-del-dia-de-la-madre\/","og_locale":"es_ES","og_type":"article","og_title":"Regalo del D\u00eda de la Madre - regaloscondulcura.com","og_description":"El D\u00eda de la Madre es una celebraci\u00f3n muy especial en honor a todas las madres alrededor del mundo. te ayudamos elegirlo .","og_url":"https:\/\/regaloscondulcura.com\/index.php\/regalo-del-dia-de-la-madre\/","og_site_name":"regaloscondulcura.com","article_modified_time":"2024-03-17T19:56:15+00:00","og_image":[{"url":"https:\/\/regaloscondulcura.com\/wp-content\/uploads\/2024\/03\/71RFh5pNztL._AC_SX385_.jpg","type":"","width":"","height":""}],"twitter_card":"summary_large_image","twitter_misc":{"Tiempo de lectura":"2 minutos"},"schema":{"@context":"https:\/\/schema.org","@graph":[{"@type":"WebPage","@id":"https:\/\/regaloscondulcura.com\/index.php\/regalo-del-dia-de-la-madre\/","url":"https:\/\/regaloscondulcura.com\/index.php\/regalo-del-dia-de-la-madre\/","name":"Regalo del D\u00eda de la Madre - regaloscondulcura.com","isPartOf":{"@id":"https:\/\/regaloscondulcura.com\/#website"},"primaryImageOfPage":{"@id":"https:\/\/regaloscondulcura.com\/index.php\/regalo-del-dia-de-la-madre\/#primaryimage"},"image":{"@id":"https:\/\/regaloscondulcura.com\/index.php\/regalo-del-dia-de-la-madre\/#primaryimage"},"thumbnailUrl":"https:\/\/regaloscondulcura.com\/wp-content\/uploads\/2024\/03\/71RFh5pNztL._AC_SX385_.jpg","datePublished":"2024-03-16T11:22:58+00:00","dateModified":"2024-03-17T19:56:15+00:00","description":"El D\u00eda de la Madre es una celebraci\u00f3n muy especial en honor a todas las madres alrededor del mundo. te ayudamos elegirlo .","breadcrumb":{"@id":"https:\/\/regaloscondulcura.com\/index.php\/regalo-del-dia-de-la-madre\/#breadcrumb"},"inLanguage":"es","potentialAction":[{"@type":"ReadAction","target":["https:\/\/regaloscondulcura.com\/index.php\/regalo-del-dia-de-la-madre\/"]}]},{"@type":"ImageObject","inLanguage":"es","@id":"https:\/\/regaloscondulcura.com\/index.php\/regalo-del-dia-de-la-madre\/#primaryimage","url":"https:\/\/regaloscondulcura.com\/wp-content\/uploads\/2024\/03\/71RFh5pNztL._AC_SX385_.jpg","contentUrl":"https:\/\/regaloscondulcura.com\/wp-content\/uploads\/2024\/03\/71RFh5pNztL._AC_SX385_.jpg","width":385,"height":543},{"@type":"BreadcrumbList","@id":"https:\/\/regaloscondulcura.com\/index.php\/regalo-del-dia-de-la-madre\/#breadcrumb","itemListElement":[{"@type":"ListItem","position":1,"name":"Portada","item":"https:\/\/regaloscondulcura.com\/"},{"@type":"ListItem","position":2,"name":"Regalo del D\u00eda de la Madre"}]},{"@type":"WebSite","@id":"https:\/\/regaloscondulcura.com\/#website","url":"https:\/\/regaloscondulcura.com\/","name":"regaloscondulcura.com","description":"Tienda online","publisher":{"@id":"https:\/\/regaloscondulcura.com\/#organization"},"potentialAction":[{"@type":"SearchAction","target":{"@type":"EntryPoint","urlTemplate":"https:\/\/regaloscondulcura.com\/?s={search_term_string}"},"query-input":{"@type":"PropertyValueSpecification","valueRequired":true,"valueName":"search_term_string"}}],"inLanguage":"es"},{"@type":"Organization","@id":"https:\/\/regaloscondulcura.com\/#organization","name":"regaloscondulcura.com","url":"https:\/\/regaloscondulcura.com\/","logo":{"@type":"ImageObject","inLanguage":"es","@id":"https:\/\/regaloscondulcura.com\/#\/schema\/logo\/image\/","url":"https:\/\/regaloscondulcura.com\/wp-content\/uploads\/2024\/03\/cropped-4X8EJr-LogoMakr-1.png","contentUrl":"https:\/\/regaloscondulcura.com\/wp-content\/uploads\/2024\/03\/cropped-4X8EJr-LogoMakr-1.png","width":512,"height":512,"caption":"regaloscondulcura.com"},"image":{"@id":"https:\/\/regaloscondulcura.com\/#\/schema\/logo\/image\/"}}]}},"_links":{"self":[{"href":"https:\/\/regaloscondulcura.com\/index.php\/wp-json\/wp\/v2\/pages\/424","targetHints":{"allow":["GET"]}}],"collection":[{"href":"https:\/\/regaloscondulcura.com\/index.php\/wp-json\/wp\/v2\/pages"}],"about":[{"href":"https:\/\/regaloscondulcura.com\/index.php\/wp-json\/wp\/v2\/types\/page"}],"author":[{"embeddable":true,"href":"https:\/\/regaloscondulcura.com\/index.php\/wp-json\/wp\/v2\/users\/1"}],"replies":[{"embeddable":true,"href":"https:\/\/regaloscondulcura.com\/index.php\/wp-json\/wp\/v2\/comments?post=424"}],"version-history":[{"count":13,"href":"https:\/\/regaloscondulcura.com\/index.php\/wp-json\/wp\/v2\/pages\/424\/revisions"}],"predecessor-version":[{"id":655,"href":"https:\/\/regaloscondulcura.com\/index.php\/wp-json\/wp\/v2\/pages\/424\/revisions\/655"}],"wp:attachment":[{"href":"https:\/\/regaloscondulcura.com\/index.php\/wp-json\/wp\/v2\/media?parent=424"}],"curies":[{"name":"wp","href":"https:\/\/api.w.org\/{rel}","templated":true}]}}