{"id":455,"date":"2024-03-16T13:19:34","date_gmt":"2024-03-16T12:19:34","guid":{"rendered":"https:\/\/regaloscondulcura.com\/?page_id=455"},"modified":"2024-04-04T17:33:58","modified_gmt":"2024-04-04T15:33:58","slug":"regalo-de-cumpleanos-joven","status":"publish","type":"page","link":"https:\/\/regaloscondulcura.com\/index.php\/regalo-de-cumpleanos-joven\/","title":{"rendered":"Regalo de cumplea\u00f1os joven"},"content":{"rendered":"\n<p>Los regalos personalizados son una excelente manera de mostrarle al joven cu\u00e1nto te importa. Puedes regalarle una foto enmarcada de un momento especial, una taza personalizada con su nombre o una frase inspiradora, o incluso un \u00e1lbum de recortes hecho a mano con recuerdos compartidos.Recuerda que lo m\u00e1s importante al elegir un regalo de cumplea\u00f1os para un joven es tener en cuenta sus intereses, gustos y personalidad<\/p>\n\n\n\n<div class=\"wp-block-buttons is-layout-flex wp-block-buttons-is-layout-flex\"><\/div>\n\n\n\n<div class=\"wp-block-columns is-layout-flex wp-container-core-columns-is-layout-1 wp-block-columns-is-layout-flex\">\n<div class=\"wp-block-column is-layout-flow wp-block-column-is-layout-flow\">\n<figure class=\"wp-block-image size-large\"><a href=\"https:\/\/amzn.to\/4clASwU\"><img loading=\"lazy\" decoding=\"async\" width=\"823\" height=\"1024\" src=\"https:\/\/regaloscondulcura.com\/wp-content\/uploads\/2024\/03\/71B4V5YhnL._AC_SL1251_-1-823x1024.jpg\" alt=\"\" class=\"wp-image-458\" srcset=\"https:\/\/regaloscondulcura.com\/wp-content\/uploads\/2024\/03\/71B4V5YhnL._AC_SL1251_-1-823x1024.jpg 823w, https:\/\/regaloscondulcura.com\/wp-content\/uploads\/2024\/03\/71B4V5YhnL._AC_SL1251_-1-241x300.jpg 241w, https:\/\/regaloscondulcura.com\/wp-content\/uploads\/2024\/03\/71B4V5YhnL._AC_SL1251_-1-768x956.jpg 768w, https:\/\/regaloscondulcura.com\/wp-content\/uploads\/2024\/03\/71B4V5YhnL._AC_SL1251_-1.jpg 1001w\" sizes=\"auto, (max-width: 823px) 100vw, 823px\" \/><\/a><\/figure>\n\n\n\n<div class=\"wp-block-buttons is-layout-flex wp-block-buttons-is-layout-flex\">\n<div class=\"wp-block-button\"><a class=\"wp-block-button__link wp-element-button\">comprar<\/a><\/div>\n<\/div>\n<\/div>\n\n\n\n<div class=\"wp-block-column is-layout-flow wp-block-column-is-layout-flow\">\n<figure class=\"wp-block-image size-full\"><a href=\"https:\/\/amzn.to\/3PoNfyz\"><img loading=\"lazy\" decoding=\"async\" width=\"522\" height=\"634\" src=\"https:\/\/regaloscondulcura.com\/wp-content\/uploads\/2024\/03\/61ZRStB-KNL._AC_SX522_-2.jpg\" alt=\"\" class=\"wp-image-459\" srcset=\"https:\/\/regaloscondulcura.com\/wp-content\/uploads\/2024\/03\/61ZRStB-KNL._AC_SX522_-2.jpg 522w, https:\/\/regaloscondulcura.com\/wp-content\/uploads\/2024\/03\/61ZRStB-KNL._AC_SX522_-2-247x300.jpg 247w\" sizes=\"auto, (max-width: 522px) 100vw, 522px\" \/><\/a><\/figure>\n\n\n\n<div class=\"wp-block-buttons is-layout-flex wp-block-buttons-is-layout-flex\">\n<div class=\"wp-block-button\"><a class=\"wp-block-button__link wp-element-button\" href=\"https:\/\/amzn.to\/3PoNfyz\">comprar<\/a><\/div>\n<\/div>\n<\/div>\n<\/div>\n\n\n\n<div class=\"wp-block-columns is-layout-flex wp-container-core-columns-is-layout-2 wp-block-columns-is-layout-flex\">\n<div class=\"wp-block-column is-layout-flow wp-block-column-is-layout-flow\">\n<figure class=\"wp-block-image size-full\"><a href=\"https:\/\/amzn.to\/43j804i\"><img loading=\"lazy\" decoding=\"async\" width=\"522\" height=\"739\" src=\"https:\/\/regaloscondulcura.com\/wp-content\/uploads\/2024\/03\/51UveBM7fvL._AC_SX522_.jpg\" alt=\"\" class=\"wp-image-464\" srcset=\"https:\/\/regaloscondulcura.com\/wp-content\/uploads\/2024\/03\/51UveBM7fvL._AC_SX522_.jpg 522w, https:\/\/regaloscondulcura.com\/wp-content\/uploads\/2024\/03\/51UveBM7fvL._AC_SX522_-212x300.jpg 212w\" sizes=\"auto, (max-width: 522px) 100vw, 522px\" \/><\/a><\/figure>\n\n\n\n<div class=\"wp-block-buttons is-layout-flex wp-block-buttons-is-layout-flex\">\n<div class=\"wp-block-button\"><a class=\"wp-block-button__link wp-element-button\" href=\"https:\/\/amzn.to\/43j804i\">comprar<\/a><\/div>\n<\/div>\n<\/div>\n\n\n\n<div class=\"wp-block-column is-layout-flow wp-block-column-is-layout-flow\">\n<figure class=\"wp-block-image size-full\"><a href=\"https:\/\/amzn.to\/3TnFIkP\"><img loading=\"lazy\" decoding=\"async\" width=\"522\" height=\"775\" src=\"https:\/\/regaloscondulcura.com\/wp-content\/uploads\/2024\/03\/51BYqzurB0L._AC_SX522_.jpg\" alt=\"\" class=\"wp-image-465\" srcset=\"https:\/\/regaloscondulcura.com\/wp-content\/uploads\/2024\/03\/51BYqzurB0L._AC_SX522_.jpg 522w, https:\/\/regaloscondulcura.com\/wp-content\/uploads\/2024\/03\/51BYqzurB0L._AC_SX522_-202x300.jpg 202w\" sizes=\"auto, (max-width: 522px) 100vw, 522px\" \/><\/a><\/figure>\n\n\n\n<div class=\"wp-block-buttons is-layout-flex wp-block-buttons-is-layout-flex\">\n<div class=\"wp-block-button\"><a class=\"wp-block-button__link wp-element-button\" href=\"https:\/\/amzn.to\/3TnFIkP\">comprar<\/a><\/div>\n<\/div>\n<\/div>\n\n\n\n<div class=\"wp-block-column is-layout-flow wp-block-column-is-layout-flow\">\n<figure class=\"wp-block-image size-full\"><a href=\"https:\/\/amzn.to\/4ccknn3\"><img loading=\"lazy\" decoding=\"async\" width=\"297\" height=\"300\" src=\"https:\/\/regaloscondulcura.com\/wp-content\/uploads\/2024\/03\/818PHQIfdL._AC_SY300_SX300_.jpg\" alt=\"\" class=\"wp-image-466\"\/><\/a><\/figure>\n\n\n\n<div class=\"wp-block-buttons is-layout-flex wp-block-buttons-is-layout-flex\">\n<div class=\"wp-block-button\"><a class=\"wp-block-button__link wp-element-button\" href=\"https:\/\/amzn.to\/4ccknn3\">comprar<\/a><\/div>\n<\/div>\n<\/div>\n<\/div>\n\n\n\n<p>En nuestra tienda en linea te hacemos participe de ella para que puedas encontar lo que buscas , para regalar a tus seres queridos o amigos etc. tambien estamos para hacerle llegar ideas de regalo al sucribirte . asi siempre estaras onformado de la novedades que vamos publicando. <\/p>\n\n\n\n<div class=\"wp-block-columns is-layout-flex wp-container-core-columns-is-layout-3 wp-block-columns-is-layout-flex\">\n<div class=\"wp-block-column is-layout-flow wp-block-column-is-layout-flow\">\n<figure class=\"wp-block-image size-full\"><a href=\"https:\/\/amzn.to\/4alOuap\"><img loading=\"lazy\" decoding=\"async\" width=\"679\" height=\"843\" src=\"https:\/\/regaloscondulcura.com\/wp-content\/uploads\/2024\/03\/718hxtqEpiL._AC_SX679_-1.jpg\" alt=\"\" class=\"wp-image-855\" srcset=\"https:\/\/regaloscondulcura.com\/wp-content\/uploads\/2024\/03\/718hxtqEpiL._AC_SX679_-1.jpg 679w, https:\/\/regaloscondulcura.com\/wp-content\/uploads\/2024\/03\/718hxtqEpiL._AC_SX679_-1-242x300.jpg 242w\" sizes=\"auto, (max-width: 679px) 100vw, 679px\" \/><\/a><\/figure>\n\n\n\n<p>Funda para iPhone 15, Compatible MagSafe, Protecci\u00f3n Militar, Resiste Amarillamiento, Tapa Trasera Resistente Ara\u00f1azos, Funda Magn\u00e9tica para iPhone 15, Serie Classic, Transparente<\/p>\n\n\n\n<div class=\"wp-block-buttons is-layout-flex wp-block-buttons-is-layout-flex\">\n<div class=\"wp-block-button\"><a class=\"wp-block-button__link wp-element-button\" href=\"https:\/\/amzn.to\/4alOuap\">comprar<\/a><\/div>\n<\/div>\n<\/div>\n\n\n\n<div class=\"wp-block-column is-layout-flow wp-block-column-is-layout-flow\">\n<figure class=\"wp-block-image size-full\"><a href=\"https:\/\/amzn.to\/3Pxu59C\"><img loading=\"lazy\" decoding=\"async\" width=\"679\" height=\"679\" src=\"https:\/\/regaloscondulcura.com\/wp-content\/uploads\/2024\/03\/713xuNx00oS._AC_SX679_.jpg\" alt=\"\" class=\"wp-image-857\" srcset=\"https:\/\/regaloscondulcura.com\/wp-content\/uploads\/2024\/03\/713xuNx00oS._AC_SX679_.jpg 679w, https:\/\/regaloscondulcura.com\/wp-content\/uploads\/2024\/03\/713xuNx00oS._AC_SX679_-300x300.jpg 300w, https:\/\/regaloscondulcura.com\/wp-content\/uploads\/2024\/03\/713xuNx00oS._AC_SX679_-150x150.jpg 150w\" sizes=\"auto, (max-width: 679px) 100vw, 679px\" \/><\/a><\/figure>\n\n\n\n<p>Apple AirTag<\/p>\n\n\n\n<div class=\"wp-block-buttons is-layout-flex wp-block-buttons-is-layout-flex\">\n<div class=\"wp-block-button\"><a class=\"wp-block-button__link wp-element-button\" href=\"https:\/\/amzn.to\/3Pxu59C\">comprar<\/a><\/div>\n<\/div>\n<\/div>\n\n\n\n<div class=\"wp-block-column is-layout-flow wp-block-column-is-layout-flow\">\n<figure class=\"wp-block-image size-full\"><a href=\"https:\/\/amzn.to\/43vwJCB\"><img loading=\"lazy\" decoding=\"async\" width=\"679\" height=\"708\" src=\"https:\/\/regaloscondulcura.com\/wp-content\/uploads\/2024\/03\/51qU5AmJ2L._AC_SX679_.jpg\" alt=\"\" class=\"wp-image-860\" srcset=\"https:\/\/regaloscondulcura.com\/wp-content\/uploads\/2024\/03\/51qU5AmJ2L._AC_SX679_.jpg 679w, https:\/\/regaloscondulcura.com\/wp-content\/uploads\/2024\/03\/51qU5AmJ2L._AC_SX679_-288x300.jpg 288w\" sizes=\"auto, (max-width: 679px) 100vw, 679px\" \/><\/a><\/figure>\n\n\n\n<p>Mangas de brazalete<\/p>\n\n\n\n<div class=\"wp-block-buttons is-layout-flex wp-block-buttons-is-layout-flex\">\n<div class=\"wp-block-button\"><a class=\"wp-block-button__link wp-element-button\" href=\"https:\/\/amzn.to\/43vwJCB\">comprar<\/a><\/div>\n<\/div>\n<\/div>\n<\/div>\n","protected":false},"excerpt":{"rendered":"<p>Los regalos personalizados son una excelente manera de mostrarle al joven cu\u00e1nto te importa. Puedes regalarle una foto enmarcada de [&hellip;]<\/p>\n","protected":false},"author":1,"featured_media":0,"parent":0,"menu_order":0,"comment_status":"closed","ping_status":"closed","template":"","meta":{"site-sidebar-layout":"default","site-content-layout":"","ast-site-content-layout":"","site-content-style":"default","site-sidebar-style":"default","ast-global-header-display":"","ast-banner-title-visibility":"","ast-main-header-display":"","ast-hfb-above-header-display":"","ast-hfb-below-header-display":"","ast-hfb-mobile-header-display":"","site-post-title":"","ast-breadcrumbs-content":"","ast-featured-img":"","footer-sml-layout":"","theme-transparent-header-meta":"","adv-header-id-meta":"","stick-header-meta":"","header-above-stick-meta":"","header-main-stick-meta":"","header-below-stick-meta":"","astra-migrate-meta-layouts":"default","ast-page-background-enabled":"default","ast-page-background-meta":{"desktop":{"background-color":"var(--ast-global-color-4)","background-image":"","background-repeat":"repeat","background-position":"center center","background-size":"auto","background-attachment":"scroll","background-type":"","background-media":"","overlay-type":"","overlay-color":"","overlay-gradient":""},"tablet":{"background-color":"","background-image":"","background-repeat":"repeat","background-position":"center center","background-size":"auto","background-attachment":"scroll","background-type":"","background-media":"","overlay-type":"","overlay-color":"","overlay-gradient":""},"mobile":{"background-color":"","background-image":"","background-repeat":"repeat","background-position":"center center","background-size":"auto","background-attachment":"scroll","background-type":"","background-media":"","overlay-type":"","overlay-color":"","overlay-gradient":""}},"ast-content-background-meta":{"desktop":{"background-color":"var(--ast-global-color-5)","background-image":"","background-repeat":"repeat","background-position":"center center","background-size":"auto","background-attachment":"scroll","background-type":"","background-media":"","overlay-type":"","overlay-color":"","overlay-gradient":""},"tablet":{"background-color":"var(--ast-global-color-5)","background-image":"","background-repeat":"repeat","background-position":"center center","background-size":"auto","background-attachment":"scroll","background-type":"","background-media":"","overlay-type":"","overlay-color":"","overlay-gradient":""},"mobile":{"background-color":"var(--ast-global-color-5)","background-image":"","background-repeat":"repeat","background-position":"center center","background-size":"auto","background-attachment":"scroll","background-type":"","background-media":"","overlay-type":"","overlay-color":"","overlay-gradient":""}},"footnotes":""},"class_list":["post-455","page","type-page","status-publish","hentry"],"yoast_head":"<!-- This site is optimized with the Yoast SEO plugin v24.5 - https:\/\/yoast.com\/wordpress\/plugins\/seo\/ -->\n<title>Regalo de cumplea\u00f1os joven - regaloscondulcura.com<\/title>\n<meta name=\"description\" content=\"Los regalos personalizados son una excelente manera de mostrarle al joven cu\u00e1nto te importa. Puedes regalarle diversos articulos .free\" \/>\n<meta name=\"robots\" content=\"index, follow, max-snippet:-1, max-image-preview:large, max-video-preview:-1\" \/>\n<link rel=\"canonical\" href=\"https:\/\/regaloscondulcura.com\/index.php\/regalo-de-cumpleanos-joven\/\" \/>\n<meta property=\"og:locale\" content=\"es_ES\" \/>\n<meta property=\"og:type\" content=\"article\" \/>\n<meta property=\"og:title\" content=\"Regalo de cumplea\u00f1os joven - regaloscondulcura.com\" \/>\n<meta property=\"og:description\" content=\"Los regalos personalizados son una excelente manera de mostrarle al joven cu\u00e1nto te importa. Puedes regalarle diversos articulos .free\" \/>\n<meta property=\"og:url\" content=\"https:\/\/regaloscondulcura.com\/index.php\/regalo-de-cumpleanos-joven\/\" \/>\n<meta property=\"og:site_name\" content=\"regaloscondulcura.com\" \/>\n<meta property=\"article:modified_time\" content=\"2024-04-04T15:33:58+00:00\" \/>\n<meta property=\"og:image\" content=\"https:\/\/regaloscondulcura.com\/wp-content\/uploads\/2024\/03\/71B4V5YhnL._AC_SL1251_-1-823x1024.jpg\" \/>\n<meta name=\"twitter:card\" content=\"summary_large_image\" \/>\n<meta name=\"twitter:label1\" content=\"Tiempo de lectura\" \/>\n\t<meta name=\"twitter:data1\" content=\"3 minutos\" \/>\n<script type=\"application\/ld+json\" class=\"yoast-schema-graph\">{\"@context\":\"https:\/\/schema.org\",\"@graph\":[{\"@type\":\"WebPage\",\"@id\":\"https:\/\/regaloscondulcura.com\/index.php\/regalo-de-cumpleanos-joven\/\",\"url\":\"https:\/\/regaloscondulcura.com\/index.php\/regalo-de-cumpleanos-joven\/\",\"name\":\"Regalo de cumplea\u00f1os joven - regaloscondulcura.com\",\"isPartOf\":{\"@id\":\"https:\/\/regaloscondulcura.com\/#website\"},\"primaryImageOfPage\":{\"@id\":\"https:\/\/regaloscondulcura.com\/index.php\/regalo-de-cumpleanos-joven\/#primaryimage\"},\"image\":{\"@id\":\"https:\/\/regaloscondulcura.com\/index.php\/regalo-de-cumpleanos-joven\/#primaryimage\"},\"thumbnailUrl\":\"https:\/\/regaloscondulcura.com\/wp-content\/uploads\/2024\/03\/71B4V5YhnL._AC_SL1251_-1-823x1024.jpg\",\"datePublished\":\"2024-03-16T12:19:34+00:00\",\"dateModified\":\"2024-04-04T15:33:58+00:00\",\"description\":\"Los regalos personalizados son una excelente manera de mostrarle al joven cu\u00e1nto te importa. Puedes regalarle diversos articulos .free\",\"breadcrumb\":{\"@id\":\"https:\/\/regaloscondulcura.com\/index.php\/regalo-de-cumpleanos-joven\/#breadcrumb\"},\"inLanguage\":\"es\",\"potentialAction\":[{\"@type\":\"ReadAction\",\"target\":[\"https:\/\/regaloscondulcura.com\/index.php\/regalo-de-cumpleanos-joven\/\"]}]},{\"@type\":\"ImageObject\",\"inLanguage\":\"es\",\"@id\":\"https:\/\/regaloscondulcura.com\/index.php\/regalo-de-cumpleanos-joven\/#primaryimage\",\"url\":\"https:\/\/regaloscondulcura.com\/wp-content\/uploads\/2024\/03\/71B4V5YhnL._AC_SL1251_-1.jpg\",\"contentUrl\":\"https:\/\/regaloscondulcura.com\/wp-content\/uploads\/2024\/03\/71B4V5YhnL._AC_SL1251_-1.jpg\",\"width\":1001,\"height\":1246},{\"@type\":\"BreadcrumbList\",\"@id\":\"https:\/\/regaloscondulcura.com\/index.php\/regalo-de-cumpleanos-joven\/#breadcrumb\",\"itemListElement\":[{\"@type\":\"ListItem\",\"position\":1,\"name\":\"Portada\",\"item\":\"https:\/\/regaloscondulcura.com\/\"},{\"@type\":\"ListItem\",\"position\":2,\"name\":\"Regalo de cumplea\u00f1os joven\"}]},{\"@type\":\"WebSite\",\"@id\":\"https:\/\/regaloscondulcura.com\/#website\",\"url\":\"https:\/\/regaloscondulcura.com\/\",\"name\":\"regaloscondulcura.com\",\"description\":\"Tienda online\",\"publisher\":{\"@id\":\"https:\/\/regaloscondulcura.com\/#organization\"},\"potentialAction\":[{\"@type\":\"SearchAction\",\"target\":{\"@type\":\"EntryPoint\",\"urlTemplate\":\"https:\/\/regaloscondulcura.com\/?s={search_term_string}\"},\"query-input\":{\"@type\":\"PropertyValueSpecification\",\"valueRequired\":true,\"valueName\":\"search_term_string\"}}],\"inLanguage\":\"es\"},{\"@type\":\"Organization\",\"@id\":\"https:\/\/regaloscondulcura.com\/#organization\",\"name\":\"regaloscondulcura.com\",\"url\":\"https:\/\/regaloscondulcura.com\/\",\"logo\":{\"@type\":\"ImageObject\",\"inLanguage\":\"es\",\"@id\":\"https:\/\/regaloscondulcura.com\/#\/schema\/logo\/image\/\",\"url\":\"https:\/\/regaloscondulcura.com\/wp-content\/uploads\/2024\/03\/cropped-4X8EJr-LogoMakr-1.png\",\"contentUrl\":\"https:\/\/regaloscondulcura.com\/wp-content\/uploads\/2024\/03\/cropped-4X8EJr-LogoMakr-1.png\",\"width\":512,\"height\":512,\"caption\":\"regaloscondulcura.com\"},\"image\":{\"@id\":\"https:\/\/regaloscondulcura.com\/#\/schema\/logo\/image\/\"}}]}<\/script>\n<!-- \/ Yoast SEO plugin. -->","yoast_head_json":{"title":"Regalo de cumplea\u00f1os joven - regaloscondulcura.com","description":"Los regalos personalizados son una excelente manera de mostrarle al joven cu\u00e1nto te importa. Puedes regalarle diversos articulos .free","robots":{"index":"index","follow":"follow","max-snippet":"max-snippet:-1","max-image-preview":"max-image-preview:large","max-video-preview":"max-video-preview:-1"},"canonical":"https:\/\/regaloscondulcura.com\/index.php\/regalo-de-cumpleanos-joven\/","og_locale":"es_ES","og_type":"article","og_title":"Regalo de cumplea\u00f1os joven - regaloscondulcura.com","og_description":"Los regalos personalizados son una excelente manera de mostrarle al joven cu\u00e1nto te importa. Puedes regalarle diversos articulos .free","og_url":"https:\/\/regaloscondulcura.com\/index.php\/regalo-de-cumpleanos-joven\/","og_site_name":"regaloscondulcura.com","article_modified_time":"2024-04-04T15:33:58+00:00","og_image":[{"url":"https:\/\/regaloscondulcura.com\/wp-content\/uploads\/2024\/03\/71B4V5YhnL._AC_SL1251_-1-823x1024.jpg","type":"","width":"","height":""}],"twitter_card":"summary_large_image","twitter_misc":{"Tiempo de lectura":"3 minutos"},"schema":{"@context":"https:\/\/schema.org","@graph":[{"@type":"WebPage","@id":"https:\/\/regaloscondulcura.com\/index.php\/regalo-de-cumpleanos-joven\/","url":"https:\/\/regaloscondulcura.com\/index.php\/regalo-de-cumpleanos-joven\/","name":"Regalo de cumplea\u00f1os joven - regaloscondulcura.com","isPartOf":{"@id":"https:\/\/regaloscondulcura.com\/#website"},"primaryImageOfPage":{"@id":"https:\/\/regaloscondulcura.com\/index.php\/regalo-de-cumpleanos-joven\/#primaryimage"},"image":{"@id":"https:\/\/regaloscondulcura.com\/index.php\/regalo-de-cumpleanos-joven\/#primaryimage"},"thumbnailUrl":"https:\/\/regaloscondulcura.com\/wp-content\/uploads\/2024\/03\/71B4V5YhnL._AC_SL1251_-1-823x1024.jpg","datePublished":"2024-03-16T12:19:34+00:00","dateModified":"2024-04-04T15:33:58+00:00","description":"Los regalos personalizados son una excelente manera de mostrarle al joven cu\u00e1nto te importa. Puedes regalarle diversos articulos .free","breadcrumb":{"@id":"https:\/\/regaloscondulcura.com\/index.php\/regalo-de-cumpleanos-joven\/#breadcrumb"},"inLanguage":"es","potentialAction":[{"@type":"ReadAction","target":["https:\/\/regaloscondulcura.com\/index.php\/regalo-de-cumpleanos-joven\/"]}]},{"@type":"ImageObject","inLanguage":"es","@id":"https:\/\/regaloscondulcura.com\/index.php\/regalo-de-cumpleanos-joven\/#primaryimage","url":"https:\/\/regaloscondulcura.com\/wp-content\/uploads\/2024\/03\/71B4V5YhnL._AC_SL1251_-1.jpg","contentUrl":"https:\/\/regaloscondulcura.com\/wp-content\/uploads\/2024\/03\/71B4V5YhnL._AC_SL1251_-1.jpg","width":1001,"height":1246},{"@type":"BreadcrumbList","@id":"https:\/\/regaloscondulcura.com\/index.php\/regalo-de-cumpleanos-joven\/#breadcrumb","itemListElement":[{"@type":"ListItem","position":1,"name":"Portada","item":"https:\/\/regaloscondulcura.com\/"},{"@type":"ListItem","position":2,"name":"Regalo de cumplea\u00f1os joven"}]},{"@type":"WebSite","@id":"https:\/\/regaloscondulcura.com\/#website","url":"https:\/\/regaloscondulcura.com\/","name":"regaloscondulcura.com","description":"Tienda online","publisher":{"@id":"https:\/\/regaloscondulcura.com\/#organization"},"potentialAction":[{"@type":"SearchAction","target":{"@type":"EntryPoint","urlTemplate":"https:\/\/regaloscondulcura.com\/?s={search_term_string}"},"query-input":{"@type":"PropertyValueSpecification","valueRequired":true,"valueName":"search_term_string"}}],"inLanguage":"es"},{"@type":"Organization","@id":"https:\/\/regaloscondulcura.com\/#organization","name":"regaloscondulcura.com","url":"https:\/\/regaloscondulcura.com\/","logo":{"@type":"ImageObject","inLanguage":"es","@id":"https:\/\/regaloscondulcura.com\/#\/schema\/logo\/image\/","url":"https:\/\/regaloscondulcura.com\/wp-content\/uploads\/2024\/03\/cropped-4X8EJr-LogoMakr-1.png","contentUrl":"https:\/\/regaloscondulcura.com\/wp-content\/uploads\/2024\/03\/cropped-4X8EJr-LogoMakr-1.png","width":512,"height":512,"caption":"regaloscondulcura.com"},"image":{"@id":"https:\/\/regaloscondulcura.com\/#\/schema\/logo\/image\/"}}]}},"_links":{"self":[{"href":"https:\/\/regaloscondulcura.com\/index.php\/wp-json\/wp\/v2\/pages\/455","targetHints":{"allow":["GET"]}}],"collection":[{"href":"https:\/\/regaloscondulcura.com\/index.php\/wp-json\/wp\/v2\/pages"}],"about":[{"href":"https:\/\/regaloscondulcura.com\/index.php\/wp-json\/wp\/v2\/types\/page"}],"author":[{"embeddable":true,"href":"https:\/\/regaloscondulcura.com\/index.php\/wp-json\/wp\/v2\/users\/1"}],"replies":[{"embeddable":true,"href":"https:\/\/regaloscondulcura.com\/index.php\/wp-json\/wp\/v2\/comments?post=455"}],"version-history":[{"count":14,"href":"https:\/\/regaloscondulcura.com\/index.php\/wp-json\/wp\/v2\/pages\/455\/revisions"}],"predecessor-version":[{"id":987,"href":"https:\/\/regaloscondulcura.com\/index.php\/wp-json\/wp\/v2\/pages\/455\/revisions\/987"}],"wp:attachment":[{"href":"https:\/\/regaloscondulcura.com\/index.php\/wp-json\/wp\/v2\/media?parent=455"}],"curies":[{"name":"wp","href":"https:\/\/api.w.org\/{rel}","templated":true}]}}