{"id":477,"date":"2024-03-16T14:00:40","date_gmt":"2024-03-16T13:00:40","guid":{"rendered":"https:\/\/regaloscondulcura.com\/?page_id=477"},"modified":"2024-03-28T11:40:11","modified_gmt":"2024-03-28T10:40:11","slug":"regalo-de-cumpleanos-para-nina-joven","status":"publish","type":"page","link":"https:\/\/regaloscondulcura.com\/index.php\/regalo-de-cumpleanos-para-nina-joven\/","title":{"rendered":"Regalo de cumplea\u00f1os para ni\u00f1a joven"},"content":{"rendered":"\n<p>Para muchos ni\u00f1os, un regalo es una muestra tangible del amor y el afecto que alguien siente por ellos. El acto de recibir un regalo puede hacer que la ni\u00f1a se sienta amada, apreciada y valorada.<\/p>\n\n\n\n<p>Un regalo que refleje los intereses y pasiones de la ni\u00f1a joven puede tener un significado profundo al demostrar que la persona que lo eligi\u00f3 realmente la conoce y se preocupa por lo que le gusta. Esto puede ayudar a fortalecer el v\u00ednculo entre la ni\u00f1a y la persona que le hace el regalo.<\/p>\n\n\n\n<div class=\"wp-block-columns is-layout-flex wp-container-core-columns-is-layout-1 wp-block-columns-is-layout-flex\">\n<div class=\"wp-block-column is-layout-flow wp-block-column-is-layout-flow\">\n<figure class=\"wp-block-image size-full\"><a href=\"https:\/\/amzn.to\/49Yd9Sa\"><img loading=\"lazy\" decoding=\"async\" width=\"124\" height=\"300\" src=\"https:\/\/regaloscondulcura.com\/wp-content\/uploads\/2024\/03\/71PvymciByL.__AC_SX300_SY300_QL70_ML2_-1.jpg\" alt=\"\" class=\"wp-image-478\"\/><\/a><\/figure>\n\n\n\n<div class=\"wp-block-buttons is-layout-flex wp-block-buttons-is-layout-flex\">\n<div class=\"wp-block-button\"><a class=\"wp-block-button__link wp-element-button\" href=\"https:\/\/amzn.to\/49Yd9Sa\">ver producto<\/a><\/div>\n<\/div>\n<\/div>\n\n\n\n<div class=\"wp-block-column is-layout-flow wp-block-column-is-layout-flow\">\n<figure class=\"wp-block-image size-full\"><a href=\"https:\/\/amzn.to\/3PkNVVJ\"><img loading=\"lazy\" decoding=\"async\" width=\"522\" height=\"444\" src=\"https:\/\/regaloscondulcura.com\/wp-content\/uploads\/2024\/03\/81J7a3v6A7L._AC_SX522_.jpg\" alt=\"\" class=\"wp-image-481\" srcset=\"https:\/\/regaloscondulcura.com\/wp-content\/uploads\/2024\/03\/81J7a3v6A7L._AC_SX522_.jpg 522w, https:\/\/regaloscondulcura.com\/wp-content\/uploads\/2024\/03\/81J7a3v6A7L._AC_SX522_-300x255.jpg 300w\" sizes=\"auto, (max-width: 522px) 100vw, 522px\" \/><\/a><\/figure>\n\n\n\n<div class=\"wp-block-buttons is-layout-flex wp-block-buttons-is-layout-flex\">\n<div class=\"wp-block-button\"><a class=\"wp-block-button__link wp-element-button\" href=\"https:\/\/amzn.to\/3PkNVVJ\">ver producto<\/a><\/div>\n<\/div>\n<\/div>\n\n\n\n<div class=\"wp-block-column is-layout-flow wp-block-column-is-layout-flow\">\n<figure class=\"wp-block-image size-full\"><a href=\"https:\/\/amzn.to\/3wXuyLZ\"><img loading=\"lazy\" decoding=\"async\" width=\"522\" height=\"526\" src=\"https:\/\/regaloscondulcura.com\/wp-content\/uploads\/2024\/03\/71Ft6rH0UJL._AC_SX522_.jpg\" alt=\"\" class=\"wp-image-485\" srcset=\"https:\/\/regaloscondulcura.com\/wp-content\/uploads\/2024\/03\/71Ft6rH0UJL._AC_SX522_.jpg 522w, https:\/\/regaloscondulcura.com\/wp-content\/uploads\/2024\/03\/71Ft6rH0UJL._AC_SX522_-298x300.jpg 298w, https:\/\/regaloscondulcura.com\/wp-content\/uploads\/2024\/03\/71Ft6rH0UJL._AC_SX522_-150x150.jpg 150w\" sizes=\"auto, (max-width: 522px) 100vw, 522px\" \/><\/a><\/figure>\n\n\n\n<div class=\"wp-block-buttons is-layout-flex wp-block-buttons-is-layout-flex\">\n<div class=\"wp-block-button\"><a class=\"wp-block-button__link wp-element-button\" href=\"https:\/\/amzn.to\/3wXuyLZ\">ver producto<\/a><\/div>\n<\/div>\n<\/div>\n<\/div>\n\n\n\n<p>Los regalos pueden estar asociados con momentos y experiencias felices que la ni\u00f1a atesorar\u00e1 durante mucho tiempo. Por ejemplo, un regalo que se recibe en un cumplea\u00f1os especial o en una ocasi\u00f3n significativa puede recordarle a la ni\u00f1a ese momento feliz cada vez que lo vea o lo use.<\/p>\n\n\n\n<p>recibir un regalo puede evocar un sentimiento de gratitud y reciprocidad en la ni\u00f1a joven, especialmente si siente que el regalo fue elegido con cuidado y consideraci\u00f3n. Este sentimiento puede fortalecer las relaciones interpersonales y fomentar una actitud de generosidad y aprecio.<\/p>\n\n\n\n<div class=\"wp-block-columns is-layout-flex wp-container-core-columns-is-layout-2 wp-block-columns-is-layout-flex\">\n<div class=\"wp-block-column is-layout-flow wp-block-column-is-layout-flow\">\n<figure class=\"wp-block-image size-large\"><a href=\"https:\/\/amzn.to\/4aeq8Pk\"><img loading=\"lazy\" decoding=\"async\" width=\"296\" height=\"1024\" src=\"https:\/\/regaloscondulcura.com\/wp-content\/uploads\/2024\/03\/61ETkpmZN-L._AC_SL1500_-296x1024.jpg\" alt=\"\" class=\"wp-image-488\" srcset=\"https:\/\/regaloscondulcura.com\/wp-content\/uploads\/2024\/03\/61ETkpmZN-L._AC_SL1500_-296x1024.jpg 296w, https:\/\/regaloscondulcura.com\/wp-content\/uploads\/2024\/03\/61ETkpmZN-L._AC_SL1500_-87x300.jpg 87w, https:\/\/regaloscondulcura.com\/wp-content\/uploads\/2024\/03\/61ETkpmZN-L._AC_SL1500_.jpg 433w\" sizes=\"auto, (max-width: 296px) 100vw, 296px\" \/><\/a><\/figure>\n\n\n\n<div class=\"wp-block-buttons is-layout-flex wp-block-buttons-is-layout-flex\">\n<div class=\"wp-block-button\"><a class=\"wp-block-button__link wp-element-button\" href=\"https:\/\/amzn.to\/4aeq8Pk\">ver producto<\/a><\/div>\n<\/div>\n<\/div>\n\n\n\n<div class=\"wp-block-column is-layout-flow wp-block-column-is-layout-flow\">\n<figure class=\"wp-block-image size-full\"><a href=\"https:\/\/amzn.to\/3vflAJy\"><img loading=\"lazy\" decoding=\"async\" width=\"561\" height=\"741\" src=\"https:\/\/regaloscondulcura.com\/wp-content\/uploads\/2024\/03\/61dCDIgQ2kL._AC_SY741_.jpg\" alt=\"\" class=\"wp-image-489\" srcset=\"https:\/\/regaloscondulcura.com\/wp-content\/uploads\/2024\/03\/61dCDIgQ2kL._AC_SY741_.jpg 561w, https:\/\/regaloscondulcura.com\/wp-content\/uploads\/2024\/03\/61dCDIgQ2kL._AC_SY741_-227x300.jpg 227w\" sizes=\"auto, (max-width: 561px) 100vw, 561px\" \/><\/a><\/figure>\n\n\n\n<div class=\"wp-block-buttons is-layout-flex wp-block-buttons-is-layout-flex\">\n<div class=\"wp-block-button\"><a class=\"wp-block-button__link wp-element-button\" href=\"https:\/\/amzn.to\/3vflAJy\">ver producto<\/a><\/div>\n<\/div>\n<\/div>\n<\/div>\n\n\n\n<div class=\"wp-block-columns is-layout-flex wp-container-core-columns-is-layout-3 wp-block-columns-is-layout-flex\">\n<div class=\"wp-block-column is-layout-flow wp-block-column-is-layout-flow\" style=\"flex-basis:33.33%\">\n<figure class=\"wp-block-image size-full\"><a href=\"https:\/\/amzn.to\/3IUhn0W\"><img loading=\"lazy\" decoding=\"async\" width=\"300\" height=\"300\" src=\"https:\/\/regaloscondulcura.com\/wp-content\/uploads\/2024\/03\/31g-CZLKRrL._SX300_SY300_QL70_FMwebp_.webp\" alt=\"\" class=\"wp-image-951\" srcset=\"https:\/\/regaloscondulcura.com\/wp-content\/uploads\/2024\/03\/31g-CZLKRrL._SX300_SY300_QL70_FMwebp_.webp 300w, https:\/\/regaloscondulcura.com\/wp-content\/uploads\/2024\/03\/31g-CZLKRrL._SX300_SY300_QL70_FMwebp_-150x150.webp 150w\" sizes=\"auto, (max-width: 300px) 100vw, 300px\" \/><\/a><\/figure>\n\n\n\n<div class=\"wp-block-buttons is-layout-flex wp-block-buttons-is-layout-flex\">\n<div class=\"wp-block-button\"><a class=\"wp-block-button__link wp-element-button\" href=\"https:\/\/amzn.to\/3IUhn0W\">ver producto<\/a><\/div>\n<\/div>\n<\/div>\n\n\n\n<div class=\"wp-block-column is-layout-flow wp-block-column-is-layout-flow\" style=\"flex-basis:66.66%\">\n<figure class=\"wp-block-image size-full\"><a href=\"https:\/\/amzn.to\/3PGRw0j\"><img loading=\"lazy\" decoding=\"async\" width=\"522\" height=\"522\" src=\"https:\/\/regaloscondulcura.com\/wp-content\/uploads\/2024\/03\/61p-wtpDraL._SX522_.jpg\" alt=\"\" class=\"wp-image-955\" srcset=\"https:\/\/regaloscondulcura.com\/wp-content\/uploads\/2024\/03\/61p-wtpDraL._SX522_.jpg 522w, https:\/\/regaloscondulcura.com\/wp-content\/uploads\/2024\/03\/61p-wtpDraL._SX522_-300x300.jpg 300w, https:\/\/regaloscondulcura.com\/wp-content\/uploads\/2024\/03\/61p-wtpDraL._SX522_-150x150.jpg 150w\" sizes=\"auto, (max-width: 522px) 100vw, 522px\" \/><\/a><\/figure>\n\n\n\n<div class=\"wp-block-buttons is-layout-flex wp-block-buttons-is-layout-flex\">\n<div class=\"wp-block-button\"><a class=\"wp-block-button__link wp-element-button\" href=\"https:\/\/amzn.to\/3PGRw0j\">ver producto<\/a><\/div>\n<\/div>\n<\/div>\n<\/div>\n","protected":false},"excerpt":{"rendered":"<p>Para muchos ni\u00f1os, un regalo es una muestra tangible del amor y el afecto que alguien siente por ellos. El [&hellip;]<\/p>\n","protected":false},"author":1,"featured_media":0,"parent":0,"menu_order":0,"comment_status":"closed","ping_status":"closed","template":"","meta":{"site-sidebar-layout":"default","site-content-layout":"","ast-site-content-layout":"","site-content-style":"default","site-sidebar-style":"default","ast-global-header-display":"","ast-banner-title-visibility":"","ast-main-header-display":"","ast-hfb-above-header-display":"","ast-hfb-below-header-display":"","ast-hfb-mobile-header-display":"","site-post-title":"","ast-breadcrumbs-content":"","ast-featured-img":"","footer-sml-layout":"","theme-transparent-header-meta":"","adv-header-id-meta":"","stick-header-meta":"","header-above-stick-meta":"","header-main-stick-meta":"","header-below-stick-meta":"","astra-migrate-meta-layouts":"default","ast-page-background-enabled":"default","ast-page-background-meta":{"desktop":{"background-color":"var(--ast-global-color-4)","background-image":"","background-repeat":"repeat","background-position":"center center","background-size":"auto","background-attachment":"scroll","background-type":"","background-media":"","overlay-type":"","overlay-color":"","overlay-gradient":""},"tablet":{"background-color":"","background-image":"","background-repeat":"repeat","background-position":"center center","background-size":"auto","background-attachment":"scroll","background-type":"","background-media":"","overlay-type":"","overlay-color":"","overlay-gradient":""},"mobile":{"background-color":"","background-image":"","background-repeat":"repeat","background-position":"center center","background-size":"auto","background-attachment":"scroll","background-type":"","background-media":"","overlay-type":"","overlay-color":"","overlay-gradient":""}},"ast-content-background-meta":{"desktop":{"background-color":"var(--ast-global-color-5)","background-image":"","background-repeat":"repeat","background-position":"center center","background-size":"auto","background-attachment":"scroll","background-type":"","background-media":"","overlay-type":"","overlay-color":"","overlay-gradient":""},"tablet":{"background-color":"var(--ast-global-color-5)","background-image":"","background-repeat":"repeat","background-position":"center center","background-size":"auto","background-attachment":"scroll","background-type":"","background-media":"","overlay-type":"","overlay-color":"","overlay-gradient":""},"mobile":{"background-color":"var(--ast-global-color-5)","background-image":"","background-repeat":"repeat","background-position":"center center","background-size":"auto","background-attachment":"scroll","background-type":"","background-media":"","overlay-type":"","overlay-color":"","overlay-gradient":""}},"footnotes":""},"class_list":["post-477","page","type-page","status-publish","hentry"],"yoast_head":"<!-- This site is optimized with the Yoast SEO plugin v24.5 - https:\/\/yoast.com\/wordpress\/plugins\/seo\/ -->\n<title>Regalo de cumplea\u00f1os para ni\u00f1a joven - regaloscondulcura.com<\/title>\n<meta name=\"description\" content=\"Para muchos ni\u00f1os, un regalo es una muestra tangible del amor y el afecto que alguien siente por ellos , visita nuestra tienda .\" \/>\n<meta name=\"robots\" content=\"index, follow, max-snippet:-1, max-image-preview:large, max-video-preview:-1\" \/>\n<link rel=\"canonical\" href=\"https:\/\/regaloscondulcura.com\/index.php\/regalo-de-cumpleanos-para-nina-joven\/\" \/>\n<meta property=\"og:locale\" content=\"es_ES\" \/>\n<meta property=\"og:type\" content=\"article\" \/>\n<meta property=\"og:title\" content=\"Regalo de cumplea\u00f1os para ni\u00f1a joven - regaloscondulcura.com\" \/>\n<meta property=\"og:description\" content=\"Para muchos ni\u00f1os, un regalo es una muestra tangible del amor y el afecto que alguien siente por ellos , visita nuestra tienda .\" \/>\n<meta property=\"og:url\" content=\"https:\/\/regaloscondulcura.com\/index.php\/regalo-de-cumpleanos-para-nina-joven\/\" \/>\n<meta property=\"og:site_name\" content=\"regaloscondulcura.com\" \/>\n<meta property=\"article:modified_time\" content=\"2024-03-28T10:40:11+00:00\" \/>\n<meta property=\"og:image\" content=\"https:\/\/regaloscondulcura.com\/wp-content\/uploads\/2024\/03\/71PvymciByL.__AC_SX300_SY300_QL70_ML2_-1.jpg\" \/>\n<meta name=\"twitter:card\" content=\"summary_large_image\" \/>\n<meta name=\"twitter:label1\" content=\"Tiempo de lectura\" \/>\n\t<meta name=\"twitter:data1\" content=\"3 minutos\" \/>\n<script type=\"application\/ld+json\" class=\"yoast-schema-graph\">{\"@context\":\"https:\/\/schema.org\",\"@graph\":[{\"@type\":\"WebPage\",\"@id\":\"https:\/\/regaloscondulcura.com\/index.php\/regalo-de-cumpleanos-para-nina-joven\/\",\"url\":\"https:\/\/regaloscondulcura.com\/index.php\/regalo-de-cumpleanos-para-nina-joven\/\",\"name\":\"Regalo de cumplea\u00f1os para ni\u00f1a joven - regaloscondulcura.com\",\"isPartOf\":{\"@id\":\"https:\/\/regaloscondulcura.com\/#website\"},\"primaryImageOfPage\":{\"@id\":\"https:\/\/regaloscondulcura.com\/index.php\/regalo-de-cumpleanos-para-nina-joven\/#primaryimage\"},\"image\":{\"@id\":\"https:\/\/regaloscondulcura.com\/index.php\/regalo-de-cumpleanos-para-nina-joven\/#primaryimage\"},\"thumbnailUrl\":\"https:\/\/regaloscondulcura.com\/wp-content\/uploads\/2024\/03\/71PvymciByL.__AC_SX300_SY300_QL70_ML2_-1.jpg\",\"datePublished\":\"2024-03-16T13:00:40+00:00\",\"dateModified\":\"2024-03-28T10:40:11+00:00\",\"description\":\"Para muchos ni\u00f1os, un regalo es una muestra tangible del amor y el afecto que alguien siente por ellos , visita nuestra tienda .\",\"breadcrumb\":{\"@id\":\"https:\/\/regaloscondulcura.com\/index.php\/regalo-de-cumpleanos-para-nina-joven\/#breadcrumb\"},\"inLanguage\":\"es\",\"potentialAction\":[{\"@type\":\"ReadAction\",\"target\":[\"https:\/\/regaloscondulcura.com\/index.php\/regalo-de-cumpleanos-para-nina-joven\/\"]}]},{\"@type\":\"ImageObject\",\"inLanguage\":\"es\",\"@id\":\"https:\/\/regaloscondulcura.com\/index.php\/regalo-de-cumpleanos-para-nina-joven\/#primaryimage\",\"url\":\"https:\/\/regaloscondulcura.com\/wp-content\/uploads\/2024\/03\/71PvymciByL.__AC_SX300_SY300_QL70_ML2_-1.jpg\",\"contentUrl\":\"https:\/\/regaloscondulcura.com\/wp-content\/uploads\/2024\/03\/71PvymciByL.__AC_SX300_SY300_QL70_ML2_-1.jpg\",\"width\":124,\"height\":300},{\"@type\":\"BreadcrumbList\",\"@id\":\"https:\/\/regaloscondulcura.com\/index.php\/regalo-de-cumpleanos-para-nina-joven\/#breadcrumb\",\"itemListElement\":[{\"@type\":\"ListItem\",\"position\":1,\"name\":\"Portada\",\"item\":\"https:\/\/regaloscondulcura.com\/\"},{\"@type\":\"ListItem\",\"position\":2,\"name\":\"Regalo de cumplea\u00f1os para ni\u00f1a joven\"}]},{\"@type\":\"WebSite\",\"@id\":\"https:\/\/regaloscondulcura.com\/#website\",\"url\":\"https:\/\/regaloscondulcura.com\/\",\"name\":\"regaloscondulcura.com\",\"description\":\"Tienda online\",\"publisher\":{\"@id\":\"https:\/\/regaloscondulcura.com\/#organization\"},\"potentialAction\":[{\"@type\":\"SearchAction\",\"target\":{\"@type\":\"EntryPoint\",\"urlTemplate\":\"https:\/\/regaloscondulcura.com\/?s={search_term_string}\"},\"query-input\":{\"@type\":\"PropertyValueSpecification\",\"valueRequired\":true,\"valueName\":\"search_term_string\"}}],\"inLanguage\":\"es\"},{\"@type\":\"Organization\",\"@id\":\"https:\/\/regaloscondulcura.com\/#organization\",\"name\":\"regaloscondulcura.com\",\"url\":\"https:\/\/regaloscondulcura.com\/\",\"logo\":{\"@type\":\"ImageObject\",\"inLanguage\":\"es\",\"@id\":\"https:\/\/regaloscondulcura.com\/#\/schema\/logo\/image\/\",\"url\":\"https:\/\/regaloscondulcura.com\/wp-content\/uploads\/2024\/03\/cropped-4X8EJr-LogoMakr-1.png\",\"contentUrl\":\"https:\/\/regaloscondulcura.com\/wp-content\/uploads\/2024\/03\/cropped-4X8EJr-LogoMakr-1.png\",\"width\":512,\"height\":512,\"caption\":\"regaloscondulcura.com\"},\"image\":{\"@id\":\"https:\/\/regaloscondulcura.com\/#\/schema\/logo\/image\/\"}}]}<\/script>\n<!-- \/ Yoast SEO plugin. -->","yoast_head_json":{"title":"Regalo de cumplea\u00f1os para ni\u00f1a joven - regaloscondulcura.com","description":"Para muchos ni\u00f1os, un regalo es una muestra tangible del amor y el afecto que alguien siente por ellos , visita nuestra tienda .","robots":{"index":"index","follow":"follow","max-snippet":"max-snippet:-1","max-image-preview":"max-image-preview:large","max-video-preview":"max-video-preview:-1"},"canonical":"https:\/\/regaloscondulcura.com\/index.php\/regalo-de-cumpleanos-para-nina-joven\/","og_locale":"es_ES","og_type":"article","og_title":"Regalo de cumplea\u00f1os para ni\u00f1a joven - regaloscondulcura.com","og_description":"Para muchos ni\u00f1os, un regalo es una muestra tangible del amor y el afecto que alguien siente por ellos , visita nuestra tienda .","og_url":"https:\/\/regaloscondulcura.com\/index.php\/regalo-de-cumpleanos-para-nina-joven\/","og_site_name":"regaloscondulcura.com","article_modified_time":"2024-03-28T10:40:11+00:00","og_image":[{"url":"https:\/\/regaloscondulcura.com\/wp-content\/uploads\/2024\/03\/71PvymciByL.__AC_SX300_SY300_QL70_ML2_-1.jpg","type":"","width":"","height":""}],"twitter_card":"summary_large_image","twitter_misc":{"Tiempo de lectura":"3 minutos"},"schema":{"@context":"https:\/\/schema.org","@graph":[{"@type":"WebPage","@id":"https:\/\/regaloscondulcura.com\/index.php\/regalo-de-cumpleanos-para-nina-joven\/","url":"https:\/\/regaloscondulcura.com\/index.php\/regalo-de-cumpleanos-para-nina-joven\/","name":"Regalo de cumplea\u00f1os para ni\u00f1a joven - regaloscondulcura.com","isPartOf":{"@id":"https:\/\/regaloscondulcura.com\/#website"},"primaryImageOfPage":{"@id":"https:\/\/regaloscondulcura.com\/index.php\/regalo-de-cumpleanos-para-nina-joven\/#primaryimage"},"image":{"@id":"https:\/\/regaloscondulcura.com\/index.php\/regalo-de-cumpleanos-para-nina-joven\/#primaryimage"},"thumbnailUrl":"https:\/\/regaloscondulcura.com\/wp-content\/uploads\/2024\/03\/71PvymciByL.__AC_SX300_SY300_QL70_ML2_-1.jpg","datePublished":"2024-03-16T13:00:40+00:00","dateModified":"2024-03-28T10:40:11+00:00","description":"Para muchos ni\u00f1os, un regalo es una muestra tangible del amor y el afecto que alguien siente por ellos , visita nuestra tienda .","breadcrumb":{"@id":"https:\/\/regaloscondulcura.com\/index.php\/regalo-de-cumpleanos-para-nina-joven\/#breadcrumb"},"inLanguage":"es","potentialAction":[{"@type":"ReadAction","target":["https:\/\/regaloscondulcura.com\/index.php\/regalo-de-cumpleanos-para-nina-joven\/"]}]},{"@type":"ImageObject","inLanguage":"es","@id":"https:\/\/regaloscondulcura.com\/index.php\/regalo-de-cumpleanos-para-nina-joven\/#primaryimage","url":"https:\/\/regaloscondulcura.com\/wp-content\/uploads\/2024\/03\/71PvymciByL.__AC_SX300_SY300_QL70_ML2_-1.jpg","contentUrl":"https:\/\/regaloscondulcura.com\/wp-content\/uploads\/2024\/03\/71PvymciByL.__AC_SX300_SY300_QL70_ML2_-1.jpg","width":124,"height":300},{"@type":"BreadcrumbList","@id":"https:\/\/regaloscondulcura.com\/index.php\/regalo-de-cumpleanos-para-nina-joven\/#breadcrumb","itemListElement":[{"@type":"ListItem","position":1,"name":"Portada","item":"https:\/\/regaloscondulcura.com\/"},{"@type":"ListItem","position":2,"name":"Regalo de cumplea\u00f1os para ni\u00f1a joven"}]},{"@type":"WebSite","@id":"https:\/\/regaloscondulcura.com\/#website","url":"https:\/\/regaloscondulcura.com\/","name":"regaloscondulcura.com","description":"Tienda online","publisher":{"@id":"https:\/\/regaloscondulcura.com\/#organization"},"potentialAction":[{"@type":"SearchAction","target":{"@type":"EntryPoint","urlTemplate":"https:\/\/regaloscondulcura.com\/?s={search_term_string}"},"query-input":{"@type":"PropertyValueSpecification","valueRequired":true,"valueName":"search_term_string"}}],"inLanguage":"es"},{"@type":"Organization","@id":"https:\/\/regaloscondulcura.com\/#organization","name":"regaloscondulcura.com","url":"https:\/\/regaloscondulcura.com\/","logo":{"@type":"ImageObject","inLanguage":"es","@id":"https:\/\/regaloscondulcura.com\/#\/schema\/logo\/image\/","url":"https:\/\/regaloscondulcura.com\/wp-content\/uploads\/2024\/03\/cropped-4X8EJr-LogoMakr-1.png","contentUrl":"https:\/\/regaloscondulcura.com\/wp-content\/uploads\/2024\/03\/cropped-4X8EJr-LogoMakr-1.png","width":512,"height":512,"caption":"regaloscondulcura.com"},"image":{"@id":"https:\/\/regaloscondulcura.com\/#\/schema\/logo\/image\/"}}]}},"_links":{"self":[{"href":"https:\/\/regaloscondulcura.com\/index.php\/wp-json\/wp\/v2\/pages\/477","targetHints":{"allow":["GET"]}}],"collection":[{"href":"https:\/\/regaloscondulcura.com\/index.php\/wp-json\/wp\/v2\/pages"}],"about":[{"href":"https:\/\/regaloscondulcura.com\/index.php\/wp-json\/wp\/v2\/types\/page"}],"author":[{"embeddable":true,"href":"https:\/\/regaloscondulcura.com\/index.php\/wp-json\/wp\/v2\/users\/1"}],"replies":[{"embeddable":true,"href":"https:\/\/regaloscondulcura.com\/index.php\/wp-json\/wp\/v2\/comments?post=477"}],"version-history":[{"count":6,"href":"https:\/\/regaloscondulcura.com\/index.php\/wp-json\/wp\/v2\/pages\/477\/revisions"}],"predecessor-version":[{"id":956,"href":"https:\/\/regaloscondulcura.com\/index.php\/wp-json\/wp\/v2\/pages\/477\/revisions\/956"}],"wp:attachment":[{"href":"https:\/\/regaloscondulcura.com\/index.php\/wp-json\/wp\/v2\/media?parent=477"}],"curies":[{"name":"wp","href":"https:\/\/api.w.org\/{rel}","templated":true}]}}