{"id":679,"date":"2024-03-18T17:55:23","date_gmt":"2024-03-18T16:55:23","guid":{"rendered":"https:\/\/regaloscondulcura.com\/?page_id=679"},"modified":"2024-03-22T09:38:48","modified_gmt":"2024-03-22T08:38:48","slug":"regalos-para-perro","status":"publish","type":"page","link":"https:\/\/regaloscondulcura.com\/index.php\/regalos-para-perro\/","title":{"rendered":"Regalos para perro"},"content":{"rendered":"\n<p>Bienvenido al apasionante mundo canino, donde cada ladrido es una sonrisa y cada cola que se mueve es una muestra de amor incondicional! En este emocionante viaje, descubrir\u00e1s la alegr\u00eda de compartir tu vida con un compa\u00f1ero peludo que te brindar\u00e1 compa\u00f1\u00eda, lealtad y aventuras inolvidables.<\/p>\n\n\n\n<div class=\"wp-block-columns is-layout-flex wp-container-core-columns-is-layout-1 wp-block-columns-is-layout-flex\">\n<div class=\"wp-block-column is-layout-flow wp-block-column-is-layout-flow\">\n<figure class=\"wp-block-image size-full\"><a href=\"https:\/\/amzn.to\/4cj7aIZ\"><img loading=\"lazy\" decoding=\"async\" width=\"522\" height=\"265\" src=\"https:\/\/regaloscondulcura.com\/wp-content\/uploads\/2024\/03\/61KXz9eF7QL._AC_SX522_.jpg\" alt=\"\" class=\"wp-image-728\" srcset=\"https:\/\/regaloscondulcura.com\/wp-content\/uploads\/2024\/03\/61KXz9eF7QL._AC_SX522_.jpg 522w, https:\/\/regaloscondulcura.com\/wp-content\/uploads\/2024\/03\/61KXz9eF7QL._AC_SX522_-300x152.jpg 300w\" sizes=\"auto, (max-width: 522px) 100vw, 522px\" \/><\/a><\/figure>\n\n\n\n<div class=\"wp-block-buttons is-layout-flex wp-block-buttons-is-layout-flex\">\n<div class=\"wp-block-button\"><a class=\"wp-block-button__link wp-element-button\" href=\"https:\/\/amzn.to\/4cj7aIZ\">ver producto<\/a><\/div>\n<\/div>\n<\/div>\n\n\n\n<div class=\"wp-block-column is-layout-flow wp-block-column-is-layout-flow\">\n<figure class=\"wp-block-image size-full\"><a href=\"https:\/\/amzn.to\/3wZ8noV\"><img loading=\"lazy\" decoding=\"async\" width=\"326\" height=\"355\" src=\"https:\/\/regaloscondulcura.com\/wp-content\/uploads\/2024\/03\/71AHHav7W5L._AC_SY355_.jpg\" alt=\"\" class=\"wp-image-681\" srcset=\"https:\/\/regaloscondulcura.com\/wp-content\/uploads\/2024\/03\/71AHHav7W5L._AC_SY355_.jpg 326w, https:\/\/regaloscondulcura.com\/wp-content\/uploads\/2024\/03\/71AHHav7W5L._AC_SY355_-275x300.jpg 275w\" sizes=\"auto, (max-width: 326px) 100vw, 326px\" \/><\/a><\/figure>\n\n\n\n<div class=\"wp-block-buttons is-layout-flex wp-block-buttons-is-layout-flex\">\n<div class=\"wp-block-button\"><a class=\"wp-block-button__link wp-element-button\" href=\"https:\/\/amzn.to\/3wZ8noV\">ver producto<\/a><\/div>\n<\/div>\n<\/div>\n\n\n\n<div class=\"wp-block-column is-layout-flow wp-block-column-is-layout-flow\">\n<figure class=\"wp-block-image size-full\"><a href=\"https:\/\/amzn.to\/492AVuG\"><img loading=\"lazy\" decoding=\"async\" width=\"493\" height=\"355\" src=\"https:\/\/regaloscondulcura.com\/wp-content\/uploads\/2024\/03\/714z4zdbh3L._AC_SY355_PIbundle-2TopRight00_SH20_.jpg\" alt=\"\" class=\"wp-image-682\" srcset=\"https:\/\/regaloscondulcura.com\/wp-content\/uploads\/2024\/03\/714z4zdbh3L._AC_SY355_PIbundle-2TopRight00_SH20_.jpg 493w, https:\/\/regaloscondulcura.com\/wp-content\/uploads\/2024\/03\/714z4zdbh3L._AC_SY355_PIbundle-2TopRight00_SH20_-300x216.jpg 300w\" sizes=\"auto, (max-width: 493px) 100vw, 493px\" \/><\/a><\/figure>\n\n\n\n<div class=\"wp-block-buttons is-layout-flex wp-block-buttons-is-layout-flex\">\n<div class=\"wp-block-button\"><a class=\"wp-block-button__link wp-element-button\" href=\"https:\/\/amzn.to\/492AVuG\">ver producto<\/a><\/div>\n<\/div>\n<\/div>\n<\/div>\n\n\n\n<p>Prep\u00e1rate para experimentar momentos llenos de diversi\u00f3n y complicidad mientras exploras el mundo junto a tu fiel amigo de cuatro patas. Desde paseos animados en el parque hasta acogedoras siestas en el sof\u00e1, cada d\u00eda traer\u00e1 nuevas oportunidades para fortalecer el v\u00ednculo especial que compartir\u00e1n.<\/p>\n\n\n\n<p>Con una mirada tierna y una cola que no deja de moverse, tu nuevo compa\u00f1ero canino te recordar\u00e1 constantemente la belleza de la conexi\u00f3n entre humanos y perros.<\/p>\n\n\n\n<div class=\"wp-block-columns is-layout-flex wp-container-core-columns-is-layout-2 wp-block-columns-is-layout-flex\">\n<div class=\"wp-block-column is-layout-flow wp-block-column-is-layout-flow\">\n<figure class=\"wp-block-image size-full\"><a href=\"https:\/\/amzn.to\/3VsYVEt\"><img loading=\"lazy\" decoding=\"async\" width=\"522\" height=\"527\" src=\"https:\/\/regaloscondulcura.com\/wp-content\/uploads\/2024\/03\/61br3pIiogL._AC_SX522_.jpg\" alt=\"\" class=\"wp-image-685\" srcset=\"https:\/\/regaloscondulcura.com\/wp-content\/uploads\/2024\/03\/61br3pIiogL._AC_SX522_.jpg 522w, https:\/\/regaloscondulcura.com\/wp-content\/uploads\/2024\/03\/61br3pIiogL._AC_SX522_-297x300.jpg 297w, https:\/\/regaloscondulcura.com\/wp-content\/uploads\/2024\/03\/61br3pIiogL._AC_SX522_-150x150.jpg 150w\" sizes=\"auto, (max-width: 522px) 100vw, 522px\" \/><\/a><\/figure>\n\n\n\n<div class=\"wp-block-buttons is-layout-flex wp-block-buttons-is-layout-flex\">\n<div class=\"wp-block-button\"><a class=\"wp-block-button__link wp-element-button\" href=\"https:\/\/amzn.to\/3VsYVEt\">ver producto<\/a><\/div>\n<\/div>\n<\/div>\n\n\n\n<div class=\"wp-block-column is-layout-flow wp-block-column-is-layout-flow\">\n<figure class=\"wp-block-image size-full\"><a href=\"https:\/\/amzn.to\/3PrE1Sl\"><img loading=\"lazy\" decoding=\"async\" width=\"522\" height=\"522\" src=\"https:\/\/regaloscondulcura.com\/wp-content\/uploads\/2024\/03\/81qFBkq4DgL._AC_SX522_.jpg\" alt=\"\" class=\"wp-image-686\" srcset=\"https:\/\/regaloscondulcura.com\/wp-content\/uploads\/2024\/03\/81qFBkq4DgL._AC_SX522_.jpg 522w, https:\/\/regaloscondulcura.com\/wp-content\/uploads\/2024\/03\/81qFBkq4DgL._AC_SX522_-300x300.jpg 300w, https:\/\/regaloscondulcura.com\/wp-content\/uploads\/2024\/03\/81qFBkq4DgL._AC_SX522_-150x150.jpg 150w\" sizes=\"auto, (max-width: 522px) 100vw, 522px\" \/><\/a><\/figure>\n\n\n\n<div class=\"wp-block-buttons is-layout-flex wp-block-buttons-is-layout-flex\">\n<div class=\"wp-block-button\"><a class=\"wp-block-button__link wp-element-button\" href=\"https:\/\/amzn.to\/3PrE1Sl\">ver producto<\/a><\/div>\n<\/div>\n<\/div>\n<\/div>\n\n\n\n<div class=\"wp-block-columns is-layout-flex wp-container-core-columns-is-layout-3 wp-block-columns-is-layout-flex\">\n<div class=\"wp-block-column is-layout-flow wp-block-column-is-layout-flow\" style=\"flex-basis:33.33%\">\n<figure class=\"wp-block-image size-full\"><a href=\"https:\/\/amzn.to\/49849IX\"><img loading=\"lazy\" decoding=\"async\" width=\"522\" height=\"522\" src=\"https:\/\/regaloscondulcura.com\/wp-content\/uploads\/2024\/03\/61hMZRQDKZL._AC_SX522_.jpg\" alt=\"\" class=\"wp-image-804\" srcset=\"https:\/\/regaloscondulcura.com\/wp-content\/uploads\/2024\/03\/61hMZRQDKZL._AC_SX522_.jpg 522w, https:\/\/regaloscondulcura.com\/wp-content\/uploads\/2024\/03\/61hMZRQDKZL._AC_SX522_-300x300.jpg 300w, https:\/\/regaloscondulcura.com\/wp-content\/uploads\/2024\/03\/61hMZRQDKZL._AC_SX522_-150x150.jpg 150w\" sizes=\"auto, (max-width: 522px) 100vw, 522px\" \/><\/a><\/figure>\n\n\n\n<p>Bebedero Perro Portatil con Comedero Perro<\/p>\n\n\n\n<div class=\"wp-block-buttons is-layout-flex wp-block-buttons-is-layout-flex\">\n<div class=\"wp-block-button\"><a class=\"wp-block-button__link wp-element-button\" href=\"https:\/\/amzn.to\/49849IX\">ver producto<\/a><\/div>\n<\/div>\n<\/div>\n\n\n\n<div class=\"wp-block-column is-layout-flow wp-block-column-is-layout-flow\" style=\"flex-basis:66.66%\"><\/div>\n<\/div>\n","protected":false},"excerpt":{"rendered":"<p>Bienvenido al apasionante mundo canino, donde cada ladrido es una sonrisa y cada cola que se mueve es una muestra [&hellip;]<\/p>\n","protected":false},"author":1,"featured_media":0,"parent":0,"menu_order":0,"comment_status":"closed","ping_status":"closed","template":"","meta":{"site-sidebar-layout":"default","site-content-layout":"","ast-site-content-layout":"","site-content-style":"default","site-sidebar-style":"default","ast-global-header-display":"","ast-banner-title-visibility":"","ast-main-header-display":"","ast-hfb-above-header-display":"","ast-hfb-below-header-display":"","ast-hfb-mobile-header-display":"","site-post-title":"","ast-breadcrumbs-content":"","ast-featured-img":"","footer-sml-layout":"","theme-transparent-header-meta":"","adv-header-id-meta":"","stick-header-meta":"","header-above-stick-meta":"","header-main-stick-meta":"","header-below-stick-meta":"","astra-migrate-meta-layouts":"default","ast-page-background-enabled":"default","ast-page-background-meta":{"desktop":{"background-color":"var(--ast-global-color-4)","background-image":"","background-repeat":"repeat","background-position":"center center","background-size":"auto","background-attachment":"scroll","background-type":"","background-media":"","overlay-type":"","overlay-color":"","overlay-gradient":""},"tablet":{"background-color":"","background-image":"","background-repeat":"repeat","background-position":"center center","background-size":"auto","background-attachment":"scroll","background-type":"","background-media":"","overlay-type":"","overlay-color":"","overlay-gradient":""},"mobile":{"background-color":"","background-image":"","background-repeat":"repeat","background-position":"center center","background-size":"auto","background-attachment":"scroll","background-type":"","background-media":"","overlay-type":"","overlay-color":"","overlay-gradient":""}},"ast-content-background-meta":{"desktop":{"background-color":"var(--ast-global-color-5)","background-image":"","background-repeat":"repeat","background-position":"center center","background-size":"auto","background-attachment":"scroll","background-type":"","background-media":"","overlay-type":"","overlay-color":"","overlay-gradient":""},"tablet":{"background-color":"var(--ast-global-color-5)","background-image":"","background-repeat":"repeat","background-position":"center center","background-size":"auto","background-attachment":"scroll","background-type":"","background-media":"","overlay-type":"","overlay-color":"","overlay-gradient":""},"mobile":{"background-color":"var(--ast-global-color-5)","background-image":"","background-repeat":"repeat","background-position":"center center","background-size":"auto","background-attachment":"scroll","background-type":"","background-media":"","overlay-type":"","overlay-color":"","overlay-gradient":""}},"footnotes":""},"class_list":["post-679","page","type-page","status-publish","hentry"],"yoast_head":"<!-- This site is optimized with the Yoast SEO plugin v24.5 - https:\/\/yoast.com\/wordpress\/plugins\/seo\/ -->\n<title>Regalos para perro - regaloscondulcura.com<\/title>\n<meta name=\"description\" content=\"Bienvenido al apasionante mundo canino, donde cada ladrido es una sonrisa encontras los mejores productos para tu mascosta.\" \/>\n<meta name=\"robots\" content=\"index, follow, max-snippet:-1, max-image-preview:large, max-video-preview:-1\" \/>\n<link rel=\"canonical\" href=\"https:\/\/regaloscondulcura.com\/index.php\/regalos-para-perro\/\" \/>\n<meta property=\"og:locale\" content=\"es_ES\" \/>\n<meta property=\"og:type\" content=\"article\" \/>\n<meta property=\"og:title\" content=\"Regalos para perro - regaloscondulcura.com\" \/>\n<meta property=\"og:description\" content=\"Bienvenido al apasionante mundo canino, donde cada ladrido es una sonrisa encontras los mejores productos para tu mascosta.\" \/>\n<meta property=\"og:url\" content=\"https:\/\/regaloscondulcura.com\/index.php\/regalos-para-perro\/\" \/>\n<meta property=\"og:site_name\" content=\"regaloscondulcura.com\" \/>\n<meta property=\"article:modified_time\" content=\"2024-03-22T08:38:48+00:00\" \/>\n<meta property=\"og:image\" content=\"https:\/\/regaloscondulcura.com\/wp-content\/uploads\/2024\/03\/61KXz9eF7QL._AC_SX522_.jpg\" \/>\n<meta name=\"twitter:card\" content=\"summary_large_image\" \/>\n<meta name=\"twitter:label1\" content=\"Tiempo de lectura\" \/>\n\t<meta name=\"twitter:data1\" content=\"2 minutos\" \/>\n<script type=\"application\/ld+json\" class=\"yoast-schema-graph\">{\"@context\":\"https:\/\/schema.org\",\"@graph\":[{\"@type\":\"WebPage\",\"@id\":\"https:\/\/regaloscondulcura.com\/index.php\/regalos-para-perro\/\",\"url\":\"https:\/\/regaloscondulcura.com\/index.php\/regalos-para-perro\/\",\"name\":\"Regalos para perro - regaloscondulcura.com\",\"isPartOf\":{\"@id\":\"https:\/\/regaloscondulcura.com\/#website\"},\"primaryImageOfPage\":{\"@id\":\"https:\/\/regaloscondulcura.com\/index.php\/regalos-para-perro\/#primaryimage\"},\"image\":{\"@id\":\"https:\/\/regaloscondulcura.com\/index.php\/regalos-para-perro\/#primaryimage\"},\"thumbnailUrl\":\"https:\/\/regaloscondulcura.com\/wp-content\/uploads\/2024\/03\/61KXz9eF7QL._AC_SX522_.jpg\",\"datePublished\":\"2024-03-18T16:55:23+00:00\",\"dateModified\":\"2024-03-22T08:38:48+00:00\",\"description\":\"Bienvenido al apasionante mundo canino, donde cada ladrido es una sonrisa encontras los mejores productos para tu mascosta.\",\"breadcrumb\":{\"@id\":\"https:\/\/regaloscondulcura.com\/index.php\/regalos-para-perro\/#breadcrumb\"},\"inLanguage\":\"es\",\"potentialAction\":[{\"@type\":\"ReadAction\",\"target\":[\"https:\/\/regaloscondulcura.com\/index.php\/regalos-para-perro\/\"]}]},{\"@type\":\"ImageObject\",\"inLanguage\":\"es\",\"@id\":\"https:\/\/regaloscondulcura.com\/index.php\/regalos-para-perro\/#primaryimage\",\"url\":\"https:\/\/regaloscondulcura.com\/wp-content\/uploads\/2024\/03\/61KXz9eF7QL._AC_SX522_.jpg\",\"contentUrl\":\"https:\/\/regaloscondulcura.com\/wp-content\/uploads\/2024\/03\/61KXz9eF7QL._AC_SX522_.jpg\",\"width\":522,\"height\":265},{\"@type\":\"BreadcrumbList\",\"@id\":\"https:\/\/regaloscondulcura.com\/index.php\/regalos-para-perro\/#breadcrumb\",\"itemListElement\":[{\"@type\":\"ListItem\",\"position\":1,\"name\":\"Portada\",\"item\":\"https:\/\/regaloscondulcura.com\/\"},{\"@type\":\"ListItem\",\"position\":2,\"name\":\"Regalos para perro\"}]},{\"@type\":\"WebSite\",\"@id\":\"https:\/\/regaloscondulcura.com\/#website\",\"url\":\"https:\/\/regaloscondulcura.com\/\",\"name\":\"regaloscondulcura.com\",\"description\":\"Tienda online\",\"publisher\":{\"@id\":\"https:\/\/regaloscondulcura.com\/#organization\"},\"potentialAction\":[{\"@type\":\"SearchAction\",\"target\":{\"@type\":\"EntryPoint\",\"urlTemplate\":\"https:\/\/regaloscondulcura.com\/?s={search_term_string}\"},\"query-input\":{\"@type\":\"PropertyValueSpecification\",\"valueRequired\":true,\"valueName\":\"search_term_string\"}}],\"inLanguage\":\"es\"},{\"@type\":\"Organization\",\"@id\":\"https:\/\/regaloscondulcura.com\/#organization\",\"name\":\"regaloscondulcura.com\",\"url\":\"https:\/\/regaloscondulcura.com\/\",\"logo\":{\"@type\":\"ImageObject\",\"inLanguage\":\"es\",\"@id\":\"https:\/\/regaloscondulcura.com\/#\/schema\/logo\/image\/\",\"url\":\"https:\/\/regaloscondulcura.com\/wp-content\/uploads\/2024\/03\/cropped-4X8EJr-LogoMakr-1.png\",\"contentUrl\":\"https:\/\/regaloscondulcura.com\/wp-content\/uploads\/2024\/03\/cropped-4X8EJr-LogoMakr-1.png\",\"width\":512,\"height\":512,\"caption\":\"regaloscondulcura.com\"},\"image\":{\"@id\":\"https:\/\/regaloscondulcura.com\/#\/schema\/logo\/image\/\"}}]}<\/script>\n<!-- \/ Yoast SEO plugin. -->","yoast_head_json":{"title":"Regalos para perro - regaloscondulcura.com","description":"Bienvenido al apasionante mundo canino, donde cada ladrido es una sonrisa encontras los mejores productos para tu mascosta.","robots":{"index":"index","follow":"follow","max-snippet":"max-snippet:-1","max-image-preview":"max-image-preview:large","max-video-preview":"max-video-preview:-1"},"canonical":"https:\/\/regaloscondulcura.com\/index.php\/regalos-para-perro\/","og_locale":"es_ES","og_type":"article","og_title":"Regalos para perro - regaloscondulcura.com","og_description":"Bienvenido al apasionante mundo canino, donde cada ladrido es una sonrisa encontras los mejores productos para tu mascosta.","og_url":"https:\/\/regaloscondulcura.com\/index.php\/regalos-para-perro\/","og_site_name":"regaloscondulcura.com","article_modified_time":"2024-03-22T08:38:48+00:00","og_image":[{"url":"https:\/\/regaloscondulcura.com\/wp-content\/uploads\/2024\/03\/61KXz9eF7QL._AC_SX522_.jpg","type":"","width":"","height":""}],"twitter_card":"summary_large_image","twitter_misc":{"Tiempo de lectura":"2 minutos"},"schema":{"@context":"https:\/\/schema.org","@graph":[{"@type":"WebPage","@id":"https:\/\/regaloscondulcura.com\/index.php\/regalos-para-perro\/","url":"https:\/\/regaloscondulcura.com\/index.php\/regalos-para-perro\/","name":"Regalos para perro - regaloscondulcura.com","isPartOf":{"@id":"https:\/\/regaloscondulcura.com\/#website"},"primaryImageOfPage":{"@id":"https:\/\/regaloscondulcura.com\/index.php\/regalos-para-perro\/#primaryimage"},"image":{"@id":"https:\/\/regaloscondulcura.com\/index.php\/regalos-para-perro\/#primaryimage"},"thumbnailUrl":"https:\/\/regaloscondulcura.com\/wp-content\/uploads\/2024\/03\/61KXz9eF7QL._AC_SX522_.jpg","datePublished":"2024-03-18T16:55:23+00:00","dateModified":"2024-03-22T08:38:48+00:00","description":"Bienvenido al apasionante mundo canino, donde cada ladrido es una sonrisa encontras los mejores productos para tu mascosta.","breadcrumb":{"@id":"https:\/\/regaloscondulcura.com\/index.php\/regalos-para-perro\/#breadcrumb"},"inLanguage":"es","potentialAction":[{"@type":"ReadAction","target":["https:\/\/regaloscondulcura.com\/index.php\/regalos-para-perro\/"]}]},{"@type":"ImageObject","inLanguage":"es","@id":"https:\/\/regaloscondulcura.com\/index.php\/regalos-para-perro\/#primaryimage","url":"https:\/\/regaloscondulcura.com\/wp-content\/uploads\/2024\/03\/61KXz9eF7QL._AC_SX522_.jpg","contentUrl":"https:\/\/regaloscondulcura.com\/wp-content\/uploads\/2024\/03\/61KXz9eF7QL._AC_SX522_.jpg","width":522,"height":265},{"@type":"BreadcrumbList","@id":"https:\/\/regaloscondulcura.com\/index.php\/regalos-para-perro\/#breadcrumb","itemListElement":[{"@type":"ListItem","position":1,"name":"Portada","item":"https:\/\/regaloscondulcura.com\/"},{"@type":"ListItem","position":2,"name":"Regalos para perro"}]},{"@type":"WebSite","@id":"https:\/\/regaloscondulcura.com\/#website","url":"https:\/\/regaloscondulcura.com\/","name":"regaloscondulcura.com","description":"Tienda online","publisher":{"@id":"https:\/\/regaloscondulcura.com\/#organization"},"potentialAction":[{"@type":"SearchAction","target":{"@type":"EntryPoint","urlTemplate":"https:\/\/regaloscondulcura.com\/?s={search_term_string}"},"query-input":{"@type":"PropertyValueSpecification","valueRequired":true,"valueName":"search_term_string"}}],"inLanguage":"es"},{"@type":"Organization","@id":"https:\/\/regaloscondulcura.com\/#organization","name":"regaloscondulcura.com","url":"https:\/\/regaloscondulcura.com\/","logo":{"@type":"ImageObject","inLanguage":"es","@id":"https:\/\/regaloscondulcura.com\/#\/schema\/logo\/image\/","url":"https:\/\/regaloscondulcura.com\/wp-content\/uploads\/2024\/03\/cropped-4X8EJr-LogoMakr-1.png","contentUrl":"https:\/\/regaloscondulcura.com\/wp-content\/uploads\/2024\/03\/cropped-4X8EJr-LogoMakr-1.png","width":512,"height":512,"caption":"regaloscondulcura.com"},"image":{"@id":"https:\/\/regaloscondulcura.com\/#\/schema\/logo\/image\/"}}]}},"_links":{"self":[{"href":"https:\/\/regaloscondulcura.com\/index.php\/wp-json\/wp\/v2\/pages\/679","targetHints":{"allow":["GET"]}}],"collection":[{"href":"https:\/\/regaloscondulcura.com\/index.php\/wp-json\/wp\/v2\/pages"}],"about":[{"href":"https:\/\/regaloscondulcura.com\/index.php\/wp-json\/wp\/v2\/types\/page"}],"author":[{"embeddable":true,"href":"https:\/\/regaloscondulcura.com\/index.php\/wp-json\/wp\/v2\/users\/1"}],"replies":[{"embeddable":true,"href":"https:\/\/regaloscondulcura.com\/index.php\/wp-json\/wp\/v2\/comments?post=679"}],"version-history":[{"count":4,"href":"https:\/\/regaloscondulcura.com\/index.php\/wp-json\/wp\/v2\/pages\/679\/revisions"}],"predecessor-version":[{"id":805,"href":"https:\/\/regaloscondulcura.com\/index.php\/wp-json\/wp\/v2\/pages\/679\/revisions\/805"}],"wp:attachment":[{"href":"https:\/\/regaloscondulcura.com\/index.php\/wp-json\/wp\/v2\/media?parent=679"}],"curies":[{"name":"wp","href":"https:\/\/api.w.org\/{rel}","templated":true}]}}